{"id":199362,"date":"2025-12-14T17:54:18","date_gmt":"2025-12-14T17:54:18","guid":{"rendered":"https:\/\/www.otiumhome.fi\/?p=199362"},"modified":"2026-01-14T17:02:30","modified_gmt":"2026-01-14T17:02:30","slug":"tv-tasosetti-5-pcs-valkoinen-tekninen-puu","status":"publish","type":"product","link":"https:\/\/www.otiumhome.fi\/index.php\/tuote\/tv-tasosetti-5-pcs-valkoinen-tekninen-puu\/","title":{"rendered":"TV-tasosetti 5 pcs Valkoinen Tekninen puu"},"content":{"rendered":"<p>T\u00e4m\u00e4 hieno viihdekeskus yhdist\u00e4\u00e4 tyylit ja toimivuuden, ja se on t\u00e4ydellinen lis\u00e4 moderniin asuintilaan. Selke\u00e4t ja tyylikk\u00e4\u00e4t linjat tuovat hienostuneen ilmeen olohuoneisiin, perhehuoneisiin tai kotitoimistoihin. Se on loistava valinta television ja kodin sisustuksen esittelemiseen, ja sen moderni vieh\u00e4tys sopii erinomaisesti erilaisiin sisustustyyleihin.<\/p>\n<ul>\n<li><b>Monitasoinen s\u00e4ilytys:<\/b> T\u00e4ss\u00e4 sarjassa on paljon s\u00e4ilytystilaa: laatikoita, hyllyj\u00e4 ja lokerikkoja, jotka auttavat pit\u00e4m\u00e4\u00e4n elektroniikan, kirjat tai koristeet kunnossa. Liukuvat ovet mahdollistavat joustavan tilanhallinnan, joten voit s\u00e4\u00e4t\u00e4\u00e4 kokoonpanoasi tarpeen mukaan. Suljetut lokerot pit\u00e4v\u00e4t tilan siistin\u00e4 ja j\u00e4rjestyksess\u00e4.<\/li>\n<li><b>Elektroniikan integraatio:<\/b> USB-virralla toimivat osat takaavat t\u00e4m\u00e4n viihdekeskuksen tukevan nykyaikaisia teknologiaratkaisuja. Integroidut pistorasiat ja kaapelikanavat auttavat pit\u00e4m\u00e4\u00e4n johdot j\u00e4rjestyksess\u00e4 ja n\u00e4kym\u00e4tt\u00f6min\u00e4, mik\u00e4 tekee tilasta siistin ja h\u00e4iri\u00f6tt\u00f6m\u00e4n. T\u00e4m\u00e4 ominaisuus parantaa k\u00e4ytt\u00f6kokemusta ja pit\u00e4\u00e4 yhteydet toimivina.<\/li>\n<li><b>Mukavuuden parannukset:<\/b> Pehme\u00e4 selk\u00e4noja ja k\u00e4sinojat takaavat mukavan istumiskokemuksen. Ergonominen muotoilu tekee pitkist\u00e4 katselusessioista helppoja jalan tyyliin. K\u00e4ytt\u00e4j\u00e4yst\u00e4v\u00e4llinen rakenne tarjoaa mukavuutta ilman tyylin uhraamista.<\/li>\n<li><b>Elegantti muotoilu:<\/b> Sen n\u00e4ytt\u00e4v\u00e4 ulkon\u00e4k\u00f6 parantaa mink\u00e4 tahansa huoneen tunnelmaa. Intuitiivinen asettelu tekee siit\u00e4 helposti sopivan monenlaisiin sisustuksiin, ultramodernista loftista perinteisiin. Jokainen osa yhdist\u00e4\u00e4 eleganssia ja k\u00e4yt\u00e4nn\u00f6llisyytt\u00e4.<\/li>\n<li><b>Helppohoitoisuus:<\/b> Huonekalujen puhdistus sujuu helposti: pyyhi pinnat pehme\u00e4ll\u00e4, kuivalla liinalla. V\u00e4lt\u00e4 voimakkaita kemikaaleja, jotta s\u00e4ilyt\u00e4t kauniin pinnan ja kest\u00e4vyyden. T\u00e4ll\u00e4 yksinkertaisella huoltometodilla varmistat, ett\u00e4 huonekalusi pysyv\u00e4t houkuttelevina ja kest\u00e4v\u00e4t pitk\u00e4\u00e4n.<\/li>\n<\/ul>\n<ul>\n<li>V\u00e4ri: Valkoinen<\/li>\n<li>Materiaali: Tekninen puu<\/li>\n<li>Yleiset mitat: 31 x 30 x 60 cm (P x L x K)<\/li>\n<li>Toimitus-:<\/li>\n<li>2 x Sein\u00e4kappi: 31 x 30 x 60 cm (PxLxK)<\/li>\n<li>1 x Sein\u00e4kappi: 60 x 31 x 29,5 cm (PxLxK)<\/li>\n<li>2 x Sein\u00e4kappi: 31 x 30 x 40 cm (PxLxK)<\/li>\n<\/ul>\n","protected":false},"excerpt":{"rendered":"<ul>\n<li>V\u00e4ri: Valkoinen<\/li>\n<li>Materiaali: Tekninen puu<\/li>\n<li>Yleiset mitat: 31 x 30 x 60 cm (P x L x K)<\/li>\n<li>Toimitus-:<\/li>\n<li>2 x Sein\u00e4kappi: 31 x 30 x 60 cm (PxLxK)<\/li>\n<li>1 x Sein\u00e4kappi: 60 x 31 x 29,5 cm (PxLxK)<\/li>\n<li>2 x Sein\u00e4kappi: 31 x 30 x 40 cm (PxLxK)<\/li>\n<\/ul>\n","protected":false},"featured_media":100000199362,"comment_status":"closed","ping_status":"closed","template":"","meta":[],"product_brand":[],"product_cat":[84],"product_tag":[],"class_list":{"0":"post-199362","1":"product","2":"type-product","3":"status-publish","4":"has-post-thumbnail","6":"product_cat-huonekalut","8":"first","9":"instock","10":"taxable","11":"shipping-taxable","12":"purchasable","13":"product-type-simple"},"_links":{"self":[{"href":"https:\/\/www.otiumhome.fi\/index.php\/wp-json\/wp\/v2\/product\/199362","targetHints":{"allow":["GET"]}}],"collection":[{"href":"https:\/\/www.otiumhome.fi\/index.php\/wp-json\/wp\/v2\/product"}],"about":[{"href":"https:\/\/www.otiumhome.fi\/index.php\/wp-json\/wp\/v2\/types\/product"}],"replies":[{"embeddable":true,"href":"https:\/\/www.otiumhome.fi\/index.php\/wp-json\/wp\/v2\/comments?post=199362"}],"wp:featuredmedia":[{"embeddable":true,"href":"https:\/\/www.otiumhome.fi\/index.php\/wp-json\/"}],"wp:attachment":[{"href":"https:\/\/www.otiumhome.fi\/index.php\/wp-json\/wp\/v2\/media?parent=199362"}],"wp:term":[{"taxonomy":"product_brand","embeddable":true,"href":"https:\/\/www.otiumhome.fi\/index.php\/wp-json\/wp\/v2\/product_brand?post=199362"},{"taxonomy":"product_cat","embeddable":true,"href":"https:\/\/www.otiumhome.fi\/index.php\/wp-json\/wp\/v2\/product_cat?post=199362"},{"taxonomy":"product_tag","embeddable":true,"href":"https:\/\/www.otiumhome.fi\/index.php\/wp-json\/wp\/v2\/product_tag?post=199362"}],"curies":[{"name":"wp","href":"https:\/\/api.w.org\/{rel}","templated":true}]}}