{"id":199276,"date":"2025-12-14T17:09:30","date_gmt":"2025-12-14T17:09:30","guid":{"rendered":"https:\/\/www.otiumhome.fi\/?p=199276"},"modified":"2025-12-15T18:41:33","modified_gmt":"2025-12-15T18:41:33","slug":"sangyn-runko-laatikon-kanssa-musta-120-x-200-cm-insinooripuuta","status":"publish","type":"product","link":"https:\/\/www.otiumhome.fi\/index.php\/tuote\/sangyn-runko-laatikon-kanssa-musta-120-x-200-cm-insinooripuuta\/","title":{"rendered":"S\u00e4ngyn runko laatikon kanssa Musta 120 x 200 cm Insin\u00f6\u00f6ripuuta"},"content":{"rendered":"<p>T\u00e4m\u00e4 moderni s\u00e4nkykehys tuo tyylikk\u00e4\u00e4n ja yksinkertaisen ilmeen makuuhuoneeseesi. Rakennettu kest\u00e4v\u00e4st\u00e4 teknisest\u00e4 puusta, sen upea ulkon\u00e4k\u00f6 on sek\u00e4 k\u00e4yt\u00e4nn\u00f6llinen ett\u00e4 kaunis, tuoden raikkautta huoneen ilmeeseen. Puhtaat linjat ja sile\u00e4 pinta tekev\u00e4t siit\u00e4 rauhoittavan lis\u00e4n makuuhuoneeseen, t\u00e4ydellinen valinta yksinkertaisuuden ja tyylin yst\u00e4ville. S\u00e4nky sulautuu saumattomasti erilaisiin sisustustyyleihin ja tarjoaa erinomaisen alustan rauhalliseen uneen.<\/p>\n<ul>\n<li><b>Tekninen puukehys<\/b> T\u00e4ss\u00e4 s\u00e4ngyss\u00e4 on k\u00e4ytetty laadukasta teknist\u00e4 puuta, joka on tunnettu kest\u00e4vyydest\u00e4\u00e4n. T\u00e4m\u00e4 takaa, ett\u00e4 saat pitk\u00e4ik\u00e4isen ja luotettavan kehyksen. Tekninen puu tuo mukavaa tyyli\u00e4 makuuhuoneeseen ja tarjoaa erinomaisen paikan lev\u00e4t\u00e4.<\/li>\n<li><b>Vapaasti seisova lattiamalli<\/b> T\u00e4m\u00e4 s\u00e4nky on vapaasti seisova, joten voit sijoittaa sen haluamallasi tavalla huoneeseen ilman sein\u00e4tukea. Monik\u00e4ytt\u00f6isyys tekee siit\u00e4 k\u00e4yt\u00e4nn\u00f6llisen valinnan, joka sopii mihin tahansa sisustukseen ja tilaan.<\/li>\n<li><b>Kiinte\u00e4 s\u00e4lepohja<\/b> S\u00e4lepohja tukee patjaa kunnolla, jakaa painon tasaisesti ja varmistaa pitk\u00e4n k\u00e4ytt\u00f6i\u00e4n. T\u00e4m\u00e4 rakenne takaa hyv\u00e4n unen ilman, ett\u00e4 s\u00e4ngyn laatu k\u00e4rsii. Se tuo vakautta ja mukavuutta y\u00f6uneen.<\/li>\n<li><b>Piilotettu laatikkos\u00e4ilytys<\/b> S\u00e4nkyyn on lis\u00e4tty piilotettuja laatikoita, jotka tarjoavat huomaamatonta s\u00e4ilytystilaa. N\u00e4m\u00e4 laatikot auttavat pit\u00e4m\u00e4\u00e4n makuuhuoneen siistin\u00e4 ilman, ett\u00e4 ne viev\u00e4t tilaa. Erinomainen valinta sesonkivaatteiden tai harvoin k\u00e4ytett\u00e4vien esineiden s\u00e4ilytt\u00e4miseen.<\/li>\n<li><b>Helppo huolto<\/b> Pid\u00e4 s\u00e4ngyn ulkon\u00e4k\u00f6 siistin\u00e4 pyyhkim\u00e4ll\u00e4 sit\u00e4 kostealla liinalla. T\u00e4m\u00e4 yll\u00e4pit\u00e4\u00e4 s\u00e4ngyn kiiltoa vaivattomasti. Helppo huolto tukee kehyksen k\u00e4yt\u00e4nn\u00f6llist\u00e4 muotoilua, mik\u00e4 tekee siit\u00e4 kest\u00e4v\u00e4n valinnan vaivattomasti.<\/li>\n<\/ul>\n<ul>\n<li>V\u00e4ri: Musta<\/li>\n<li>Materiaali: Insin\u00f6\u00f6ripuuta<\/li>\n<li>Yleiset mitat: 203 x 123 x 100 cm (P x L x K)<\/li>\n<li>Paino: 34,65 kg<\/li>\n<li>Laatikolla<\/li>\n<li>Kehysmateriaali: Tekninen puu<\/li>\n<li>P\u00e4\u00e4tykoko: 123 x 7 x 100 cm (L x S x K)<\/li>\n<li>Sis\u00e4- \/ ulkotiloissa: Vain sis\u00e4k\u00e4ytt\u00f6\u00f6n<\/li>\n<li>Toimitus-:<\/li>\n<li>1 x s\u00e4ngynrunko<\/li>\n<li>1 x s\u00e4ngynp\u00e4\u00e4ty<\/li>\n<li>Kokoonpano vaaditaan: Kyll\u00e4<\/li>\n<li>Kiinnitys sis\u00e4lsi: Kaikki asennustarvikkeet mukana<\/li>\n<\/ul>\n","protected":false},"excerpt":{"rendered":"<ul>\n<li>V\u00e4ri: Musta<\/li>\n<li>Materiaali: Insin\u00f6\u00f6ripuuta<\/li>\n<li>Yleiset mitat: 203 x 123 x 100 cm (P x L x K)<\/li>\n<li>Paino: 34,65 kg<\/li>\n<li>Laatikolla<\/li>\n<li>Kehysmateriaali: Tekninen puu<\/li>\n<li>P\u00e4\u00e4tykoko: 123 x 7 x 100 cm (L x S x K)<\/li>\n<li>Sis\u00e4- \/ ulkotiloissa: Vain sis\u00e4k\u00e4ytt\u00f6\u00f6n<\/li>\n<li>Toimitus-:<\/li>\n<li>1 x s\u00e4ngynrunko<\/li>\n<li>1 x s\u00e4ngynp\u00e4\u00e4ty<\/li>\n<li>Kokoonpano vaaditaan: Kyll\u00e4<\/li>\n<li>Kiinnitys sis\u00e4lsi: Kaikki asennustarvikkeet mukana<\/li>\n<\/ul>\n","protected":false},"featured_media":100000199276,"comment_status":"closed","ping_status":"closed","template":"","meta":[],"product_brand":[],"product_cat":[84,8638],"product_tag":[],"class_list":{"0":"post-199276","1":"product","2":"type-product","3":"status-publish","4":"has-post-thumbnail","6":"product_cat-huonekalut","7":"product_cat-sangyt-sangynrungot","9":"first","10":"instock","11":"taxable","12":"shipping-taxable","13":"purchasable","14":"product-type-simple"},"_links":{"self":[{"href":"https:\/\/www.otiumhome.fi\/index.php\/wp-json\/wp\/v2\/product\/199276","targetHints":{"allow":["GET"]}}],"collection":[{"href":"https:\/\/www.otiumhome.fi\/index.php\/wp-json\/wp\/v2\/product"}],"about":[{"href":"https:\/\/www.otiumhome.fi\/index.php\/wp-json\/wp\/v2\/types\/product"}],"replies":[{"embeddable":true,"href":"https:\/\/www.otiumhome.fi\/index.php\/wp-json\/wp\/v2\/comments?post=199276"}],"wp:featuredmedia":[{"embeddable":true,"href":"https:\/\/www.otiumhome.fi\/index.php\/wp-json\/"}],"wp:attachment":[{"href":"https:\/\/www.otiumhome.fi\/index.php\/wp-json\/wp\/v2\/media?parent=199276"}],"wp:term":[{"taxonomy":"product_brand","embeddable":true,"href":"https:\/\/www.otiumhome.fi\/index.php\/wp-json\/wp\/v2\/product_brand?post=199276"},{"taxonomy":"product_cat","embeddable":true,"href":"https:\/\/www.otiumhome.fi\/index.php\/wp-json\/wp\/v2\/product_cat?post=199276"},{"taxonomy":"product_tag","embeddable":true,"href":"https:\/\/www.otiumhome.fi\/index.php\/wp-json\/wp\/v2\/product_tag?post=199276"}],"curies":[{"name":"wp","href":"https:\/\/api.w.org\/{rel}","templated":true}]}}