{"id":199211,"date":"2025-12-14T16:16:33","date_gmt":"2025-12-14T16:16:33","guid":{"rendered":"https:\/\/www.otiumhome.fi\/?p=199211"},"modified":"2025-12-15T14:59:48","modified_gmt":"2025-12-15T14:59:48","slug":"sangyn-runko-harmaa-sonoma-4ft-small-double-massiivinen-manty","status":"publish","type":"product","link":"https:\/\/www.otiumhome.fi\/index.php\/tuote\/sangyn-runko-harmaa-sonoma-4ft-small-double-massiivinen-manty\/","title":{"rendered":"S\u00e4ngyn runko Harmaa Sonoma 4FT Small Double Massiivinen m\u00e4nty"},"content":{"rendered":"<p>T\u00e4m\u00e4 moderni s\u00e4ngynrunko tuo hienostuneet vibat mihin tahansa makuuhuoneeseen. Siin\u00e4 on siistit linjat ja minimalistinen muotoilu, joten se sopii t\u00e4ydellisesti niille, jotka arvostavat yksinkertaisuutta ja k\u00e4yt\u00e4nn\u00f6llisyytt\u00e4. Loistava kaupunkilaskeissa tai nykyaikaisissa kodeissa, t\u00e4m\u00e4 runko on tehty kest\u00e4v\u00e4st\u00e4 yhdistelm\u00e4st\u00e4 teknist\u00e4 puuta ja t\u00e4ysim\u00e4nnyst\u00e4, tuoden sek\u00e4 esteettisyytt\u00e4 ett\u00e4 kest\u00e4vyytt\u00e4. Tyylik\u00e4s p\u00e4\u00e4tylauta lis\u00e4\u00e4 tukea ja on huoneen keskipiste.<\/p>\n<ul>\n<li><b>Materiaalit:<\/b> S\u00e4ngynrunko koostuu teknisest\u00e4 puusta ja t\u00e4ysim\u00e4nnyst\u00e4, joka tarjoaa hyv\u00e4n yhdistelm\u00e4n edullisuutta ja kest\u00e4vyytt\u00e4. Tekninen puu tekee alustan tukevaksi, kun taas p\u00e4\u00e4tylaudassa on luonnollista tyyli\u00e4. T\u00e4m\u00e4 yhdistelm\u00e4 takaa pitk\u00e4n k\u00e4ytt\u00f6i\u00e4n sek\u00e4 hyv\u00e4n ilmeen.<\/li>\n<li><b>Yhdistetyt osat:<\/b> Paketti sis\u00e4lt\u00e4\u00e4 tukevan s\u00e4lepohjan ja p\u00e4\u00e4tylaudan, jotka on rakennettu kest\u00e4vyytt\u00e4 silm\u00e4ll\u00e4 pit\u00e4en. Vahva s\u00e4lepohja tarjoaa hyv\u00e4\u00e4 tukea, kun taas m\u00e4ntypuinen p\u00e4\u00e4tylauta tuo kevytt\u00e4 charmia. Yhdess\u00e4 n\u00e4m\u00e4 elementit luovat mukavan ja kauniin nukkumisratkaisun, joka toimii mink\u00e4 tahansa patjan kanssa.<\/li>\n<li><b>Helppo puhdistaa:<\/b> S\u00e4ngyn rungon puhtaana pit\u00e4minen on tosi helppoa. Riitt\u00e4\u00e4, ett\u00e4 pyyhkii kostealla liinalla, niin se pysyy siistin\u00e4 eik\u00e4 ker\u00e4\u00e4 p\u00f6ly\u00e4. T\u00e4m\u00e4 ominaisuus varmistaa pitk\u00e4n k\u00e4ytt\u00f6i\u00e4n ja pit\u00e4\u00e4 nukkumatilan esteettisen\u00e4 ja hygienisen\u00e4.<\/li>\n<li><b>Moderni tyyli:<\/b> T\u00e4m\u00e4 s\u00e4ngynrunko ottaa modernin ilmeen, ja sen tyylik\u00e4s ja yksinkertainen muotoilu on helppo yhdist\u00e4\u00e4 erilaiseen sisustukseen. Sen nykyaikainen muoto sopii hyvin sek\u00e4 neutraaleihin ett\u00e4 rohkeisiin vuodevaatesetteihin, tuoden makuuhuoneeseen s\u00e4rmik\u00e4st\u00e4 eleganssia.<\/li>\n<li><b>Huolto ja yll\u00e4pito:<\/b> Pid\u00e4 s\u00e4ngynrunko hyv\u00e4ss\u00e4 kunnossa noudattamalla huolto-ohjeita. S\u00e4\u00e4nn\u00f6llinen pyyhint\u00e4 kostealla liinalla auttaa s\u00e4ilytt\u00e4m\u00e4\u00e4n sen ulkon\u00e4\u00f6n ja pident\u00e4\u00e4 puun kest\u00e4vyytt\u00e4, jolloin siit\u00e4 tulee ajaton osa kotiasi.<\/li>\n<\/ul>\n<ul>\n<li>V\u00e4ri: Harmaa sonoma<\/li>\n<li>Materiaali: Massiivinen m\u00e4nty<\/li>\n<li>Kehysmateriaali: Puu<\/li>\n<li>Yleiset mitat: 123 x 200 x 100 cm (P x L x K)<\/li>\n<li>Patjan koko: Lyhyt pieni kahden hengen s\u00e4nky (120 cm x 190 cm \/ 47&#8243; x 75&#8243;)<\/li>\n<li>Enimm\u00e4ispaino: 200 kg<\/li>\n<li>Enimm\u00e4ism\u00e4\u00e4r\u00e4 ihmisi\u00e4: 2<\/li>\n<li>S\u00e4ilytystila<\/li>\n<li>Helppo puhdistaa<\/li>\n<li>Kokoonpano vaaditaan: Kyll\u00e4<\/li>\n<li>Toimitus-:<\/li>\n<li>1 x s\u00e4ngynrunko<\/li>\n<li>1 x s\u00e4ngynp\u00e4\u00e4ty<\/li>\n<\/ul>\n","protected":false},"excerpt":{"rendered":"<ul>\n<li>V\u00e4ri: Harmaa sonoma<\/li>\n<li>Materiaali: Massiivinen m\u00e4nty<\/li>\n<li>Kehysmateriaali: Puu<\/li>\n<li>Yleiset mitat: 123 x 200 x 100 cm (P x L x K)<\/li>\n<li>Patjan koko: Lyhyt pieni kahden hengen s\u00e4nky (120 cm x 190 cm \/ 47&#8243; x 75&#8243;)<\/li>\n<li>Enimm\u00e4ispaino: 200 kg<\/li>\n<li>Enimm\u00e4ism\u00e4\u00e4r\u00e4 ihmisi\u00e4: 2<\/li>\n<li>S\u00e4ilytystila<\/li>\n<li>Helppo puhdistaa<\/li>\n<li>Kokoonpano vaaditaan: Kyll\u00e4<\/li>\n<li>Toimitus-:<\/li>\n<li>1 x s\u00e4ngynrunko<\/li>\n<li>1 x s\u00e4ngynp\u00e4\u00e4ty<\/li>\n<\/ul>\n","protected":false},"featured_media":100000199211,"comment_status":"closed","ping_status":"closed","template":"","meta":[],"product_brand":[],"product_cat":[84,8638],"product_tag":[],"class_list":{"0":"post-199211","1":"product","2":"type-product","3":"status-publish","4":"has-post-thumbnail","6":"product_cat-huonekalut","7":"product_cat-sangyt-sangynrungot","9":"first","10":"instock","11":"taxable","12":"shipping-taxable","13":"purchasable","14":"product-type-simple"},"_links":{"self":[{"href":"https:\/\/www.otiumhome.fi\/index.php\/wp-json\/wp\/v2\/product\/199211","targetHints":{"allow":["GET"]}}],"collection":[{"href":"https:\/\/www.otiumhome.fi\/index.php\/wp-json\/wp\/v2\/product"}],"about":[{"href":"https:\/\/www.otiumhome.fi\/index.php\/wp-json\/wp\/v2\/types\/product"}],"replies":[{"embeddable":true,"href":"https:\/\/www.otiumhome.fi\/index.php\/wp-json\/wp\/v2\/comments?post=199211"}],"wp:featuredmedia":[{"embeddable":true,"href":"https:\/\/www.otiumhome.fi\/index.php\/wp-json\/"}],"wp:attachment":[{"href":"https:\/\/www.otiumhome.fi\/index.php\/wp-json\/wp\/v2\/media?parent=199211"}],"wp:term":[{"taxonomy":"product_brand","embeddable":true,"href":"https:\/\/www.otiumhome.fi\/index.php\/wp-json\/wp\/v2\/product_brand?post=199211"},{"taxonomy":"product_cat","embeddable":true,"href":"https:\/\/www.otiumhome.fi\/index.php\/wp-json\/wp\/v2\/product_cat?post=199211"},{"taxonomy":"product_tag","embeddable":true,"href":"https:\/\/www.otiumhome.fi\/index.php\/wp-json\/wp\/v2\/product_tag?post=199211"}],"curies":[{"name":"wp","href":"https:\/\/api.w.org\/{rel}","templated":true}]}}