{"id":199062,"date":"2025-12-14T14:39:27","date_gmt":"2025-12-14T14:39:27","guid":{"rendered":"https:\/\/www.otiumhome.fi\/?p=199062"},"modified":"2025-12-22T03:59:46","modified_gmt":"2025-12-22T03:59:46","slug":"sangyn-runko-paatylla-vanha-puu-200-x-200-cm-tekninen-puu","status":"publish","type":"product","link":"https:\/\/www.otiumhome.fi\/index.php\/tuote\/sangyn-runko-paatylla-vanha-puu-200-x-200-cm-tekninen-puu\/","title":{"rendered":"S\u00e4ngyn runko p\u00e4\u00e4tyll\u00e4 Vanha puu 200 x 200 cm Tekninen puu"},"content":{"rendered":"<p>T\u00e4m\u00e4 s\u00e4ngynrunko on tunnettu modernista designistaan, joka tuo eleganttia tyyli\u00e4 makuuhuoneeseen. Siin\u00e4 on puhtaat linjat ja v\u00e4h\u00e4n koristeita, mik\u00e4 auttaa sit\u00e4 sulautumaan moniin sisustustyyleihin. Kest\u00e4v\u00e4, teknisest\u00e4 puusta tehty runko takaa luotettavan tuen rentoutumiseen. Erinomainen valinta, jos etsii k\u00e4yt\u00e4nn\u00f6llist\u00e4 ja tyylik\u00e4st\u00e4 keskipistett\u00e4, miss\u00e4 yksinkertaisuus kohtaa k\u00e4yt\u00e4nn\u00f6llisyyden.<\/p>\n<ul>\n<li><b>Tekninen puurunko:<\/b> T\u00e4m\u00e4 s\u00e4ngynrunko on valmistettu laadukkaasta teknisest\u00e4 puusta ja tarjoaa luotettavaa tukea ilman, ett\u00e4 tyylist\u00e4 tingit\u00e4\u00e4n. Materiaali takaa pitk\u00e4kestoisen keston, luoden vakaan pohjan rauhalliseen uneen.<\/li>\n<li><b>Osat P\u00e4\u00e4ty:<\/b> Runkoa t\u00e4ydent\u00e4\u00e4 teknisest\u00e4 puusta valmistettu p\u00e4\u00e4ty, joka parantaa estetikkaa ja tarjoaa mukavaa tukea istuessa. Muotoilu tuo ripauksen tyyli\u00e4 moderniin makumaailmaan.<\/li>\n<li><b>Kiinte\u00e4 s\u00e4lepohja:<\/b> T\u00e4m\u00e4 s\u00e4nky sis\u00e4lt\u00e4\u00e4 kiinte\u00e4n s\u00e4lepohjan, joka tarjoaa jykev\u00e4n ja tukevan nukkumissisustuksen. J\u00e4ykkyys takaa rakenteen kest\u00e4v\u00e4n ja kustannustehokkuuden.<\/li>\n<li><b>Nykyaikainen tyyli:<\/b> Muotoilun yksinkertaisuus ja toimivuus korostaa puhtaita linjoja, jotka luovat tyylikk\u00e4\u00e4n ymp\u00e4rist\u00f6n. T\u00e4m\u00e4 tyyli sopii t\u00e4ydellisesti minimalistisiin tiloihin, joissa kauneus ja k\u00e4yt\u00e4nn\u00f6llisyys ovat t\u00e4rkeit\u00e4.<\/li>\n<li><b>Vaivaton huolto:<\/b> Huolto on helppoa, koska s\u00e4ngynrunko voidaan pyyhki\u00e4 kostealla liinalla, joka s\u00e4ilytt\u00e4\u00e4 sen alkuper\u00e4isen ulkon\u00e4\u00f6n.<\/li>\n<\/ul>\n<ul>\n<li>V\u00e4ri: Vanha puu<\/li>\n<li>Materiaali: Tekninen puu<\/li>\n<li>Kehysmateriaali: Tekninen puu<\/li>\n<li>Yleiset mitat: 210 x 203 x 90 cm (P x L x K)<\/li>\n<li>Patjan koko: Emperor (200 cm x 200 cm \/ 79&#8243; x 79&#8243;)<\/li>\n<li>Enimm\u00e4ispaino: 200 kg<\/li>\n<li>Onko slated kehys: Kyll\u00e4<\/li>\n<li>Enimm\u00e4ism\u00e4\u00e4r\u00e4 ihmisi\u00e4: 2<\/li>\n<li>Kest\u00e4v\u00e4<\/li>\n<li>Helppo puhdistaa<\/li>\n<li>Kokoonpano vaaditaan: Kyll\u00e4<\/li>\n<li>Toimitus-:<\/li>\n<li>1 x s\u00e4ngynrunko<\/li>\n<li>1 x s\u00e4ngynp\u00e4\u00e4ty<\/li>\n<\/ul>\n","protected":false},"excerpt":{"rendered":"<ul>\n<li>V\u00e4ri: Vanha puu<\/li>\n<li>Materiaali: Tekninen puu<\/li>\n<li>Kehysmateriaali: Tekninen puu<\/li>\n<li>Yleiset mitat: 210 x 203 x 90 cm (P x L x K)<\/li>\n<li>Patjan koko: Emperor (200 cm x 200 cm \/ 79&#8243; x 79&#8243;)<\/li>\n<li>Enimm\u00e4ispaino: 200 kg<\/li>\n<li>Onko slated kehys: Kyll\u00e4<\/li>\n<li>Enimm\u00e4ism\u00e4\u00e4r\u00e4 ihmisi\u00e4: 2<\/li>\n<li>Kest\u00e4v\u00e4<\/li>\n<li>Helppo puhdistaa<\/li>\n<li>Kokoonpano vaaditaan: Kyll\u00e4<\/li>\n<li>Toimitus-:<\/li>\n<li>1 x s\u00e4ngynrunko<\/li>\n<li>1 x s\u00e4ngynp\u00e4\u00e4ty<\/li>\n<\/ul>\n","protected":false},"featured_media":100000199062,"comment_status":"closed","ping_status":"closed","template":"","meta":[],"product_brand":[],"product_cat":[84,8638],"product_tag":[],"class_list":{"0":"post-199062","1":"product","2":"type-product","3":"status-publish","4":"has-post-thumbnail","6":"product_cat-huonekalut","7":"product_cat-sangyt-sangynrungot","9":"first","10":"instock","11":"taxable","12":"shipping-taxable","13":"purchasable","14":"product-type-simple"},"_links":{"self":[{"href":"https:\/\/www.otiumhome.fi\/index.php\/wp-json\/wp\/v2\/product\/199062","targetHints":{"allow":["GET"]}}],"collection":[{"href":"https:\/\/www.otiumhome.fi\/index.php\/wp-json\/wp\/v2\/product"}],"about":[{"href":"https:\/\/www.otiumhome.fi\/index.php\/wp-json\/wp\/v2\/types\/product"}],"replies":[{"embeddable":true,"href":"https:\/\/www.otiumhome.fi\/index.php\/wp-json\/wp\/v2\/comments?post=199062"}],"wp:featuredmedia":[{"embeddable":true,"href":"https:\/\/www.otiumhome.fi\/index.php\/wp-json\/"}],"wp:attachment":[{"href":"https:\/\/www.otiumhome.fi\/index.php\/wp-json\/wp\/v2\/media?parent=199062"}],"wp:term":[{"taxonomy":"product_brand","embeddable":true,"href":"https:\/\/www.otiumhome.fi\/index.php\/wp-json\/wp\/v2\/product_brand?post=199062"},{"taxonomy":"product_cat","embeddable":true,"href":"https:\/\/www.otiumhome.fi\/index.php\/wp-json\/wp\/v2\/product_cat?post=199062"},{"taxonomy":"product_tag","embeddable":true,"href":"https:\/\/www.otiumhome.fi\/index.php\/wp-json\/wp\/v2\/product_tag?post=199062"}],"curies":[{"name":"wp","href":"https:\/\/api.w.org\/{rel}","templated":true}]}}