{"id":199016,"date":"2025-12-14T14:29:27","date_gmt":"2025-12-14T14:29:27","guid":{"rendered":"https:\/\/www.otiumhome.fi\/?p=199016"},"modified":"2025-12-22T00:38:36","modified_gmt":"2025-12-22T00:38:36","slug":"sailytystilallinen-sangynrunko-artisan-tammi-80-cm-tekninen-puu","status":"publish","type":"product","link":"https:\/\/www.otiumhome.fi\/index.php\/tuote\/sailytystilallinen-sangynrunko-artisan-tammi-80-cm-tekninen-puu\/","title":{"rendered":"S\u00e4ilytystilallinen s\u00e4ngynrunko Artisan tammi 80 cm Tekninen puu"},"content":{"rendered":"<p>T\u00e4m\u00e4 moderni s\u00e4ilytyss\u00e4nky yhdist\u00e4\u00e4 tyylin ja k\u00e4yt\u00e4nn\u00f6llisyyden, ja se on t\u00e4ydellinen vaihtoehto tiloihin, jotka kaipaavat nykyaikaista eleganssia ja k\u00e4yt\u00e4nn\u00f6n s\u00e4ilytysratkaisuja. Minimalistinen muotoilu ja puhtaat linjat tekev\u00e4t t\u00e4st\u00e4 s\u00e4ngyst\u00e4 makuuhuoneen keskipisteen, joka tarjoaa t\u00e4rkeit\u00e4 s\u00e4ilytysratkaisuja, mik\u00e4 tekee siit\u00e4 loistavan valinnan siistiin ja tyylikk\u00e4\u00e4seen elinymp\u00e4rist\u00f6\u00f6n.<\/p>\n<ul>\n<li><b>Sofistikoidut materiaalit<\/b> S\u00e4ngynrunko on valmistettu t\u00e4ysm\u00e4nnyst\u00e4 ja teknisest\u00e4 puusta, joten se on kest\u00e4v\u00e4 ja tyylik\u00e4s.<\/li>\n<li><b>Tehokkaat s\u00e4ilytysratkaisut<\/b> Paneelovet ja laatikot maksimoivat s\u00e4ilytystilan s\u00e4ilytt\u00e4en samalla tyylin. Nahkavetimet tarjoavat l\u00e4mpim\u00e4n tuntuman ja helpottavat k\u00e4ytt\u00f6\u00e4.<\/li>\n<li><b>Moderni esteettisyys<\/b> S\u00e4nky esittelee nykyaikaisen suorakulmaisen muodon ja minimalistisen tyylin, joka sopii mainiosti mihin tahansa makuuhuoneeseen ilman turhia yksityiskohtia.<\/li>\n<li><b>Toiminnallinen muotoilu<\/b> Suunniteltu k\u00e4ytett\u00e4v\u00e4ksi sis\u00e4tiloissa, t\u00e4m\u00e4 s\u00e4nky ei tarvitse laatikkospringi\u00e4, mik\u00e4 tekee siit\u00e4 tukevan ja k\u00e4yt\u00e4nn\u00f6llisen valinnan.<\/li>\n<li><b>Huolto ja hoito<\/b> S\u00e4ngynhoito on helppoa. Pyyhi kostealla liinalla, niin s\u00e4nky pysyy aina siistin\u00e4 ja kunnossa.<\/li>\n<\/ul>\n<ul>\n<li>V\u00e4ri: Artisan tammi<\/li>\n<li>Materiaali: Tekninen puu<\/li>\n<li>Yleiset mitat: 236,5 x 80 x 31,5 cm (P x L x K)<\/li>\n<li>Patjan koko: Pieni yhden hengen s\u00e4nky (80 cm x 200 cm \/ 31&#8243; x 79&#8243;)<\/li>\n<li>Enimm\u00e4ispaino: 100 kg<\/li>\n<li>Enimm\u00e4ism\u00e4\u00e4r\u00e4 ihmisi\u00e4: 1<\/li>\n<li>Kest\u00e4v\u00e4<\/li>\n<li>Yhteensopiva patjan koko: 200 x 80 cm (L x P)<\/li>\n<li>S\u00e4ngyn korkeus: 31.5 cm<\/li>\n<li>2 laatikoilla<\/li>\n<li>Kokoonpano vaaditaan: Kyll\u00e4<\/li>\n<li>Toimitus-:<\/li>\n<li>1 x S\u00e4ngyn runko<\/li>\n<li>jossa on s\u00e4ilytystila<\/li>\n<\/ul>\n","protected":false},"excerpt":{"rendered":"<ul>\n<li>V\u00e4ri: Artisan tammi<\/li>\n<li>Materiaali: Tekninen puu<\/li>\n<li>Yleiset mitat: 236,5 x 80 x 31,5 cm (P x L x K)<\/li>\n<li>Patjan koko: Pieni yhden hengen s\u00e4nky (80 cm x 200 cm \/ 31&#8243; x 79&#8243;)<\/li>\n<li>Enimm\u00e4ispaino: 100 kg<\/li>\n<li>Enimm\u00e4ism\u00e4\u00e4r\u00e4 ihmisi\u00e4: 1<\/li>\n<li>Kest\u00e4v\u00e4<\/li>\n<li>Yhteensopiva patjan koko: 200 x 80 cm (L x P)<\/li>\n<li>S\u00e4ngyn korkeus: 31.5 cm<\/li>\n<li>2 laatikoilla<\/li>\n<li>Kokoonpano vaaditaan: Kyll\u00e4<\/li>\n<li>Toimitus-:<\/li>\n<li>1 x S\u00e4ngyn runko<\/li>\n<li>jossa on s\u00e4ilytystila<\/li>\n<\/ul>\n","protected":false},"featured_media":100000199016,"comment_status":"closed","ping_status":"closed","template":"","meta":[],"product_brand":[],"product_cat":[84,8638],"product_tag":[],"class_list":{"0":"post-199016","1":"product","2":"type-product","3":"status-publish","4":"has-post-thumbnail","6":"product_cat-huonekalut","7":"product_cat-sangyt-sangynrungot","9":"first","10":"instock","11":"taxable","12":"shipping-taxable","13":"purchasable","14":"product-type-simple"},"_links":{"self":[{"href":"https:\/\/www.otiumhome.fi\/index.php\/wp-json\/wp\/v2\/product\/199016","targetHints":{"allow":["GET"]}}],"collection":[{"href":"https:\/\/www.otiumhome.fi\/index.php\/wp-json\/wp\/v2\/product"}],"about":[{"href":"https:\/\/www.otiumhome.fi\/index.php\/wp-json\/wp\/v2\/types\/product"}],"replies":[{"embeddable":true,"href":"https:\/\/www.otiumhome.fi\/index.php\/wp-json\/wp\/v2\/comments?post=199016"}],"wp:featuredmedia":[{"embeddable":true,"href":"https:\/\/www.otiumhome.fi\/index.php\/wp-json\/"}],"wp:attachment":[{"href":"https:\/\/www.otiumhome.fi\/index.php\/wp-json\/wp\/v2\/media?parent=199016"}],"wp:term":[{"taxonomy":"product_brand","embeddable":true,"href":"https:\/\/www.otiumhome.fi\/index.php\/wp-json\/wp\/v2\/product_brand?post=199016"},{"taxonomy":"product_cat","embeddable":true,"href":"https:\/\/www.otiumhome.fi\/index.php\/wp-json\/wp\/v2\/product_cat?post=199016"},{"taxonomy":"product_tag","embeddable":true,"href":"https:\/\/www.otiumhome.fi\/index.php\/wp-json\/wp\/v2\/product_tag?post=199016"}],"curies":[{"name":"wp","href":"https:\/\/api.w.org\/{rel}","templated":true}]}}