{"id":198974,"date":"2025-12-14T11:47:35","date_gmt":"2025-12-14T11:47:35","guid":{"rendered":"https:\/\/www.otiumhome.fi\/?p=198974"},"modified":"2025-12-15T12:14:35","modified_gmt":"2025-12-15T12:14:35","slug":"sangynrunko-harmaa-metalli-180x200-cm","status":"publish","type":"product","link":"https:\/\/www.otiumhome.fi\/index.php\/tuote\/sangynrunko-harmaa-metalli-180x200-cm\/","title":{"rendered":"S\u00e4ngynrunko harmaa metalli 180&#215;200 cm"},"content":{"rendered":"<p>Nauti hyvist\u00e4 y\u00f6unista t\u00e4m\u00e4n mukavan s\u00e4ngynrungon avulla!<\/p>\n<\/p>\n<p>Jauhemaalatusta metallista valmistettu rakenne tekev\u00e4t paris\u00e4ngyst\u00e4 eritt\u00e4in tukevan ja kest\u00e4v\u00e4n. Tukevat s\u00e4leet tarjoavat tarvittavan tuen ja mukavuuden. Voit nauttia t\u00e4ss\u00e4 s\u00e4ngyss\u00e4 maittavista y\u00f6unista joka ikinen y\u00f6!<\/p>\n<\/p>\n<p>Otathan huomioon: Toimituksessa on vain s\u00e4ngynrunko. Patja ei tule mukana. Voit l\u00f6yt\u00e4\u00e4 kaupastamme my\u00f6s yhteensopivia patjoja.<\/p>\n<ul>\n<li>V\u00e4ri: harmaa<\/li>\n<li>Materiaali: jauhemaalattu metalli<\/li>\n<li>Mitat: 208 x 186 x 97,5 cm (P x L x K)<\/li>\n<li>Sopiva patjan koko: 180 x 200 cm (L x P) (patja ei mukana)<\/li>\n<li>Asennus vaaditaan: kyll\u00e4<\/li>\n<\/ul>\n","protected":false},"excerpt":{"rendered":"<ul>\n<li>V\u00e4ri: harmaa<\/li>\n<li>Materiaali: jauhemaalattu metalli<\/li>\n<li>Mitat: 208 x 186 x 97,5 cm (P x L x K)<\/li>\n<li>Sopiva patjan koko: 180 x 200 cm (L x P) (patja ei mukana)<\/li>\n<li>Asennus vaaditaan: kyll\u00e4<\/li>\n<\/ul>\n","protected":false},"featured_media":100000198974,"comment_status":"closed","ping_status":"closed","template":"","meta":[],"product_brand":[],"product_cat":[84,8638],"product_tag":[],"class_list":{"0":"post-198974","1":"product","2":"type-product","3":"status-publish","4":"has-post-thumbnail","6":"product_cat-huonekalut","7":"product_cat-sangyt-sangynrungot","9":"first","10":"instock","11":"taxable","12":"shipping-taxable","13":"purchasable","14":"product-type-simple"},"_links":{"self":[{"href":"https:\/\/www.otiumhome.fi\/index.php\/wp-json\/wp\/v2\/product\/198974","targetHints":{"allow":["GET"]}}],"collection":[{"href":"https:\/\/www.otiumhome.fi\/index.php\/wp-json\/wp\/v2\/product"}],"about":[{"href":"https:\/\/www.otiumhome.fi\/index.php\/wp-json\/wp\/v2\/types\/product"}],"replies":[{"embeddable":true,"href":"https:\/\/www.otiumhome.fi\/index.php\/wp-json\/wp\/v2\/comments?post=198974"}],"wp:featuredmedia":[{"embeddable":true,"href":"https:\/\/www.otiumhome.fi\/index.php\/wp-json\/"}],"wp:attachment":[{"href":"https:\/\/www.otiumhome.fi\/index.php\/wp-json\/wp\/v2\/media?parent=198974"}],"wp:term":[{"taxonomy":"product_brand","embeddable":true,"href":"https:\/\/www.otiumhome.fi\/index.php\/wp-json\/wp\/v2\/product_brand?post=198974"},{"taxonomy":"product_cat","embeddable":true,"href":"https:\/\/www.otiumhome.fi\/index.php\/wp-json\/wp\/v2\/product_cat?post=198974"},{"taxonomy":"product_tag","embeddable":true,"href":"https:\/\/www.otiumhome.fi\/index.php\/wp-json\/wp\/v2\/product_tag?post=198974"}],"curies":[{"name":"wp","href":"https:\/\/api.w.org\/{rel}","templated":true}]}}