{"id":198868,"date":"2025-12-14T09:59:25","date_gmt":"2025-12-14T09:59:25","guid":{"rendered":"https:\/\/www.otiumhome.fi\/?p=198868"},"modified":"2025-12-15T21:44:41","modified_gmt":"2025-12-15T21:44:41","slug":"sangynpaaty-valkoinen-186x4x100-cm-taysi-manty","status":"publish","type":"product","link":"https:\/\/www.otiumhome.fi\/index.php\/tuote\/sangynpaaty-valkoinen-186x4x100-cm-taysi-manty\/","title":{"rendered":"S\u00e4ngynp\u00e4\u00e4ty valkoinen 186x4x100 cm t\u00e4ysi m\u00e4nty"},"content":{"rendered":"<p>Tyylikk\u00e4\u00e4ll\u00e4 muotoilullaan t\u00e4m\u00e4 klassinen, puinen s\u00e4ngyn p\u00e4\u00e4tylevy antaa s\u00e4ngynrungollesi t\u00e4ydellisen ilmeen ja sopii mihin tahansa makuuhuoneeseen.<\/p>\n<\/p>\n<ul>\n<li>Ensiluokkainen materiaali: T\u00e4ysi m\u00e4nty on kaunis luonnollinen materiaali. M\u00e4nnyll\u00e4 on suorat puunsyyt, sen oksanpaikat antavat materiaalille sen ominaisen, rustiikkisen ilmeen.<\/li>\n<li>Maalaischarmi: S\u00e4ngynp\u00e4\u00e4ty antaa tiloillesi rustiikkisia pohjas\u00e4vyj\u00e4, jotka voivat olla todella rentouttavia. Puisen s\u00e4ngynp\u00e4\u00e4dyn rauhoittava vaikutus muuttaa mink\u00e4 tahansa makuuhuoneen, tai vierashuoneen rauhoittavaksi paikaksi ja lis\u00e4\u00e4 samalla huoneeseen luonnollisen elementin.<\/li>\n<li>Mukava tuki: T\u00e4m\u00e4 s\u00e4ngynp\u00e4\u00e4ty tarjoaa erinomaisen selk\u00e4tuen, kun istut s\u00e4ngyll\u00e4 lukemassa kirjaa tai katselet elokuvaa.<\/li>\n<\/ul>\n<p>Hyv\u00e4 tiet\u00e4\u00e4:<\/p>\n<ul>\n<li>T\u00e4m\u00e4 s\u00e4ngynp\u00e4\u00e4ty on suunniteltu k\u00e4ytett\u00e4v\u00e4ksi yksinomaan erityisten s\u00e4ngynrunkojemme kanssa, eik\u00e4 se ole yhteensopiva muiden s\u00e4ngynrunkojen kanssa.<\/li>\n<\/ul>\n<ul>\n<li>V\u00e4ri: valkoinen<\/li>\n<li>Materiaali: t\u00e4ysi m\u00e4nty<\/li>\n<li>Mitat: 186 x 4 x 100 cm (L x S x K)<\/li>\n<li>Asennus vaaditaan: kyll\u00e4<\/li>\n<\/ul>\n","protected":false},"excerpt":{"rendered":"<ul>\n<li>V\u00e4ri: valkoinen<\/li>\n<li>Materiaali: t\u00e4ysi m\u00e4nty<\/li>\n<li>Mitat: 186 x 4 x 100 cm (L x S x K)<\/li>\n<li>Asennus vaaditaan: kyll\u00e4<\/li>\n<\/ul>\n","protected":false},"featured_media":100000198868,"comment_status":"closed","ping_status":"closed","template":"","meta":[],"product_brand":[],"product_cat":[84,8636],"product_tag":[],"class_list":{"0":"post-198868","1":"product","2":"type-product","3":"status-publish","4":"has-post-thumbnail","6":"product_cat-huonekalut","7":"product_cat-sangynpaadyt","9":"first","10":"outofstock","11":"taxable","12":"shipping-taxable","13":"purchasable","14":"product-type-simple"},"_links":{"self":[{"href":"https:\/\/www.otiumhome.fi\/index.php\/wp-json\/wp\/v2\/product\/198868","targetHints":{"allow":["GET"]}}],"collection":[{"href":"https:\/\/www.otiumhome.fi\/index.php\/wp-json\/wp\/v2\/product"}],"about":[{"href":"https:\/\/www.otiumhome.fi\/index.php\/wp-json\/wp\/v2\/types\/product"}],"replies":[{"embeddable":true,"href":"https:\/\/www.otiumhome.fi\/index.php\/wp-json\/wp\/v2\/comments?post=198868"}],"wp:featuredmedia":[{"embeddable":true,"href":"https:\/\/www.otiumhome.fi\/index.php\/wp-json\/"}],"wp:attachment":[{"href":"https:\/\/www.otiumhome.fi\/index.php\/wp-json\/wp\/v2\/media?parent=198868"}],"wp:term":[{"taxonomy":"product_brand","embeddable":true,"href":"https:\/\/www.otiumhome.fi\/index.php\/wp-json\/wp\/v2\/product_brand?post=198868"},{"taxonomy":"product_cat","embeddable":true,"href":"https:\/\/www.otiumhome.fi\/index.php\/wp-json\/wp\/v2\/product_cat?post=198868"},{"taxonomy":"product_tag","embeddable":true,"href":"https:\/\/www.otiumhome.fi\/index.php\/wp-json\/wp\/v2\/product_tag?post=198868"}],"curies":[{"name":"wp","href":"https:\/\/api.w.org\/{rel}","templated":true}]}}