{"id":198794,"date":"2025-12-14T08:08:30","date_gmt":"2025-12-14T08:08:30","guid":{"rendered":"https:\/\/www.otiumhome.fi\/?p=198794"},"modified":"2026-01-06T20:44:47","modified_gmt":"2026-01-06T20:44:47","slug":"penkki-luonnollinen-160-x-35-x-45-cm-kiintea-mango-puu","status":"publish","type":"product","link":"https:\/\/www.otiumhome.fi\/index.php\/tuote\/penkki-luonnollinen-160-x-35-x-45-cm-kiintea-mango-puu\/","title":{"rendered":"Penkki Luonnollinen 160 x 35 x 45 cm Kiinte\u00e4 mango puu"},"content":{"rendered":"<p>T\u00e4\u00e4 moderni ulkopenkki tuo uudenlaista yksinkertaisuutta ja toiminnallisuutta. Se on t\u00e4ydellinen yhdistelm\u00e4 tyyli\u00e4 ja k\u00e4yt\u00e4nn\u00f6llisyytt\u00e4. T\u00e4m\u00e4 penkki sopii sek\u00e4 tyylitietoisille ett\u00e4 k\u00e4yt\u00e4nn\u00f6n k\u00e4ytt\u00e4jille tuoden elegantin ilmeen sek\u00e4 sis\u00e4- ett\u00e4 ulkotiloihin, erityisesti nykyaikaisiin koteihin. Sen suorakaiteen muotoinen siluetti ja pelkistetty tyyli sopeutuvat vaivattomasti mihin tahansa sisustukseen, tarjoten hienostuneen ja huomaamattoman istuinratkaisun.<\/p>\n<ul>\n<li><b>T\u00e4ysi mangopuu:<\/b> Penkki on valmistettu puhtaista mangopuisista, joiden syykuviot ja kest\u00e4vyys on tunnettu. Materiaali tuo l\u00e4mpim\u00e4n luonnollisen s\u00e4vyn, jonka ansiosta se on miellytt\u00e4v\u00e4n n\u00e4k\u00f6inen miss\u00e4 tahansa. Stabiili rakenne takaa, ett\u00e4 t\u00e4m\u00e4 penkki kest\u00e4\u00e4 aikaa ja s\u00e4\u00e4n vaihteluita.<\/li>\n<li><b>Tukevat neli\u00f6jalat:<\/b> Neli\u00f6jalat tarjoavat kunnollisen tuen ja varmistavat rakenteen eheyden. T\u00e4\u00e4 suunnittelu parantaa penkin modernia ulkomuotoa ja lis\u00e4\u00e4 vakautta, joten se pysyy paikallaan k\u00e4ytett\u00e4ess\u00e4 yhdelle tai useammalle vieraalle. Jalkojen tyyli kuvastaa penkin minimalismia ja k\u00e4yt\u00e4nn\u00f6llisyytt\u00e4, sopii erilaisiin tyyleihin ja tilantarpeisiin.<\/li>\n<li><b>Toiminnallinen muotoilu:<\/b> T\u00e4\u00e4 penkki on tosi monik\u00e4ytt\u00f6inen; se sopii patiolles, puutarhaan ja sis\u00e4lle. Suorakaiteen muoto mahdollistaa helpon sijoittamisen erilaisiin tiloihin, oli se sitten puutarhasein\u00e4n vieress\u00e4 tai lounge-tilassa. Sen muunneltavuus tuo sek\u00e4 esteettist\u00e4 ylvoimaa ett\u00e4 hy\u00f6ty\u00e4.<\/li>\n<li><b>Helppo kokoaminen:<\/b> Penkin kokoaminen onnistuu kahdella henkil\u00f6ill\u00e4, joten se on helppoa ja vakaata. Suunnittelu on selke\u00e4 ja vaatii vain ruuvimeisselin, t\u00e4\u00e4 on t\u00e4ydellist\u00e4 k\u00e4ytt\u00e4j\u00e4yst\u00e4v\u00e4llisyytt\u00e4. Huolellinen kokoaminen on t\u00e4rke\u00e4\u00e4, jotta rakennetta ja visuaalista vieh\u00e4tysvoimaa voidaan yll\u00e4pit\u00e4\u00e4.<\/li>\n<li><b>Yksinkertainen huolto:<\/b> Helppo huolto; penkki vaatii vain pyyhkimisen kostealla liinalla puhdistukseen. T\u00e4m\u00e4 k\u00e4yt\u00e4nn\u00f6llinen ominaisuus pit\u00e4\u00e4 sen hyv\u00e4ss\u00e4 kunnossa v\u00e4h\u00e4isell\u00e4 vaivalla, joten penkki tarjoaa kauneutta ja mukavuutta vuosiksi eteenp\u00e4in ilman suurta huoltoa.<\/li>\n<\/ul>\n<p><strong>T\u00e4rke\u00e4\u00e4 tiet\u00e4\u00e4:<\/strong><\/p>\n<ul>\n<li>Enimm\u00e4ispaino 110 kg per paikka.<\/li>\n<\/ul>\n<ul>\n<li>V\u00e4ri: Luonnollinen<\/li>\n<li>Materiaali: Kiinte\u00e4 mango puu<\/li>\n<li>Kehysmateriaali: T\u00e4ysi mangopuu<\/li>\n<li>Jalat materiaali: T\u00e4ysi mangopuu<\/li>\n<li>Yleiset mitat: 160 x 35 x 45 cm (P x L x K)<\/li>\n<li>Enimm\u00e4ispaino: 110 kg per istuin<\/li>\n<li>Istuinkapasiteetti: 2<\/li>\n<li>Kest\u00e4v\u00e4<\/li>\n<li>Kokoonpano vaaditaan: Kyll\u00e4<\/li>\n<li>Toimitus-:<\/li>\n<li>1 x penkki<\/li>\n<\/ul>\n","protected":false},"excerpt":{"rendered":"<ul>\n<li>V\u00e4ri: Luonnollinen<\/li>\n<li>Materiaali: Kiinte\u00e4 mango puu<\/li>\n<li>Kehysmateriaali: T\u00e4ysi mangopuu<\/li>\n<li>Jalat materiaali: T\u00e4ysi mangopuu<\/li>\n<li>Yleiset mitat: 160 x 35 x 45 cm (P x L x K)<\/li>\n<li>Enimm\u00e4ispaino: 110 kg per istuin<\/li>\n<li>Istuinkapasiteetti: 2<\/li>\n<li>Kest\u00e4v\u00e4<\/li>\n<li>Kokoonpano vaaditaan: Kyll\u00e4<\/li>\n<li>Toimitus-:<\/li>\n<li>1 x penkki<\/li>\n<\/ul>\n","protected":false},"featured_media":100000198794,"comment_status":"closed","ping_status":"closed","template":"","meta":[],"product_brand":[],"product_cat":[84],"product_tag":[],"class_list":{"0":"post-198794","1":"product","2":"type-product","3":"status-publish","4":"has-post-thumbnail","6":"product_cat-huonekalut","8":"first","9":"instock","10":"taxable","11":"shipping-taxable","12":"purchasable","13":"product-type-simple"},"_links":{"self":[{"href":"https:\/\/www.otiumhome.fi\/index.php\/wp-json\/wp\/v2\/product\/198794","targetHints":{"allow":["GET"]}}],"collection":[{"href":"https:\/\/www.otiumhome.fi\/index.php\/wp-json\/wp\/v2\/product"}],"about":[{"href":"https:\/\/www.otiumhome.fi\/index.php\/wp-json\/wp\/v2\/types\/product"}],"replies":[{"embeddable":true,"href":"https:\/\/www.otiumhome.fi\/index.php\/wp-json\/wp\/v2\/comments?post=198794"}],"wp:featuredmedia":[{"embeddable":true,"href":"https:\/\/www.otiumhome.fi\/index.php\/wp-json\/"}],"wp:attachment":[{"href":"https:\/\/www.otiumhome.fi\/index.php\/wp-json\/wp\/v2\/media?parent=198794"}],"wp:term":[{"taxonomy":"product_brand","embeddable":true,"href":"https:\/\/www.otiumhome.fi\/index.php\/wp-json\/wp\/v2\/product_brand?post=198794"},{"taxonomy":"product_cat","embeddable":true,"href":"https:\/\/www.otiumhome.fi\/index.php\/wp-json\/wp\/v2\/product_cat?post=198794"},{"taxonomy":"product_tag","embeddable":true,"href":"https:\/\/www.otiumhome.fi\/index.php\/wp-json\/wp\/v2\/product_tag?post=198794"}],"curies":[{"name":"wp","href":"https:\/\/api.w.org\/{rel}","templated":true}]}}