{"id":198776,"date":"2025-12-14T07:06:52","date_gmt":"2025-12-14T07:06:52","guid":{"rendered":"https:\/\/www.otiumhome.fi\/?p=198776"},"modified":"2025-12-15T23:13:36","modified_gmt":"2025-12-15T23:13:36","slug":"sailytyskaapit-ovella-ruskea-110-x-30-x-40-cm-kiintea-mango-puu","status":"publish","type":"product","link":"https:\/\/www.otiumhome.fi\/index.php\/tuote\/sailytyskaapit-ovella-ruskea-110-x-30-x-40-cm-kiintea-mango-puu\/","title":{"rendered":"S\u00e4ilytyskaapit ovella Ruskea 110 x 30 x 40 cm Kiinte\u00e4 mango puu"},"content":{"rendered":"<p>T\u00e4m\u00e4 Media Storage Cabinet tekee olohuoneestasi kauniin ja j\u00e4rjestelm\u00e4llisen paikan tyylikk\u00e4\u00e4n muotoilunsa ja k\u00e4yt\u00e4nn\u00f6llisyytens\u00e4 ansiosta. Se on suunniteltu sulautumaan moderniin sisustukseen yksinkertaisilla linjoilla. Suorakaiteen muotoinen rakenne l\u00e4mpimiss\u00e4 ruskeissa s\u00e4vyiss\u00e4 mustilla yksityiskohdilla tekee siit\u00e4 t\u00e4ydellisen keskipisteen homesi. Se tuo mukanaan hienostuneen tunnelman ja mahtuu vaivatta elektroniikasta rakkaisiin muistoihin.<\/p>\n<ul>\n<li><b>T\u00e4ysi mangopuu rakenne<\/b> Kaappi on tehty kokonaan mangipuusta, mik\u00e4 takaa pitk\u00e4n k\u00e4ytt\u00f6i\u00e4n ja kauniin luonnollisen syykuvion. T\u00e4m\u00e4 materiaali ei vain kest\u00e4 aikaa, vaan my\u00f6s n\u00e4ytt\u00e4\u00e4 upealta nykyaikaisessa sisustuksessa. Mangopuun viimeistely pit\u00e4\u00e4 kaapin kauniina pitk\u00e4\u00e4n.<\/li>\n<li><b>Runsaasti s\u00e4ilytystilaa<\/b> Kaappi tarjoaa runsaasti s\u00e4ilytysratkaisuja useiden osastojen ja paneeliluukkujen ansiosta, pit\u00e4en tilasi j\u00e4rjestyksess\u00e4. Se vastaa monenlaisiin tarpeisiin ja perinteiset laatikkokahvat helpottavat k\u00e4ytt\u00f6\u00e4.<\/li>\n<li><b>Tyylik\u00e4s paneeliluukku design<\/b> Paneeliluukut mangopuusta sulautuvat kauniisti kaapin etuosaan, mik\u00e4 tekee siit\u00e4 tyylikk\u00e4\u00e4n ja k\u00e4yt\u00e4nn\u00f6llisen. Ne tarjoavat helpot p\u00e4\u00e4sy s\u00e4ilytettyihin esineisiin.<\/li>\n<li><b>Nykyajan jalkatyylit<\/b> Vankat neli\u00f6jalat raudasta takaavat tasapainon ja voivat helpottaa liikkumista tarpeen mukaan. Jalkojen musta v\u00e4ri muodostaa j\u00e4nnitt\u00e4v\u00e4n kontrastin puisen rungon kanssa, mik\u00e4 korostaa kaapin modernia ilmett\u00e4.<\/li>\n<li><b>Yksinkertainen huolto<\/b> Pid\u00e4 kaappi kauniina pyyhkim\u00e4ll\u00e4 se vain kuivalla liinalla. Kaapin viimeistelty takaosa helpottaa huoltoa, pit\u00e4en jokaisen kulman siistin\u00e4. V\u00e4lt\u00e4 tavaroiden vet\u00e4mist\u00e4 kaapin pinnan yli naarmujen est\u00e4miseksi.<\/li>\n<\/ul>\n<ul>\n<li>V\u00e4ri: Ruskea<\/li>\n<li>Materiaali: Kiinte\u00e4 mango puu<\/li>\n<li>Yleiset mitat: 110 x 30 x 40 cm (P x L x K)<\/li>\n<li>Runsaasti s\u00e4ilytystilaa<\/li>\n<li>Ovet<\/li>\n<li>2 laatikoilla<\/li>\n<li>Kehysmateriaali: T\u00e4ysi mangopuu<\/li>\n<li>Mukana 2 paneelizv doorit<\/li>\n<li>Vain sis\u00e4k\u00e4ytt\u00f6\u00f6n<\/li>\n<li>Toimitus-:<\/li>\n<li>1 x S\u00e4ilytyskaappi<\/li>\n<li>Kokoonpano vaaditaan: Kyll\u00e4<\/li>\n<\/ul>\n","protected":false},"excerpt":{"rendered":"<ul>\n<li>V\u00e4ri: Ruskea<\/li>\n<li>Materiaali: Kiinte\u00e4 mango puu<\/li>\n<li>Yleiset mitat: 110 x 30 x 40 cm (P x L x K)<\/li>\n<li>Runsaasti s\u00e4ilytystilaa<\/li>\n<li>Ovet<\/li>\n<li>2 laatikoilla<\/li>\n<li>Kehysmateriaali: T\u00e4ysi mangopuu<\/li>\n<li>Mukana 2 paneelizv doorit<\/li>\n<li>Vain sis\u00e4k\u00e4ytt\u00f6\u00f6n<\/li>\n<li>Toimitus-:<\/li>\n<li>1 x S\u00e4ilytyskaappi<\/li>\n<li>Kokoonpano vaaditaan: Kyll\u00e4<\/li>\n<\/ul>\n","protected":false},"featured_media":100000198776,"comment_status":"closed","ping_status":"closed","template":"","meta":[],"product_brand":[],"product_cat":[84,8567],"product_tag":[],"class_list":{"0":"post-198776","1":"product","2":"type-product","3":"status-publish","4":"has-post-thumbnail","6":"product_cat-huonekalut","7":"product_cat-medialaitekaapit-telineet","9":"first","10":"instock","11":"taxable","12":"shipping-taxable","13":"purchasable","14":"product-type-simple"},"_links":{"self":[{"href":"https:\/\/www.otiumhome.fi\/index.php\/wp-json\/wp\/v2\/product\/198776","targetHints":{"allow":["GET"]}}],"collection":[{"href":"https:\/\/www.otiumhome.fi\/index.php\/wp-json\/wp\/v2\/product"}],"about":[{"href":"https:\/\/www.otiumhome.fi\/index.php\/wp-json\/wp\/v2\/types\/product"}],"replies":[{"embeddable":true,"href":"https:\/\/www.otiumhome.fi\/index.php\/wp-json\/wp\/v2\/comments?post=198776"}],"wp:featuredmedia":[{"embeddable":true,"href":"https:\/\/www.otiumhome.fi\/index.php\/wp-json\/"}],"wp:attachment":[{"href":"https:\/\/www.otiumhome.fi\/index.php\/wp-json\/wp\/v2\/media?parent=198776"}],"wp:term":[{"taxonomy":"product_brand","embeddable":true,"href":"https:\/\/www.otiumhome.fi\/index.php\/wp-json\/wp\/v2\/product_brand?post=198776"},{"taxonomy":"product_cat","embeddable":true,"href":"https:\/\/www.otiumhome.fi\/index.php\/wp-json\/wp\/v2\/product_cat?post=198776"},{"taxonomy":"product_tag","embeddable":true,"href":"https:\/\/www.otiumhome.fi\/index.php\/wp-json\/wp\/v2\/product_tag?post=198776"}],"curies":[{"name":"wp","href":"https:\/\/api.w.org\/{rel}","templated":true}]}}