{"id":198775,"date":"2025-12-14T07:00:30","date_gmt":"2025-12-14T07:00:30","guid":{"rendered":"https:\/\/www.otiumhome.fi\/?p=198775"},"modified":"2025-12-20T07:06:54","modified_gmt":"2025-12-20T07:06:54","slug":"korkea-kaappi-pahkinapuu-60-x-335-x-100-cm-kiintea-mango-puu","status":"publish","type":"product","link":"https:\/\/www.otiumhome.fi\/index.php\/tuote\/korkea-kaappi-pahkinapuu-60-x-335-x-100-cm-kiintea-mango-puu\/","title":{"rendered":"Korkea kaappi p\u00e4hkin\u00e4puu 60 x 33,5 x 100 cm Kiinte\u00e4 mango puu"},"content":{"rendered":"<p>T\u00e4\u00e4 moderni korkeakaappi on loistava yhdistelm\u00e4 tyyli\u00e4, toiminnallisuutta ja yksinkertaisuutta. Se on suunniteltu t\u00e4ydellinen lis\u00e4 ruokasaleihin ja olohuoneisiin. Sen moderni suorakaiteen muotoinen muotoilu tuo puhdasta, minimalistista charmia ja se sopii erilaisiin sisustustyyleihin. Korkeakaappi tarjoaa runsaasti s\u00e4ilytystilaa yhdist\u00e4m\u00e4ll\u00e4 laatikot ja saranoidut ovet, jotka tekev\u00e4t tavaroista helppoja j\u00e4rjest\u00e4\u00e4. Kest\u00e4v\u00e4 mangopuu ja MDF:t\u00e4 tuovat huoneeseen ajattoman vieh\u00e4tyksen, luoden l\u00e4mp\u00f6\u00e4 ja karakteria.<\/p>\n<ul>\n<li><b> Materiaalit:<\/b> Valmistettu upeasta mangopuusta, joka tunnetaan kest\u00e4vyydest\u00e4\u00e4n ja kauniista syykuvioistaan. MDF tuo lis\u00e4vakauden ja vahvistaa korkeakaapin kest\u00e4vyytt\u00e4 ja ulkon\u00e4k\u00f6\u00e4, joka sulautuu muihin huonekaluihin.<\/li>\n<li><b>Toiminnalliset osat:<\/b> T\u00e4ss\u00e4 on runsaasti s\u00e4ilytystilaa useilla laatikoilla ja saranoiduilla ovilla, joissa on k\u00e4tev\u00e4t napit. Napit toimii sujuvasti, mik\u00e4 varmistaa vaivattoman k\u00e4yt\u00f6n ja lis\u00e4\u00e4 korkeakaapin tyylikkyytt\u00e4.<\/li>\n<li><b>Modernit suunnitteluominaisuudet:<\/b> Korkeakaapissa on neli\u00f6jalat, jotka antavat tukea ja nostavat rakennetta, pit\u00e4en yksik\u00f6n vakaana tasaisilla sis\u00e4pintoilla. Suunnittelu yhdist\u00e4\u00e4 minimalistisen estetiikan k\u00e4yt\u00e4nn\u00f6llisyyteen.<\/li>\n<li><b>Monipuolinen k\u00e4ytt\u00f6:<\/b> T\u00e4ydellinen niin ruokailu- kuin olohuoneeseen tai toimistoon, t\u00e4m\u00e4 kaappi on ihanteellinen s\u00e4ilytysratkaisu, sill\u00e4 se mahtuu helposti ruokailuv\u00e4lineiden, koriste-esineiden ja muiden tarpeellisten tuotteiden s\u00e4ilytykseen. Sen esteettinen monipuolisuus tehostaa erilaisiin muotoiluteemoihin sopeutumista.<\/li>\n<li><b>Huolellinen kokoaminen:<\/b> Toimitetaan 1 x korkeakaappi, ja se tarvitsee kokoamista kahdelta henkil\u00f6lt\u00e4 ruuvimeisselin avulla. Kokoamisprosessi varmistaa turvallisuuden ja tarkkuuden. Huolto on helppoa \u2013 vain pyyhint\u00e4 kuivalta kankaalta, v\u00e4lt\u00e4 hankaavia puhdistusaineita.<\/li>\n<\/ul>\n<ul>\n<li>V\u00e4ri: P\u00e4hkin\u00e4puu<\/li>\n<li>Materiaali: Kiinte\u00e4 mango puu<\/li>\n<li>Yleiset mitat: 60 x 33,5 x 100 cm (P x L x K)<\/li>\n<li>Kest\u00e4v\u00e4<\/li>\n<li>Yhdell\u00e4 laatikolla<\/li>\n<li>Kehysmateriaali: T\u00e4ysi mangopuu<\/li>\n<li>Mukana 2 saranoidut ovet<\/li>\n<li>Enimm\u00e4ispaino: 60 kg<\/li>\n<li>Vain sis\u00e4k\u00e4ytt\u00f6\u00f6n<\/li>\n<li>Toimitus-:<\/li>\n<li>1 x korkea kaappi<\/li>\n<li>Kokoonpano vaaditaan: Kyll\u00e4<\/li>\n<\/ul>\n","protected":false},"excerpt":{"rendered":"<ul>\n<li>V\u00e4ri: P\u00e4hkin\u00e4puu<\/li>\n<li>Materiaali: Kiinte\u00e4 mango puu<\/li>\n<li>Yleiset mitat: 60 x 33,5 x 100 cm (P x L x K)<\/li>\n<li>Kest\u00e4v\u00e4<\/li>\n<li>Yhdell\u00e4 laatikolla<\/li>\n<li>Kehysmateriaali: T\u00e4ysi mangopuu<\/li>\n<li>Mukana 2 saranoidut ovet<\/li>\n<li>Enimm\u00e4ispaino: 60 kg<\/li>\n<li>Vain sis\u00e4k\u00e4ytt\u00f6\u00f6n<\/li>\n<li>Toimitus-:<\/li>\n<li>1 x korkea kaappi<\/li>\n<li>Kokoonpano vaaditaan: Kyll\u00e4<\/li>\n<\/ul>\n","protected":false},"featured_media":100000198775,"comment_status":"closed","ping_status":"closed","template":"","meta":[],"product_brand":[],"product_cat":[84,8567],"product_tag":[],"class_list":{"0":"post-198775","1":"product","2":"type-product","3":"status-publish","4":"has-post-thumbnail","6":"product_cat-huonekalut","7":"product_cat-medialaitekaapit-telineet","9":"first","10":"instock","11":"taxable","12":"shipping-taxable","13":"purchasable","14":"product-type-simple"},"_links":{"self":[{"href":"https:\/\/www.otiumhome.fi\/index.php\/wp-json\/wp\/v2\/product\/198775","targetHints":{"allow":["GET"]}}],"collection":[{"href":"https:\/\/www.otiumhome.fi\/index.php\/wp-json\/wp\/v2\/product"}],"about":[{"href":"https:\/\/www.otiumhome.fi\/index.php\/wp-json\/wp\/v2\/types\/product"}],"replies":[{"embeddable":true,"href":"https:\/\/www.otiumhome.fi\/index.php\/wp-json\/wp\/v2\/comments?post=198775"}],"wp:featuredmedia":[{"embeddable":true,"href":"https:\/\/www.otiumhome.fi\/index.php\/wp-json\/"}],"wp:attachment":[{"href":"https:\/\/www.otiumhome.fi\/index.php\/wp-json\/wp\/v2\/media?parent=198775"}],"wp:term":[{"taxonomy":"product_brand","embeddable":true,"href":"https:\/\/www.otiumhome.fi\/index.php\/wp-json\/wp\/v2\/product_brand?post=198775"},{"taxonomy":"product_cat","embeddable":true,"href":"https:\/\/www.otiumhome.fi\/index.php\/wp-json\/wp\/v2\/product_cat?post=198775"},{"taxonomy":"product_tag","embeddable":true,"href":"https:\/\/www.otiumhome.fi\/index.php\/wp-json\/wp\/v2\/product_tag?post=198775"}],"curies":[{"name":"wp","href":"https:\/\/api.w.org\/{rel}","templated":true}]}}