{"id":198774,"date":"2025-12-14T07:00:29","date_gmt":"2025-12-14T07:00:29","guid":{"rendered":"https:\/\/www.otiumhome.fi\/?p=198774"},"modified":"2025-12-15T22:55:22","modified_gmt":"2025-12-15T22:55:22","slug":"sivupoyta-ovella-pahkinapuu-90-x-335-x-75-cm-kiintea-mango-puu","status":"publish","type":"product","link":"https:\/\/www.otiumhome.fi\/index.php\/tuote\/sivupoyta-ovella-pahkinapuu-90-x-335-x-75-cm-kiintea-mango-puu\/","title":{"rendered":"Sivup\u00f6yt\u00e4 ovella p\u00e4hkin\u00e4puu 90 x 33,5 x 75 cm Kiinte\u00e4 mango puu"},"content":{"rendered":"<p>T\u00e4m\u00e4 kauniisti valmistettu sivup\u00f6yt\u00e4 on k\u00e4yt\u00e4nn\u00f6llinen s\u00e4ilytysyksikk\u00f6, joka sopii hyvin modernille ruokasalille ja olohuoneelle. Sen suorakulmainen muoto tarjoaa puhtaan ja minimalistisen ilmeen, joka yhdist\u00e4\u00e4 yksinkertaisuuden ja k\u00e4yt\u00e4nn\u00f6llisyyden, ja se on t\u00e4ydellinen astioiden, kirjojen tai koristeiden s\u00e4ilytt\u00e4miseen tyylikk\u00e4\u00e4sti.<\/p>\n<ul>\n<li><b>Laatumateriaalit:<\/b> T\u00e4m\u00e4 sivup\u00f6yt\u00e4 on tehty kokonaan mangopuusta, joka on tunnettu kest\u00e4vyydest\u00e4\u00e4n. Lis\u00e4materiaalina k\u00e4ytet\u00e4\u00e4n teknist\u00e4 puuta, joka tekee siit\u00e4 tukevan, muttei raskaan. T\u00e4m\u00e4 yhdistelm\u00e4 takaa k\u00e4yt\u00e4nn\u00f6llisen ja kest\u00e4v\u00e4n ratkaisu, joka on my\u00f6s tyylik\u00e4s.<\/li>\n<li><b>Huolelliset komponentit:<\/b> Se sis\u00e4lt\u00e4\u00e4 hienosti muotoillut vetimet, saranoidut ovet sujuvaan k\u00e4ytt\u00f6\u00f6n ja levyhyllyt, jotka tarjoavat runsaasti tilaa. Neli\u00f6jalat ovat tukevat ja antavat tasapainoa sek\u00e4 muotoa ett\u00e4 toimintaa.<\/li>\n<li><b>Toiminnallinen monipuolisuus:<\/b> T\u00e4m\u00e4 moderni sivup\u00f6yt\u00e4 on suunniteltu sulautumaan nykyaikaisiin ymp\u00e4rist\u00f6ihin. Se tarjoaa tilaa ja esteettist\u00e4 kauneutta, joka pit\u00e4\u00e4 kodin esineet j\u00e4rjestyksess\u00e4 ja helposti saatavilla kuosiin, mik\u00e4 tekee siit\u00e4 helpon valinnan eri sisustustyyleihin.<\/li>\n<li><b>Suositellut k\u00e4yt\u00f6t:<\/b> T\u00e4m\u00e4 sivup\u00f6yt\u00e4 sopii hyvin ruokailutiloihin ja olohuoneisiin, parantaen j\u00e4rjestyst\u00e4 ja tunnelmaa. Sen tarjoama s\u00e4ilytystila on riitt\u00e4v\u00e4 p\u00e4ivitt\u00e4isille esineille ja koristeille, joten se on monipuolinen lis\u00e4 mihin tahansa sisustukseen.<\/li>\n<li><b>Hoito ja yll\u00e4pito:<\/b> Pid\u00e4 sivup\u00f6yd\u00e4n ulkoasu hyv\u00e4n\u00e4 pyyhkim\u00e4ll\u00e4 sit\u00e4 silloin t\u00e4ll\u00f6in kostealla liinalla. V\u00e4lt\u00e4 voimakkaita kemikaaleja tai hankaavia materiaaleja, jotka voivat vahingoittaa pintaa. Oikealla hoidolla t\u00e4m\u00e4 sivup\u00f6yt\u00e4 pysyy tyylikk\u00e4\u00e4n\u00e4 vuosikymmenien ajan.<\/li>\n<\/ul>\n<ul>\n<li>V\u00e4ri: P\u00e4hkin\u00e4puu<\/li>\n<li>Materiaali: Kiinte\u00e4 mango puu<\/li>\n<li>Yleiset mitat: 90 x 33,5 x 75 cm (P x L x K)<\/li>\n<li>Kest\u00e4v\u00e4<\/li>\n<li>Mukana 1 laatikkohylly<\/li>\n<li>Kehysmateriaali: T\u00e4ysi mangopuu<\/li>\n<li>Mukana 2 saranoidut ovet<\/li>\n<li>Enimm\u00e4ispaino: 60 kg<\/li>\n<li>Vain sis\u00e4k\u00e4ytt\u00f6\u00f6n<\/li>\n<li>Toimitus-:<\/li>\n<li>1 x Sivup\u00f6yt\u00e4<\/li>\n<li>Kokoonpano vaaditaan: Kyll\u00e4<\/li>\n<\/ul>\n","protected":false},"excerpt":{"rendered":"<ul>\n<li>V\u00e4ri: P\u00e4hkin\u00e4puu<\/li>\n<li>Materiaali: Kiinte\u00e4 mango puu<\/li>\n<li>Yleiset mitat: 90 x 33,5 x 75 cm (P x L x K)<\/li>\n<li>Kest\u00e4v\u00e4<\/li>\n<li>Mukana 1 laatikkohylly<\/li>\n<li>Kehysmateriaali: T\u00e4ysi mangopuu<\/li>\n<li>Mukana 2 saranoidut ovet<\/li>\n<li>Enimm\u00e4ispaino: 60 kg<\/li>\n<li>Vain sis\u00e4k\u00e4ytt\u00f6\u00f6n<\/li>\n<li>Toimitus-:<\/li>\n<li>1 x Sivup\u00f6yt\u00e4<\/li>\n<li>Kokoonpano vaaditaan: Kyll\u00e4<\/li>\n<\/ul>\n","protected":false},"featured_media":100000198774,"comment_status":"closed","ping_status":"closed","template":"","meta":[],"product_brand":[],"product_cat":[84,8567],"product_tag":[],"class_list":{"0":"post-198774","1":"product","2":"type-product","3":"status-publish","4":"has-post-thumbnail","6":"product_cat-huonekalut","7":"product_cat-medialaitekaapit-telineet","9":"first","10":"instock","11":"taxable","12":"shipping-taxable","13":"purchasable","14":"product-type-simple"},"_links":{"self":[{"href":"https:\/\/www.otiumhome.fi\/index.php\/wp-json\/wp\/v2\/product\/198774","targetHints":{"allow":["GET"]}}],"collection":[{"href":"https:\/\/www.otiumhome.fi\/index.php\/wp-json\/wp\/v2\/product"}],"about":[{"href":"https:\/\/www.otiumhome.fi\/index.php\/wp-json\/wp\/v2\/types\/product"}],"replies":[{"embeddable":true,"href":"https:\/\/www.otiumhome.fi\/index.php\/wp-json\/wp\/v2\/comments?post=198774"}],"wp:featuredmedia":[{"embeddable":true,"href":"https:\/\/www.otiumhome.fi\/index.php\/wp-json\/"}],"wp:attachment":[{"href":"https:\/\/www.otiumhome.fi\/index.php\/wp-json\/wp\/v2\/media?parent=198774"}],"wp:term":[{"taxonomy":"product_brand","embeddable":true,"href":"https:\/\/www.otiumhome.fi\/index.php\/wp-json\/wp\/v2\/product_brand?post=198774"},{"taxonomy":"product_cat","embeddable":true,"href":"https:\/\/www.otiumhome.fi\/index.php\/wp-json\/wp\/v2\/product_cat?post=198774"},{"taxonomy":"product_tag","embeddable":true,"href":"https:\/\/www.otiumhome.fi\/index.php\/wp-json\/wp\/v2\/product_tag?post=198774"}],"curies":[{"name":"wp","href":"https:\/\/api.w.org\/{rel}","templated":true}]}}