{"id":198704,"date":"2025-12-14T06:42:37","date_gmt":"2025-12-14T06:42:37","guid":{"rendered":"https:\/\/www.otiumhome.fi\/?p=198704"},"modified":"2025-12-15T09:04:27","modified_gmt":"2025-12-15T09:04:27","slug":"lehtiteline-betonin-harmaa-65-x-53-x-285-cm-tekninen-puu","status":"publish","type":"product","link":"https:\/\/www.otiumhome.fi\/index.php\/tuote\/lehtiteline-betonin-harmaa-65-x-53-x-285-cm-tekninen-puu\/","title":{"rendered":"Lehtiteline Betonin harmaa 65 x 53 x 28,5 cm Tekninen puu"},"content":{"rendered":"<p>T\u00e4m\u00e4 puinen sivukaappi tuo modernia tyyli\u00e4 ja k\u00e4yt\u00e4nn\u00f6llisyytt\u00e4 olohuoneeseesi. Tehty teknisest\u00e4 puusta, se on luotettava ja silti tyylik\u00e4s s\u00e4ilytysratkaisu puhtaine linjoineen ja v\u00e4h\u00e4isell\u00e4 koristelulla. T\u00e4m\u00e4 kaappi sulautuu hyvin kodin sisustukseen ja tarjoaa tilavan paikan tavaroiden pit\u00e4miseen j\u00e4rjestyksess\u00e4.<\/p>\n<ul>\n<li><b>Kest\u00e4v\u00e4 tekninen puu:<\/b> T\u00e4m\u00e4 kaappi on tehty huippulaatuisesta teknisest\u00e4 puusta, joten se kest\u00e4\u00e4 p\u00e4ivitt\u00e4ist\u00e4 k\u00e4ytt\u00f6\u00e4 ja n\u00e4ytt\u00e4\u00e4 hyv\u00e4lt\u00e4 vuodesta toiseen. Taso on puhdas ja sile\u00e4, mik\u00e4 tekee siit\u00e4 visuaalisesti miellytt\u00e4v\u00e4n ja pit\u00e4\u00e4 tilasi siistin\u00e4 ilman ylim\u00e4\u00e4r\u00e4ist\u00e4 sekasortoakin.<\/li>\n<li><b>Levyhyllyt:<\/b> Hyllyt on valmistettu teknisest\u00e4 puusta, joten ne tukevat luotettavasti kaikenlaisia esineit\u00e4. Levyt on suunniteltu monipuolisiksi, joten voit mukauttaa s\u00e4ilytyst\u00e4 tarpeidesi mukaan, olipa kyse sitten kirjoista, koristeista tai muista t\u00e4rkeist\u00e4 tavaroista olkkarissa.<\/li>\n<li><b>Viimeistelem\u00e4t\u00f6n tausta:<\/b> Kaapin takaosa j\u00e4\u00e4 suunnitellusti viimeistelem\u00e4tt\u00f6m\u00e4ksi, joten voit laittaa sen sein\u00e4\u00e4n vasten ja luoda tilaan saumatonta ilmett\u00e4. T\u00e4m\u00e4 muotoilu tuo esiin etuosan ja hyllyt, tehden siit\u00e4 k\u00e4yt\u00e4nn\u00f6llisen ja tyylikk\u00e4\u00e4n ratkaisun moderneihin sisustuksiin.<\/li>\n<li><b>Sis\u00e4k\u00e4yt\u00f6lle optimoitu:<\/b> T\u00e4m\u00e4 kaappi on tarkoitettu vain sis\u00e4tiloihin, joten se k\u00e4y loistavasti kaikkiin huoneisiin, joissa on s\u00e4ilytystarvetta. Olipa kyse sitten olohuoneesta tai kotikonttorista, se auttaa pit\u00e4m\u00e4\u00e4n asiat j\u00e4rjestyksess\u00e4 tyylill\u00e4.<\/li>\n<li><b>Kokoaminen on helppoa:<\/b> Asentamiseen tarvitaan vain kaksi tyyppi\u00e4 ja ruuvimeisseli, joten kokoaminen sujuu helposti ja nopeasti. Kun se on kasattu, se yhdist\u00e4\u00e4 toiminnallisuuden moderniin muotoiluun ja parantaa elintilaa.<\/li>\n<\/ul>\n<ul>\n<li>V\u00e4ri: Betonin harmaa<\/li>\n<li>Materiaali: Tekninen puu<\/li>\n<li>Yleiset mitat: 65 x 53 x 28,5 cm (P x L x K)<\/li>\n<li>Paino: 10,92 kg<\/li>\n<li>Kest\u00e4v\u00e4<\/li>\n<li>Monipuolinen k\u00e4ytt\u00f6<\/li>\n<li>Mukana 3 levyhyllyt<\/li>\n<li>Kehysmateriaali: Tekninen puu<\/li>\n<li>Vain sis\u00e4k\u00e4ytt\u00f6\u00f6n<\/li>\n<li>Toimitus-:<\/li>\n<li>1 x Lehtiteline<\/li>\n<li>Kokoonpano vaaditaan: Kyll\u00e4<\/li>\n<\/ul>\n","protected":false},"excerpt":{"rendered":"<ul>\n<li>V\u00e4ri: Betonin harmaa<\/li>\n<li>Materiaali: Tekninen puu<\/li>\n<li>Yleiset mitat: 65 x 53 x 28,5 cm (P x L x K)<\/li>\n<li>Paino: 10,92 kg<\/li>\n<li>Kest\u00e4v\u00e4<\/li>\n<li>Monipuolinen k\u00e4ytt\u00f6<\/li>\n<li>Mukana 3 levyhyllyt<\/li>\n<li>Kehysmateriaali: Tekninen puu<\/li>\n<li>Vain sis\u00e4k\u00e4ytt\u00f6\u00f6n<\/li>\n<li>Toimitus-:<\/li>\n<li>1 x Lehtiteline<\/li>\n<li>Kokoonpano vaaditaan: Kyll\u00e4<\/li>\n<\/ul>\n","protected":false},"featured_media":100000198704,"comment_status":"closed","ping_status":"closed","template":"","meta":[],"product_brand":[],"product_cat":[84,8650],"product_tag":[],"class_list":{"0":"post-198704","1":"product","2":"type-product","3":"status-publish","4":"has-post-thumbnail","6":"product_cat-huonekalut","7":"product_cat-lehtitelineet","9":"first","10":"instock","11":"taxable","12":"shipping-taxable","13":"purchasable","14":"product-type-simple"},"_links":{"self":[{"href":"https:\/\/www.otiumhome.fi\/index.php\/wp-json\/wp\/v2\/product\/198704","targetHints":{"allow":["GET"]}}],"collection":[{"href":"https:\/\/www.otiumhome.fi\/index.php\/wp-json\/wp\/v2\/product"}],"about":[{"href":"https:\/\/www.otiumhome.fi\/index.php\/wp-json\/wp\/v2\/types\/product"}],"replies":[{"embeddable":true,"href":"https:\/\/www.otiumhome.fi\/index.php\/wp-json\/wp\/v2\/comments?post=198704"}],"wp:featuredmedia":[{"embeddable":true,"href":"https:\/\/www.otiumhome.fi\/index.php\/wp-json\/"}],"wp:attachment":[{"href":"https:\/\/www.otiumhome.fi\/index.php\/wp-json\/wp\/v2\/media?parent=198704"}],"wp:term":[{"taxonomy":"product_brand","embeddable":true,"href":"https:\/\/www.otiumhome.fi\/index.php\/wp-json\/wp\/v2\/product_brand?post=198704"},{"taxonomy":"product_cat","embeddable":true,"href":"https:\/\/www.otiumhome.fi\/index.php\/wp-json\/wp\/v2\/product_cat?post=198704"},{"taxonomy":"product_tag","embeddable":true,"href":"https:\/\/www.otiumhome.fi\/index.php\/wp-json\/wp\/v2\/product_tag?post=198704"}],"curies":[{"name":"wp","href":"https:\/\/api.w.org\/{rel}","templated":true}]}}