{"id":198687,"date":"2025-12-14T06:42:33","date_gmt":"2025-12-14T06:42:33","guid":{"rendered":"https:\/\/www.otiumhome.fi\/?p=198687"},"modified":"2025-12-15T08:13:51","modified_gmt":"2025-12-15T08:13:51","slug":"korkea-lipasto-vetolaatikoilla-45x32x110-cm-taystammi","status":"publish","type":"product","link":"https:\/\/www.otiumhome.fi\/index.php\/tuote\/korkea-lipasto-vetolaatikoilla-45x32x110-cm-taystammi\/","title":{"rendered":"Korkea lipasto vetolaatikoilla 45x32x110 cm t\u00e4ystammi"},"content":{"rendered":"<p>T\u00e4m\u00e4 puinen ja eritt\u00e4in k\u00e4yt\u00e4nn\u00f6llinen korkea lipasto vetolaatikoilla on upea lis\u00e4 kotisi sisustukseen.<\/p>\n<\/p>\n<p>T\u00e4ydest\u00e4 tammesta valmistettu hienostuneen n\u00e4k\u00f6inen korkea lipasto on \u00e4\u00e4rimm\u00e4isen vakaa ja kest\u00e4v\u00e4. Sivukaappi tarjoaa reilusti s\u00e4ilytystilaa henkil\u00f6kohtaisille tavaroillesi, auttaen sinua pit\u00e4m\u00e4\u00e4n kotisi siistin\u00e4. Erityisen korkea muotoilu viidell\u00e4 tasaisesti liukuvalla vetolaatikolla on ihanteellinen kaikkien pienten esineiden kuten kirjojen, DVD-levyjen, muistivihkojen, kynien ja muiden sekalaisten tavaroiden s\u00e4ilytykseen.<\/p>\n<ul>\n<li>Materiaali: t\u00e4ysi tammi, MDF<\/li>\n<li>Mitat: 45 x 32 x 110 cm (P x L x K)<\/li>\n<li>Erityisen korkea muotoilu viidell\u00e4 tasaisesti kulkevalla vetolaatikolla nuppeineen.<\/li>\n<li>Asennus vaaditaan: kyll\u00e4<\/li>\n<li><strong>VAROITUS:<\/strong> kaatumisen est\u00e4miseksi on t\u00e4t\u00e4 tuotetta k\u00e4ytett\u00e4v\u00e4 mukana toimitetun sein\u00e4kiinnityslaitteen kanssa.<\/li>\n<li>Legal Documents:\n<p><span>Lis\u00e4tietoja huonekalujesi kaatumisen est\u00e4misest\u00e4 voit l\u00f6yt\u00e4\u00e4 <span style=\"text-decoration: underline\"><strong><a title=\"https:\/\/bit.ly\/3bVwkQp\" href=\"https:\/\/bit.ly\/3bVwkQp\" target=\"_blank\">t\u00e4\u00e4lt\u00e4<\/a><\/strong><\/span><\/span><\/p>\n<\/li>\n<\/ul>\n","protected":false},"excerpt":{"rendered":"<ul>\n<li>Materiaali: t\u00e4ysi tammi, MDF<\/li>\n<li>Mitat: 45 x 32 x 110 cm (P x L x K)<\/li>\n<li>Erityisen korkea muotoilu viidell\u00e4 tasaisesti kulkevalla vetolaatikolla nuppeineen.<\/li>\n<li>Asennus vaaditaan: kyll\u00e4<\/li>\n<li><strong>VAROITUS:<\/strong> kaatumisen est\u00e4miseksi on t\u00e4t\u00e4 tuotetta k\u00e4ytett\u00e4v\u00e4 mukana toimitetun sein\u00e4kiinnityslaitteen kanssa.<\/li>\n<li>Legal Documents:\n<p><span>Lis\u00e4tietoja huonekalujesi kaatumisen est\u00e4misest\u00e4 voit l\u00f6yt\u00e4\u00e4 <span style=\"text-decoration: underline\"><strong><a title=\"https:\/\/bit.ly\/3bVwkQp\" href=\"https:\/\/bit.ly\/3bVwkQp\" target=\"_blank\">t\u00e4\u00e4lt\u00e4<\/a><\/strong><\/span><\/span><\/p>\n<\/li>\n<\/ul>\n","protected":false},"featured_media":100000198687,"comment_status":"closed","ping_status":"closed","template":"","meta":[],"product_brand":[],"product_cat":[84,8563],"product_tag":[],"class_list":{"0":"post-198687","1":"product","2":"type-product","3":"status-publish","4":"has-post-thumbnail","6":"product_cat-huonekalut","7":"product_cat-laatikkoarkut","9":"first","10":"instock","11":"taxable","12":"shipping-taxable","13":"purchasable","14":"product-type-simple"},"_links":{"self":[{"href":"https:\/\/www.otiumhome.fi\/index.php\/wp-json\/wp\/v2\/product\/198687","targetHints":{"allow":["GET"]}}],"collection":[{"href":"https:\/\/www.otiumhome.fi\/index.php\/wp-json\/wp\/v2\/product"}],"about":[{"href":"https:\/\/www.otiumhome.fi\/index.php\/wp-json\/wp\/v2\/types\/product"}],"replies":[{"embeddable":true,"href":"https:\/\/www.otiumhome.fi\/index.php\/wp-json\/wp\/v2\/comments?post=198687"}],"wp:featuredmedia":[{"embeddable":true,"href":"https:\/\/www.otiumhome.fi\/index.php\/wp-json\/"}],"wp:attachment":[{"href":"https:\/\/www.otiumhome.fi\/index.php\/wp-json\/wp\/v2\/media?parent=198687"}],"wp:term":[{"taxonomy":"product_brand","embeddable":true,"href":"https:\/\/www.otiumhome.fi\/index.php\/wp-json\/wp\/v2\/product_brand?post=198687"},{"taxonomy":"product_cat","embeddable":true,"href":"https:\/\/www.otiumhome.fi\/index.php\/wp-json\/wp\/v2\/product_cat?post=198687"},{"taxonomy":"product_tag","embeddable":true,"href":"https:\/\/www.otiumhome.fi\/index.php\/wp-json\/wp\/v2\/product_tag?post=198687"}],"curies":[{"name":"wp","href":"https:\/\/api.w.org\/{rel}","templated":true}]}}