{"id":198633,"date":"2025-12-14T06:25:31","date_gmt":"2025-12-14T06:25:31","guid":{"rendered":"https:\/\/www.otiumhome.fi\/?p=198633"},"modified":"2025-12-15T07:54:38","modified_gmt":"2025-12-15T07:54:38","slug":"kylpyhuoneen-kaappisetti-ovella-5-pcs-kiintea-mango-puu","status":"publish","type":"product","link":"https:\/\/www.otiumhome.fi\/index.php\/tuote\/kylpyhuoneen-kaappisetti-ovella-5-pcs-kiintea-mango-puu\/","title":{"rendered":"Kylpyhuoneen kaappisetti ovella 5 pcs Kiinte\u00e4 mango puu"},"content":{"rendered":"<p>T\u00e4m\u00e4 moderni kaappisetti tuo kauniita muutoksia mihin tahansa kylpyhuoneeseen. Se tarjoaa runsaasti tallennustilaa ja toimii my\u00f6s tilan avartajana, kun se on asennettu sein\u00e4lle. Kaunis mangopuu tekee siit\u00e4 l\u00e4mpim\u00e4n ja houkuttelevan, ja se sopeutuu hyvin erilaisiin tyyleihin, oli kyseess\u00e4 minimalistinen tai v\u00e4rik\u00e4s sisustus. T\u00e4ydellinen ratkaisu, jos haluat tehd\u00e4 kylpyhuoneestasi j\u00e4rjestetyn ja miellytt\u00e4v\u00e4n.<\/p>\n<ul>\n<li><b>Laadukkaat materiaalit:<\/b> T\u00e4ysikokoinen mangopuu tuo kest\u00e4v\u00e4mm\u00e4n ja kauniimman lopputuloksen ajan my\u00f6t\u00e4. Teknisen puun alat takaavat t\u00e4sm\u00e4llisen ty\u00f6n ja luotettavan kest\u00e4vyyden kylpyhuoneessa.<\/li>\n<li><b>Monipuolinen kaappisetti:<\/b> Setti sis\u00e4lt\u00e4\u00e4 runsaasti toimintoja: pesukaappi, sein\u00e4lle kiinnitett\u00e4v\u00e4 kaappi ja peili, jotka kaikki yhdess\u00e4 maksimoivat tilank\u00e4yt\u00f6n ja tarjoavat paikkoja tavaroillesi.<\/li>\n<li><b>Moderni tyyli ja k\u00e4ytett\u00e4vyys:<\/b> Kaappisarja on suunniteltu sulaviksi ja siisteiksi linjoiksi. Messinkiset kahvat ovat tyylikk\u00e4it\u00e4 ja kukkakuosi tuo pient\u00e4 leikillisyytt\u00e4, joten tyyli ja toimivuus ovat t\u00e4ydellinen yhdistelm\u00e4.<\/li>\n<li><b>Tehokas tilank\u00e4ytt\u00f6:<\/b> Suunniteltu erityisesti kylpyhuoneeseen ja sein\u00e4kiinnityksell\u00e4. Tyyli- ja materiaalivalinnat varmistavat, ett\u00e4 setti toimii eri kylpyhuonetyyleiss\u00e4, niin k\u00e4yt\u00e4nn\u00f6llisesti kuin kauniistikin.<\/li>\n<li><b>Helppo huolto:<\/b> Laatupinnat helpottavat puhdistamista kuivalla liinalla. V\u00e4lt\u00e4 voimakkaita kemikaaleja, jotta kaapista pysyy kaunis ja toimiva viel\u00e4 pitk\u00e4\u00e4n.<\/li>\n<\/ul>\n<ul>\n<li>Materiaali: Kiinte\u00e4 mango puu<\/li>\n<li>Yleiset mitat: 62 x 33 x 58 cm (P x L x K)<\/li>\n<li>Kukallinen kuvio<\/li>\n<li>Oven kanssa<\/li>\n<li>Messinkivetimill\u00e4<\/li>\n<li>Laatikolla<\/li>\n<li>Tasainen peili<\/li>\n<li>5 ovien kanssa<\/li>\n<li>Sis\u00e4- \/ ulkotiloissa: Vain sis\u00e4k\u00e4ytt\u00f6\u00f6n<\/li>\n<li>Toimitus-:<\/li>\n<li>1 x Pesu kaappi: 62 x 33 x 58 cm (P x L x K)<\/li>\n<li>1 x Peili: 50 x 70 x 3 cm (P x L x K)<\/li>\n<li>1 x Kaappi: 38 x 33,5 x 160 cm (P x L x K)<\/li>\n<li>1 x Kaappi: 38 x 33,5 x 58 cm (P x L x K)<\/li>\n<li>1 x Ripustettava kaappi: 38 x 33,5 x 48 cm (P x L x K)<\/li>\n<li>Kokoonpano vaaditaan: Kyll\u00e4<\/li>\n<\/ul>\n","protected":false},"excerpt":{"rendered":"<ul>\n<li>Materiaali: Kiinte\u00e4 mango puu<\/li>\n<li>Yleiset mitat: 62 x 33 x 58 cm (P x L x K)<\/li>\n<li>Kukallinen kuvio<\/li>\n<li>Oven kanssa<\/li>\n<li>Messinkivetimill\u00e4<\/li>\n<li>Laatikolla<\/li>\n<li>Tasainen peili<\/li>\n<li>5 ovien kanssa<\/li>\n<li>Sis\u00e4- \/ ulkotiloissa: Vain sis\u00e4k\u00e4ytt\u00f6\u00f6n<\/li>\n<li>Toimitus-:<\/li>\n<li>1 x Pesu kaappi: 62 x 33 x 58 cm (P x L x K)<\/li>\n<li>1 x Peili: 50 x 70 x 3 cm (P x L x K)<\/li>\n<li>1 x Kaappi: 38 x 33,5 x 160 cm (P x L x K)<\/li>\n<li>1 x Kaappi: 38 x 33,5 x 58 cm (P x L x K)<\/li>\n<li>1 x Ripustettava kaappi: 38 x 33,5 x 48 cm (P x L x K)<\/li>\n<li>Kokoonpano vaaditaan: Kyll\u00e4<\/li>\n<\/ul>\n","protected":false},"featured_media":100000198633,"comment_status":"closed","ping_status":"closed","template":"","meta":[],"product_brand":[],"product_cat":[84,8560],"product_tag":[],"class_list":{"0":"post-198633","1":"product","2":"type-product","3":"status-publish","4":"has-post-thumbnail","6":"product_cat-huonekalut","7":"product_cat-kylpyhuoneen-kalusteet","9":"first","10":"instock","11":"taxable","12":"shipping-taxable","13":"purchasable","14":"product-type-simple"},"_links":{"self":[{"href":"https:\/\/www.otiumhome.fi\/index.php\/wp-json\/wp\/v2\/product\/198633","targetHints":{"allow":["GET"]}}],"collection":[{"href":"https:\/\/www.otiumhome.fi\/index.php\/wp-json\/wp\/v2\/product"}],"about":[{"href":"https:\/\/www.otiumhome.fi\/index.php\/wp-json\/wp\/v2\/types\/product"}],"replies":[{"embeddable":true,"href":"https:\/\/www.otiumhome.fi\/index.php\/wp-json\/wp\/v2\/comments?post=198633"}],"wp:featuredmedia":[{"embeddable":true,"href":"https:\/\/www.otiumhome.fi\/index.php\/wp-json\/"}],"wp:attachment":[{"href":"https:\/\/www.otiumhome.fi\/index.php\/wp-json\/wp\/v2\/media?parent=198633"}],"wp:term":[{"taxonomy":"product_brand","embeddable":true,"href":"https:\/\/www.otiumhome.fi\/index.php\/wp-json\/wp\/v2\/product_brand?post=198633"},{"taxonomy":"product_cat","embeddable":true,"href":"https:\/\/www.otiumhome.fi\/index.php\/wp-json\/wp\/v2\/product_cat?post=198633"},{"taxonomy":"product_tag","embeddable":true,"href":"https:\/\/www.otiumhome.fi\/index.php\/wp-json\/wp\/v2\/product_tag?post=198633"}],"curies":[{"name":"wp","href":"https:\/\/api.w.org\/{rel}","templated":true}]}}