{"id":198632,"date":"2025-12-14T06:25:31","date_gmt":"2025-12-14T06:25:31","guid":{"rendered":"https:\/\/www.otiumhome.fi\/?p=198632"},"modified":"2025-12-15T07:54:35","modified_gmt":"2025-12-15T07:54:35","slug":"kylpyhuoneen-kaappisetti-ovella-4-pcs-kiintea-mango-puu","status":"publish","type":"product","link":"https:\/\/www.otiumhome.fi\/index.php\/tuote\/kylpyhuoneen-kaappisetti-ovella-4-pcs-kiintea-mango-puu\/","title":{"rendered":"Kylpyhuoneen kaappisetti ovella 4 pcs Kiinte\u00e4 mango puu"},"content":{"rendered":"<p>T\u00e4m\u00e4 puinen kylpyhuonesetti yhdist\u00e4\u00e4 modernin tyylin ja k\u00e4yt\u00e4nn\u00f6llisen suunnittelun, tehden siit\u00e4 loistavan lis\u00e4n nykyaikaisiin kylpyhuoneisiin. Sen selke\u00e4t linjat ja l\u00e4mpim\u00e4t ruskeat s\u00e4vyt luovat rauhoittavan tunnelman, joka sopii erilaisiin sisustustyyleihin, minimalismista klassiseen tyyliin. Olitpa s\u00e4ilytt\u00e4m\u00e4ss\u00e4 hygieniatuotteita tai parantamassa kylpyhuoneen ilmett\u00e4, t\u00e4m\u00e4 setti tarjoaa elegantin ja k\u00e4yt\u00e4nn\u00f6llisen ratkaisun.<\/p>\n<ul><\/br><\/p>\n<li><b>Tyylikk\u00e4\u00e4t materiaalit:<\/b> T\u00e4m\u00e4 kylpyhuonesetti on valmistettu t\u00e4yden mangopuun avulla, mik\u00e4 tuo kauneutta ja kest\u00e4vyytt\u00e4. Materiaalin runsas syys tuo l\u00e4mp\u00f6\u00e4 sis\u00e4tiloihin. Puuelementit lis\u00e4\u00e4v\u00e4t rakennetta ja vakaumusta, lupaten pitk\u00e4ik\u00e4ist\u00e4 k\u00e4ytt\u00f6\u00e4 ilman visuaalista vieh\u00e4tysvoimaa.<\/li>\n<p><\/br><\/p>\n<li><b>Peili ja ovielementit:<\/b> Suuri tasainen peili antaa selke\u00e4t heijastukset hoitoon ja p\u00e4ivitt\u00e4isiin rutiineihin, samalla parantaen kylpyhuoneen tilan tuntua. Kukkakuosiset ovet messinkikahvoilla tarjoavat erottuvan mutta hienovaraisen koristeen, yhdist\u00e4en toiminnallisuuden tyyliin, lis\u00e4ten ripauksen luksusta arkeen.<\/li>\n<p><\/br><\/p>\n<li><b>Moderni muotoilu:<\/b> T\u00e4m\u00e4 kaappisetti on sleek ja moderni, yhdist\u00e4en yksinkertaisuuden k\u00e4yt\u00e4nn\u00f6lliseen toimivuuteen. Selke\u00e4t linjat ja koristeiden puute tekev\u00e4t siit\u00e4 monik\u00e4ytt\u00f6isen, sopivan mihin tahansa sisustukseen, tarjoamalla s\u00e4ilytysratkaisuja ilman tilan t\u00e4ytt\u00e4mist\u00e4.<\/li>\n<p><\/br><\/p>\n<li><b>Tilan s\u00e4\u00e4st\u00f6ominaisuudet:<\/b> Sein\u00e4kiinnitett\u00e4v\u00e4 rakenne ei vie lattiatilaa, mik\u00e4 tekee siit\u00e4 loistavan pieniin kylpyhuoneisiin. Se j\u00e4rjest\u00e4\u00e4 p\u00e4iv\u00e4n tarpeet tehokkaasti, samalla s\u00e4ilytt\u00e4en kylpyhuoneen tilan avoimena ja siistin\u00e4, helpottaen siivousta.<\/li>\n<p><\/br><\/p>\n<li><b>Laaja k\u00e4ytt\u00f6:<\/b> Settiin kuuluu pesukabinetti, peili ja lis\u00e4kappia, tarjoten hyv\u00e4t s\u00e4ilytysratkaisut. Osat toimivat yhdess\u00e4, luoden harmonisen ja joustavan s\u00e4ilytysymp\u00e4rist\u00f6n, joka parantaa k\u00e4ytt\u00e4j\u00e4yst\u00e4v\u00e4llisyytt\u00e4 ja kylpyhuoneen ilmett\u00e4.<\/li>\n<p><\/br><\/ul>\n<ul>\n<li>Materiaali: Kiinte\u00e4 mango puu<\/li>\n<li>Yleiset mitat: 62 x 33 x 58 cm (P x L x K)<\/li>\n<li>Kukallinen kuvio<\/li>\n<li>Oven kanssa<\/li>\n<li>Messinkivetimill\u00e4<\/li>\n<li>Laatikolla<\/li>\n<li>Tasainen peili<\/li>\n<li>4 ovien kanssa<\/li>\n<li>Sis\u00e4- \/ ulkotiloissa: Vain sis\u00e4k\u00e4ytt\u00f6\u00f6n<\/li>\n<li>Toimitus-:<\/li>\n<li>1 x Pesukaluste: 62 x 33 x 58 cm (PxLxK)<\/li>\n<li>1 x Peili: 50 x 70 x 3 cm (PxLxK)<\/li>\n<li>1 x Kaappi: 38 x 33,5 x 160 cm (PxLxK)<\/li>\n<li>1 x Kaappi: 38 x 33,5 x 58 cm (PxLxK)<\/li>\n<li>Kokoonpano vaaditaan: Kyll\u00e4<\/li>\n<\/ul>\n","protected":false},"excerpt":{"rendered":"<ul>\n<li>Materiaali: Kiinte\u00e4 mango puu<\/li>\n<li>Yleiset mitat: 62 x 33 x 58 cm (P x L x K)<\/li>\n<li>Kukallinen kuvio<\/li>\n<li>Oven kanssa<\/li>\n<li>Messinkivetimill\u00e4<\/li>\n<li>Laatikolla<\/li>\n<li>Tasainen peili<\/li>\n<li>4 ovien kanssa<\/li>\n<li>Sis\u00e4- \/ ulkotiloissa: Vain sis\u00e4k\u00e4ytt\u00f6\u00f6n<\/li>\n<li>Toimitus-:<\/li>\n<li>1 x Pesukaluste: 62 x 33 x 58 cm (PxLxK)<\/li>\n<li>1 x Peili: 50 x 70 x 3 cm (PxLxK)<\/li>\n<li>1 x Kaappi: 38 x 33,5 x 160 cm (PxLxK)<\/li>\n<li>1 x Kaappi: 38 x 33,5 x 58 cm (PxLxK)<\/li>\n<li>Kokoonpano vaaditaan: Kyll\u00e4<\/li>\n<\/ul>\n","protected":false},"featured_media":100000198632,"comment_status":"closed","ping_status":"closed","template":"","meta":[],"product_brand":[],"product_cat":[84,8560],"product_tag":[],"class_list":{"0":"post-198632","1":"product","2":"type-product","3":"status-publish","4":"has-post-thumbnail","6":"product_cat-huonekalut","7":"product_cat-kylpyhuoneen-kalusteet","9":"first","10":"instock","11":"taxable","12":"shipping-taxable","13":"purchasable","14":"product-type-simple"},"_links":{"self":[{"href":"https:\/\/www.otiumhome.fi\/index.php\/wp-json\/wp\/v2\/product\/198632","targetHints":{"allow":["GET"]}}],"collection":[{"href":"https:\/\/www.otiumhome.fi\/index.php\/wp-json\/wp\/v2\/product"}],"about":[{"href":"https:\/\/www.otiumhome.fi\/index.php\/wp-json\/wp\/v2\/types\/product"}],"replies":[{"embeddable":true,"href":"https:\/\/www.otiumhome.fi\/index.php\/wp-json\/wp\/v2\/comments?post=198632"}],"wp:featuredmedia":[{"embeddable":true,"href":"https:\/\/www.otiumhome.fi\/index.php\/wp-json\/"}],"wp:attachment":[{"href":"https:\/\/www.otiumhome.fi\/index.php\/wp-json\/wp\/v2\/media?parent=198632"}],"wp:term":[{"taxonomy":"product_brand","embeddable":true,"href":"https:\/\/www.otiumhome.fi\/index.php\/wp-json\/wp\/v2\/product_brand?post=198632"},{"taxonomy":"product_cat","embeddable":true,"href":"https:\/\/www.otiumhome.fi\/index.php\/wp-json\/wp\/v2\/product_cat?post=198632"},{"taxonomy":"product_tag","embeddable":true,"href":"https:\/\/www.otiumhome.fi\/index.php\/wp-json\/wp\/v2\/product_tag?post=198632"}],"curies":[{"name":"wp","href":"https:\/\/api.w.org\/{rel}","templated":true}]}}