{"id":198631,"date":"2025-12-14T06:24:04","date_gmt":"2025-12-14T06:24:04","guid":{"rendered":"https:\/\/www.otiumhome.fi\/?p=198631"},"modified":"2025-12-15T07:54:32","modified_gmt":"2025-12-15T07:54:32","slug":"kylpyhuoneen-kaappisetti-ovella-3-pcs-kiintea-mango-puu","status":"publish","type":"product","link":"https:\/\/www.otiumhome.fi\/index.php\/tuote\/kylpyhuoneen-kaappisetti-ovella-3-pcs-kiintea-mango-puu\/","title":{"rendered":"Kylpyhuoneen kaappisetti ovella 3 pcs Kiinte\u00e4 mango puu"},"content":{"rendered":"<p>T\u00e4m\u00e4 puinen kylpyhuonelaitevaihtoehto tuo yksinkertaisuutta ja toimivuutta kylpyhuoneeseen. Se on suunniteltu moderneihin koteihin, ja siin\u00e4 yhdistyy selke\u00e4t linjat ja virtaviivainen muotoilu. Kukka-aihe tuo kylpyhuoneeseen hienostunutta eleganssia.<\/p>\n<ul>\n<li><b>Materiaalit:<\/b> T\u00e4ysist\u00e4 mangopuu- ja teknisist\u00e4 puuelementeist\u00e4 valmistettu kylpyhuonesarja tuo kest\u00e4v\u00e4n ja tyylikk\u00e4\u00e4n ilmeen. Mangopuun rustiikkia vieh\u00e4tyst\u00e4 yhdistettyn\u00e4 teknisiin puuelementteihin tekee siit\u00e4 luotettavan valinnan kotisi sisustukseen.<\/li>\n<li><b>Mukana tulevat komponentit:<\/b> T\u00e4m\u00e4 sarja sis\u00e4lt\u00e4\u00e4 peilikaapin, pesukaapin ja ylim\u00e4\u00e4r\u00e4isen s\u00e4ilytyskaapin, jotka yhdist\u00e4v\u00e4t k\u00e4yt\u00e4nn\u00f6llisyyden ja tyylin. Peilikaappi on loistava apu kauneudenhoidossa, ja kaapit tarjoavat runsaasti tilaa hygieniatavaroille ja kylpyhuoneen tarvitseville esineille.<\/li>\n<li><b>Ominaisuudet \/ Toiminta \/ Suunnittelu:<\/b> Kaunis kukkakuosi tuo luonnon sisustukseen. Messinkikahvat luovat hienon kontrastin ruskeaan puuhun, jolloin saadaan aikamatkustava ilme nykyaikaiseen kylpyhuoneeseen.<\/li>\n<li><b>Suositellut k\u00e4ytt\u00f6tarkoitukset:<\/b> T\u00e4ydellinen pienille ja keskikokoisille kylpyhuoneille, t\u00e4m\u00e4 sarja tekee huoneesta j\u00e4rjestetyn ja kauniin. Se on t\u00e4ydellinen valinta niille, jotka arvostavat tyyli\u00e4 ja toimintaa.<\/li>\n<li><b>Huolto &amp; Yll\u00e4pito:<\/b> Helppo puhdistaa; pyyhint\u00e4 kuivalla kankaalla riitt\u00e4\u00e4. K\u00e4yt\u00f6n j\u00e4lkeen pyyhint\u00e4 auttaa viimeistelyn s\u00e4ilytt\u00e4misess\u00e4, ja messinkikappaleet pysyv\u00e4t kiilt\u00e4vin\u00e4 oikealla hoidolla.<\/li>\n<\/ul>\n<ul>\n<li>Materiaali: Kiinte\u00e4 mango puu<\/li>\n<li>Yleiset mitat: 62 x 33 x 58 cm (P x L x K)<\/li>\n<li>Kukallinen kuvio<\/li>\n<li>Oven kanssa<\/li>\n<li>Messinkivetimill\u00e4<\/li>\n<li>Laatikolla<\/li>\n<li>Tasainen peili<\/li>\n<li>3 ovien kanssa<\/li>\n<li>Sis\u00e4- \/ ulkotiloissa: Vain sis\u00e4k\u00e4ytt\u00f6\u00f6n<\/li>\n<li>Toimitus-:<\/li>\n<li>1 x Pesukaluste: 62 x 33 x 58 cm (PxLxK)<\/li>\n<li>1 x Peili: 50 x 70 x 3 cm (PxLxK)<\/li>\n<li>1 x Kaappi: 38 x 33,5 x 160 cm (PxLxK)<\/li>\n<li>Kokoonpano vaaditaan: Kyll\u00e4<\/li>\n<\/ul>\n","protected":false},"excerpt":{"rendered":"<ul>\n<li>Materiaali: Kiinte\u00e4 mango puu<\/li>\n<li>Yleiset mitat: 62 x 33 x 58 cm (P x L x K)<\/li>\n<li>Kukallinen kuvio<\/li>\n<li>Oven kanssa<\/li>\n<li>Messinkivetimill\u00e4<\/li>\n<li>Laatikolla<\/li>\n<li>Tasainen peili<\/li>\n<li>3 ovien kanssa<\/li>\n<li>Sis\u00e4- \/ ulkotiloissa: Vain sis\u00e4k\u00e4ytt\u00f6\u00f6n<\/li>\n<li>Toimitus-:<\/li>\n<li>1 x Pesukaluste: 62 x 33 x 58 cm (PxLxK)<\/li>\n<li>1 x Peili: 50 x 70 x 3 cm (PxLxK)<\/li>\n<li>1 x Kaappi: 38 x 33,5 x 160 cm (PxLxK)<\/li>\n<li>Kokoonpano vaaditaan: Kyll\u00e4<\/li>\n<\/ul>\n","protected":false},"featured_media":100000198631,"comment_status":"closed","ping_status":"closed","template":"","meta":[],"product_brand":[],"product_cat":[84,8560],"product_tag":[],"class_list":{"0":"post-198631","1":"product","2":"type-product","3":"status-publish","4":"has-post-thumbnail","6":"product_cat-huonekalut","7":"product_cat-kylpyhuoneen-kalusteet","9":"first","10":"instock","11":"taxable","12":"shipping-taxable","13":"purchasable","14":"product-type-simple"},"_links":{"self":[{"href":"https:\/\/www.otiumhome.fi\/index.php\/wp-json\/wp\/v2\/product\/198631","targetHints":{"allow":["GET"]}}],"collection":[{"href":"https:\/\/www.otiumhome.fi\/index.php\/wp-json\/wp\/v2\/product"}],"about":[{"href":"https:\/\/www.otiumhome.fi\/index.php\/wp-json\/wp\/v2\/types\/product"}],"replies":[{"embeddable":true,"href":"https:\/\/www.otiumhome.fi\/index.php\/wp-json\/wp\/v2\/comments?post=198631"}],"wp:featuredmedia":[{"embeddable":true,"href":"https:\/\/www.otiumhome.fi\/index.php\/wp-json\/"}],"wp:attachment":[{"href":"https:\/\/www.otiumhome.fi\/index.php\/wp-json\/wp\/v2\/media?parent=198631"}],"wp:term":[{"taxonomy":"product_brand","embeddable":true,"href":"https:\/\/www.otiumhome.fi\/index.php\/wp-json\/wp\/v2\/product_brand?post=198631"},{"taxonomy":"product_cat","embeddable":true,"href":"https:\/\/www.otiumhome.fi\/index.php\/wp-json\/wp\/v2\/product_cat?post=198631"},{"taxonomy":"product_tag","embeddable":true,"href":"https:\/\/www.otiumhome.fi\/index.php\/wp-json\/wp\/v2\/product_tag?post=198631"}],"curies":[{"name":"wp","href":"https:\/\/api.w.org\/{rel}","templated":true}]}}