{"id":198630,"date":"2025-12-14T06:24:03","date_gmt":"2025-12-14T06:24:03","guid":{"rendered":"https:\/\/www.otiumhome.fi\/?p=198630"},"modified":"2025-12-15T07:53:05","modified_gmt":"2025-12-15T07:53:05","slug":"kylpyhuoneen-kaappisetti-ovella-2-pcs-kiintea-mango-puu","status":"publish","type":"product","link":"https:\/\/www.otiumhome.fi\/index.php\/tuote\/kylpyhuoneen-kaappisetti-ovella-2-pcs-kiintea-mango-puu\/","title":{"rendered":"Kylpyhuoneen kaappisetti ovella 2 pcs Kiinte\u00e4 mango puu"},"content":{"rendered":"<p>T\u00e4\u00e4 puinen kylpyhuonekaapistosarja on tyylik\u00e4s ja k\u00e4yt\u00e4nn\u00f6llinen lis\u00e4 nykyaikaiseen kylpyhuoneeseen. Suunnittelu on simppeli ja se on valmistettu t\u00e4ysist\u00e4 mangopuista, joten se on kest\u00e4v\u00e4 ja n\u00e4ytt\u00e4\u00e4 tosi hyv\u00e4lt\u00e4. Minimalistinen muotoilu sulautuu hyvin moniin eri sisustustyyleihin ja tarjoaa samalla hyvi\u00e4 s\u00e4ilytysratkaisuja. Kaapissa on kaunis kukallinen ovi, joka tuo v\u00e4h\u00e4n enemm\u00e4n tyyli\u00e4. Sein\u00e4lle asennettava malli tekee kylpyhuoneesta avaramman, joten se sopii hyvin niin pieniin kuin suuriin tiloihin.<\/p>\n<ul>\n<li><b>Laadukkaat materiaalit<\/b> T\u00e4\u00e4 kylpyhuonesetti on valmistettu t\u00e4ysist\u00e4 mangopuista, joten se on tosi kest\u00e4v\u00e4 ja tuo luonnollista l\u00e4mp\u00f6\u00e4. Tekninen puu tukee koko rakennetta ja tekee siit\u00e4 kevyen, joten se on helppo asentaa ja k\u00e4sitell\u00e4.<\/li>\n<li><b>Monipuoliset komponentit<\/b> Setti sis\u00e4lt\u00e4\u00e4 k\u00e4tev\u00e4n pesukaapin ja tasopeilin. Kaapissa on hyvi\u00e4 osastoja hygieniatuotteiden j\u00e4rjest\u00e4miseen, ja kaikki on helposti saatavilla. Peilin tasainen muotoilu on huippu k\u00e4yt\u00f6ss\u00e4, tarjoaa kirkkaan ja v\u00e4\u00e4ristym\u00e4tt\u00f6m\u00e4n kuvan p\u00e4ivitt\u00e4iseen k\u00e4ytt\u00e4miseen.<\/li>\n<li><b>Modernit ominaisuudet<\/b> Kukallinen malli kaapin ovessa tuo mukaan modernin tyylin, yhdist\u00e4en perinteiset elementit, mik\u00e4 tuo pienen taiteen puolensa kylpp\u00e4riin. Siistit linjat ja sein\u00e4lle asennettavuus tekev\u00e4t siit\u00e4 modernin n\u00e4k\u00f6isen.<\/li>\n<li><b>Suositellut k\u00e4ytt\u00f6tarkoitukset<\/b> T\u00e4\u00e4 setti sopii hyvin sis\u00e4tiloihin, k\u00e4yt\u00e4nn\u00f6ss\u00e4 henkil\u00f6kohtaiseen hygieniaan ja s\u00e4ilytykseen. Se on loistava valinta kodeille, joissa on v\u00e4h\u00e4n tilaa, ja se on tyylik\u00e4s keskipiste.<\/li>\n<li><b>Hoito ja yll\u00e4pito<\/b> Vaatimukset on v\u00e4h\u00e4isi\u00e4. S\u00e4\u00e4nn\u00f6llinen p\u00f6lynpoisto ja satunnainen kiillotus pit\u00e4v\u00e4t pinnat hyv\u00e4n\u00e4 ja kiilt\u00e4v\u00e4n\u00e4. V\u00e4lt\u00e4 vahvoja kemikaaleja, jotta sen kauneus ja toimivuus s\u00e4ilyy pitk\u00e4\u00e4n.<\/li>\n<\/ul>\n<ul>\n<li>Materiaali: Kiinte\u00e4 mango puu<\/li>\n<li>Yleiset mitat: 62 x 33 x 58 cm (P x L x K)<\/li>\n<li>Kukallinen kuvio<\/li>\n<li>Oven kanssa<\/li>\n<li>Tasainen peili<\/li>\n<li>2 ovien kanssa<\/li>\n<li>Sis\u00e4- \/ ulkotiloissa: Vain sis\u00e4k\u00e4ytt\u00f6\u00f6n<\/li>\n<li>Toimitus-:<\/li>\n<li>1 x Pesuallas Kaappi: 62 x 33 x 58 cm (P x L x K)<\/li>\n<li>1 x Peili: 50 x 70 x 3 cm (P x L x K)<\/li>\n<li>Kokoonpano vaaditaan: Kyll\u00e4<\/li>\n<\/ul>\n","protected":false},"excerpt":{"rendered":"<ul>\n<li>Materiaali: Kiinte\u00e4 mango puu<\/li>\n<li>Yleiset mitat: 62 x 33 x 58 cm (P x L x K)<\/li>\n<li>Kukallinen kuvio<\/li>\n<li>Oven kanssa<\/li>\n<li>Tasainen peili<\/li>\n<li>2 ovien kanssa<\/li>\n<li>Sis\u00e4- \/ ulkotiloissa: Vain sis\u00e4k\u00e4ytt\u00f6\u00f6n<\/li>\n<li>Toimitus-:<\/li>\n<li>1 x Pesuallas Kaappi: 62 x 33 x 58 cm (P x L x K)<\/li>\n<li>1 x Peili: 50 x 70 x 3 cm (P x L x K)<\/li>\n<li>Kokoonpano vaaditaan: Kyll\u00e4<\/li>\n<\/ul>\n","protected":false},"featured_media":100000198630,"comment_status":"closed","ping_status":"closed","template":"","meta":[],"product_brand":[],"product_cat":[84,8560],"product_tag":[],"class_list":{"0":"post-198630","1":"product","2":"type-product","3":"status-publish","4":"has-post-thumbnail","6":"product_cat-huonekalut","7":"product_cat-kylpyhuoneen-kalusteet","9":"first","10":"instock","11":"taxable","12":"shipping-taxable","13":"purchasable","14":"product-type-simple"},"_links":{"self":[{"href":"https:\/\/www.otiumhome.fi\/index.php\/wp-json\/wp\/v2\/product\/198630","targetHints":{"allow":["GET"]}}],"collection":[{"href":"https:\/\/www.otiumhome.fi\/index.php\/wp-json\/wp\/v2\/product"}],"about":[{"href":"https:\/\/www.otiumhome.fi\/index.php\/wp-json\/wp\/v2\/types\/product"}],"replies":[{"embeddable":true,"href":"https:\/\/www.otiumhome.fi\/index.php\/wp-json\/wp\/v2\/comments?post=198630"}],"wp:featuredmedia":[{"embeddable":true,"href":"https:\/\/www.otiumhome.fi\/index.php\/wp-json\/"}],"wp:attachment":[{"href":"https:\/\/www.otiumhome.fi\/index.php\/wp-json\/wp\/v2\/media?parent=198630"}],"wp:term":[{"taxonomy":"product_brand","embeddable":true,"href":"https:\/\/www.otiumhome.fi\/index.php\/wp-json\/wp\/v2\/product_brand?post=198630"},{"taxonomy":"product_cat","embeddable":true,"href":"https:\/\/www.otiumhome.fi\/index.php\/wp-json\/wp\/v2\/product_cat?post=198630"},{"taxonomy":"product_tag","embeddable":true,"href":"https:\/\/www.otiumhome.fi\/index.php\/wp-json\/wp\/v2\/product_tag?post=198630"}],"curies":[{"name":"wp","href":"https:\/\/api.w.org\/{rel}","templated":true}]}}