{"id":198600,"date":"2025-12-14T05:57:49","date_gmt":"2025-12-14T05:57:49","guid":{"rendered":"https:\/\/www.otiumhome.fi\/?p=198600"},"modified":"2025-12-14T22:12:47","modified_gmt":"2025-12-14T22:12:47","slug":"kirjahylly-harmaa-sonoma-60x30x114-cm-tekninen-puu","status":"publish","type":"product","link":"https:\/\/www.otiumhome.fi\/index.php\/tuote\/kirjahylly-harmaa-sonoma-60x30x114-cm-tekninen-puu\/","title":{"rendered":"Kirjahylly harmaa Sonoma 60x30x114 cm tekninen puu"},"content":{"rendered":"<p>Luo lis\u00e4\u00e4 s\u00e4ilytystilaa kotiisi tai toimistoosi t\u00e4ll\u00e4 kirjahyllyll\u00e4! L\u00f6yd\u00e4t t\u00e4ydellisen tilan kaikille aarteillesi.<\/p>\n<\/p>\n<ul>\n<li>Pitk\u00e4ik\u00e4inen materiaali: Tekninen puu on poikkeuksellisen laadukasta ja sile\u00e4pintaista. Se on luja, vakaa ja kosteudelle vastustuskykyinen.<\/li>\n<li>Runsaasti s\u00e4ilytystilaa: Kirjahyllyss\u00e4 on avolokerot, jotka tarjoavat reilusti s\u00e4ilytystilaa lehdille, kirjoille, DVD-levyille, multimedialaitteille ja koriste-esineille niiden j\u00e4rjestyksess\u00e4 ja ulottuvilla pit\u00e4miseen.<\/li>\n<li>Helppo huoltaa: Sile\u00e4n pinnan ansiosta s\u00e4ilytyskaappi on helppo puhdistaa kostealla liinalla ja se tarvitsee vain v\u00e4h\u00e4ist\u00e4 huoltoa.<\/li>\n<li>Useita k\u00e4ytt\u00f6tarkoituksia: T\u00e4m\u00e4 kirjahylly on monipuolinen ja se sopii makuu- ja olohuoneeseen, k\u00e4yt\u00e4v\u00e4\u00e4n ja muihin paikkoihin omien tarpeidesi mukaan.<\/li>\n<\/ul>\n<p>Varoitus:<\/p>\n<ul>\n<li>Kaatumisen est\u00e4miseksi t\u00e4t\u00e4 tuotetta on k\u00e4ytett\u00e4v\u00e4 mukana toimitetun sein\u00e4kiinnityslaitteen kanssa.<\/li>\n<\/ul>\n<ul>\n<li>V\u00e4ri: Harmaa Sonoma<\/li>\n<li>Materiaali: Tekninen puu<\/li>\n<li>Mitat: 60 x 30 x 114 cm (L x S x K)<\/li>\n<li>Asennus vaaditaan: Kyll\u00e4<\/li>\n<li>Legal Documents:\n<p><span>Lis\u00e4tietoja huonekalujesi kaatumisen est\u00e4misest\u00e4 voit l\u00f6yt\u00e4\u00e4 <span style=\"text-decoration: underline\"><strong><a title=\"https:\/\/bit.ly\/3bVwkQp\" href=\"https:\/\/bit.ly\/3bVwkQp\" target=\"_blank\">t\u00e4\u00e4lt\u00e4<\/a><\/strong><\/span><\/span><\/p>\n<\/li>\n<\/ul>\n","protected":false},"excerpt":{"rendered":"<ul>\n<li>V\u00e4ri: Harmaa Sonoma<\/li>\n<li>Materiaali: Tekninen puu<\/li>\n<li>Mitat: 60 x 30 x 114 cm (L x S x K)<\/li>\n<li>Asennus vaaditaan: Kyll\u00e4<\/li>\n<li>Legal Documents:\n<p><span>Lis\u00e4tietoja huonekalujesi kaatumisen est\u00e4misest\u00e4 voit l\u00f6yt\u00e4\u00e4 <span style=\"text-decoration: underline\"><strong><a title=\"https:\/\/bit.ly\/3bVwkQp\" href=\"https:\/\/bit.ly\/3bVwkQp\" target=\"_blank\">t\u00e4\u00e4lt\u00e4<\/a><\/strong><\/span><\/span><\/p>\n<\/li>\n<\/ul>\n","protected":false},"featured_media":100000198600,"comment_status":"closed","ping_status":"closed","template":"","meta":[],"product_brand":[],"product_cat":[84,8547],"product_tag":[],"class_list":{"0":"post-198600","1":"product","2":"type-product","3":"status-publish","4":"has-post-thumbnail","6":"product_cat-huonekalut","7":"product_cat-kirjahyllyt","9":"first","10":"instock","11":"taxable","12":"shipping-taxable","13":"purchasable","14":"product-type-simple"},"_links":{"self":[{"href":"https:\/\/www.otiumhome.fi\/index.php\/wp-json\/wp\/v2\/product\/198600","targetHints":{"allow":["GET"]}}],"collection":[{"href":"https:\/\/www.otiumhome.fi\/index.php\/wp-json\/wp\/v2\/product"}],"about":[{"href":"https:\/\/www.otiumhome.fi\/index.php\/wp-json\/wp\/v2\/types\/product"}],"replies":[{"embeddable":true,"href":"https:\/\/www.otiumhome.fi\/index.php\/wp-json\/wp\/v2\/comments?post=198600"}],"wp:featuredmedia":[{"embeddable":true,"href":"https:\/\/www.otiumhome.fi\/index.php\/wp-json\/"}],"wp:attachment":[{"href":"https:\/\/www.otiumhome.fi\/index.php\/wp-json\/wp\/v2\/media?parent=198600"}],"wp:term":[{"taxonomy":"product_brand","embeddable":true,"href":"https:\/\/www.otiumhome.fi\/index.php\/wp-json\/wp\/v2\/product_brand?post=198600"},{"taxonomy":"product_cat","embeddable":true,"href":"https:\/\/www.otiumhome.fi\/index.php\/wp-json\/wp\/v2\/product_cat?post=198600"},{"taxonomy":"product_tag","embeddable":true,"href":"https:\/\/www.otiumhome.fi\/index.php\/wp-json\/wp\/v2\/product_tag?post=198600"}],"curies":[{"name":"wp","href":"https:\/\/api.w.org\/{rel}","templated":true}]}}