{"id":198599,"date":"2025-12-14T05:56:32","date_gmt":"2025-12-14T05:56:32","guid":{"rendered":"https:\/\/www.otiumhome.fi\/?p=198599"},"modified":"2025-12-19T04:55:46","modified_gmt":"2025-12-19T04:55:46","slug":"kirjahylly-musta-tammi-60-x-30-x-76-5-cm-tekninen-puu","status":"publish","type":"product","link":"https:\/\/www.otiumhome.fi\/index.php\/tuote\/kirjahylly-musta-tammi-60-x-30-x-76-5-cm-tekninen-puu\/","title":{"rendered":"Kirjahylly Musta tammi. 60 x 30 x 76.5 cm Tekninen puu"},"content":{"rendered":"<p>T\u00e4m\u00e4 moderni vapaasti seisova kirjahylly on mahtava lis\u00e4 mihin tahansa olohuoneeseen. Se tarjoaa runsaasti tyylik\u00e4st\u00e4 s\u00e4ilytystilaa. Suorakaiteen muotoilu on t\u00e4ydellinen yhdistelm\u00e4 tyyli\u00e4 ja k\u00e4yt\u00e4nn\u00f6llisyytt\u00e4, sopien erinomaisesti minimalisteille. Kirjat, koristeet ja muut tavarat l\u00f6yt\u00e4v\u00e4t paikkansa t\u00e4ss\u00e4 hyllyss\u00e4, joka tuo j\u00e4rjestyst\u00e4 ja tyylikkyytt\u00e4 kotiisi.<\/p>\n<ul>\n<li><b>Materiaalit:<\/b> T\u00e4m\u00e4 kirjahylly on valmistettu kest\u00e4v\u00e4st\u00e4 teknisest\u00e4 puusta, yhdist\u00e4en kauniin ulkon\u00e4\u00f6n ja kest\u00e4vyyden. Se on k\u00e4yt\u00e4nn\u00f6llinen valinta, joka kest\u00e4\u00e4 k\u00e4ytt\u00f6\u00e4 ja sopii erilaiseen sisustukseen.<\/li>\n<li><b>Sis\u00e4lt\u00e4\u00e4 komponentteja:<\/b> Hyllyiss\u00e4 on paljon s\u00e4ilytystilaa, ja s\u00e4\u00e4dett\u00e4v\u00e4t hyllyt antavat joustavuutta j\u00e4rjestelyyn. Voit helposti mukauttaa tilaa omien tarpeidesi mukaan, oli sitten kyse isojen koristeiden n\u00e4ytt\u00e4misest\u00e4 tai kirjojen j\u00e4rjest\u00e4misest\u00e4.<\/li>\n<li><b>Ominaisuudet \/ Toiminta \/ Muotoilu:<\/b> T\u00e4m\u00e4 kirjahylly tarjoaa runsaasti tilaa, jotta voit j\u00e4rjest\u00e4\u00e4 ja esitt\u00e4\u00e4 tavaroitasi. Sen yksinkertainen ja tehokas muotoilu yhdist\u00e4\u00e4 k\u00e4yt\u00e4nn\u00f6llisyyden ja esteettisyyden t\u00e4ydellisesti.<\/li>\n<li><b>Suositellut k\u00e4ytt\u00f6tarkoitukset:<\/b> Olipa kyseess\u00e4 olohuone, t\u00e4m\u00e4 hylly sopii erinomaisesti moderniin sisustukseen ja tuo kauniin s\u00e4v\u00e4yksen s\u00e4ilytysratkaisuihin. Se on hy\u00f6dyllinen niin kaupunkikodissa kuin esikaupunkitalossakin.<\/li>\n<li><b>Hoito &amp; Huolto:<\/b> Jotta kirjahylly pysyisi kunnossa, varmista, ett\u00e4 se on kiinnitetty sein\u00e4\u00e4n kaatumisen est\u00e4miseksi. Pyyhk\u00e4ise se kuivalla liinalla, niin se s\u00e4ilyy siistin\u00e4. T\u00e4llaiset huoltotoimet varmistavat, ett\u00e4 kalusteesi on k\u00e4yt\u00e4nn\u00f6llinen ja kaunis osa kotiasi.<\/li>\n<\/ul>\n<ul>\n<li>V\u00e4ri: Musta tammi.<\/li>\n<li>Materiaali: Tekninen puu<\/li>\n<li>Yleiset mitat: 60 x 30 x 76,5 cm (P x L x K)<\/li>\n<li>Mukana levyhyllyt<\/li>\n<li>S\u00e4ilytysm\u00e4\u00e4r\u00e4: 3<\/li>\n<li>Kest\u00e4v\u00e4<\/li>\n<li>Enimm\u00e4ispaino: 60 kg<\/li>\n<li>Kokoonpano vaaditaan: Kyll\u00e4<\/li>\n<\/ul>\n","protected":false},"excerpt":{"rendered":"<ul>\n<li>V\u00e4ri: Musta tammi.<\/li>\n<li>Materiaali: Tekninen puu<\/li>\n<li>Yleiset mitat: 60 x 30 x 76,5 cm (P x L x K)<\/li>\n<li>Mukana levyhyllyt<\/li>\n<li>S\u00e4ilytysm\u00e4\u00e4r\u00e4: 3<\/li>\n<li>Kest\u00e4v\u00e4<\/li>\n<li>Enimm\u00e4ispaino: 60 kg<\/li>\n<li>Kokoonpano vaaditaan: Kyll\u00e4<\/li>\n<\/ul>\n","protected":false},"featured_media":100000198599,"comment_status":"closed","ping_status":"closed","template":"","meta":[],"product_brand":[],"product_cat":[84,8547],"product_tag":[],"class_list":{"0":"post-198599","1":"product","2":"type-product","3":"status-publish","4":"has-post-thumbnail","6":"product_cat-huonekalut","7":"product_cat-kirjahyllyt","9":"first","10":"instock","11":"taxable","12":"shipping-taxable","13":"purchasable","14":"product-type-simple"},"_links":{"self":[{"href":"https:\/\/www.otiumhome.fi\/index.php\/wp-json\/wp\/v2\/product\/198599","targetHints":{"allow":["GET"]}}],"collection":[{"href":"https:\/\/www.otiumhome.fi\/index.php\/wp-json\/wp\/v2\/product"}],"about":[{"href":"https:\/\/www.otiumhome.fi\/index.php\/wp-json\/wp\/v2\/types\/product"}],"replies":[{"embeddable":true,"href":"https:\/\/www.otiumhome.fi\/index.php\/wp-json\/wp\/v2\/comments?post=198599"}],"wp:featuredmedia":[{"embeddable":true,"href":"https:\/\/www.otiumhome.fi\/index.php\/wp-json\/"}],"wp:attachment":[{"href":"https:\/\/www.otiumhome.fi\/index.php\/wp-json\/wp\/v2\/media?parent=198599"}],"wp:term":[{"taxonomy":"product_brand","embeddable":true,"href":"https:\/\/www.otiumhome.fi\/index.php\/wp-json\/wp\/v2\/product_brand?post=198599"},{"taxonomy":"product_cat","embeddable":true,"href":"https:\/\/www.otiumhome.fi\/index.php\/wp-json\/wp\/v2\/product_cat?post=198599"},{"taxonomy":"product_tag","embeddable":true,"href":"https:\/\/www.otiumhome.fi\/index.php\/wp-json\/wp\/v2\/product_tag?post=198599"}],"curies":[{"name":"wp","href":"https:\/\/api.w.org\/{rel}","templated":true}]}}