{"id":198581,"date":"2025-12-14T05:47:21","date_gmt":"2025-12-14T05:47:21","guid":{"rendered":"https:\/\/www.otiumhome.fi\/?p=198581"},"modified":"2025-12-15T03:11:10","modified_gmt":"2025-12-15T03:11:10","slug":"baaripoyta-musta-tammi-101-x-40-x-1035-cm-tekninen-puu","status":"publish","type":"product","link":"https:\/\/www.otiumhome.fi\/index.php\/tuote\/baaripoyta-musta-tammi-101-x-40-x-1035-cm-tekninen-puu\/","title":{"rendered":"Baarip\u00f6yt\u00e4 Musta tammi. 101 x 40 x 103,5 cm Tekninen puu"},"content":{"rendered":"<p>Moderni baarip\u00f6yt\u00e4 on tyylik\u00e4s lis\u00e4 mihin tahansa ruokasaliin, tarjoamalla minimalistista suunnittelua, joka sopii nykyaikaisiin tiloihin. T\u00e4m\u00e4 suorakaiteen muotoinen p\u00f6yt\u00e4 on t\u00e4ydellinen paikka ruokailla, viihdytt\u00e4\u00e4 vieraita tai rentoutua juoman \u00e4\u00e4rell\u00e4. Sen puhtaat linjat ja tekninen puu yhdist\u00e4v\u00e4t hienostuneen ilmeen, tehden siit\u00e4 katseenvangitsijan olohuoneissa tai kotibaareissa.<\/p>\n<ul>\n<li><b>Laadukkaat materiaalit<\/b> Koko pohja on valmistettu teknisest\u00e4 puusta, joten baarip\u00f6yt\u00e4 on kest\u00e4v\u00e4 ja sile\u00e4 p\u00e4ivitt\u00e4iseen k\u00e4ytt\u00f6\u00f6n. T\u00e4m\u00e4 materiaali varmistaa pitk\u00e4n k\u00e4ytt\u00f6i\u00e4n sen tasaisen pinnan ja joustavuuden ansiosta. Esteettisyys huomioiden se tarjoaa hienostuneen ilmeen, joka sopii moderneihin sis\u00e4tiloihin yhdist\u00e4en kauneuden ja vakaan rakenteen.<\/li>\n<li><b>Tilava pinta<\/b> Suuri p\u00f6yt\u00e4taso mitoissa 101 x 40 cm tarjoaa riitt\u00e4v\u00e4sti tilaa aterioille, juomille tai koriste-esineille. Sen koko mahdollistaa erilaisia k\u00e4ytt\u00f6j\u00e4, kuten romanttisia illallisia tai vilkkaita cocktail-partyja. K\u00e4ytt\u00e4j\u00e4t arvostavat runsaasti tilaa, joka mahdollistaa joustavan viihdytt\u00e4misen tai henkil\u00f6kohtaisen k\u00e4yt\u00f6n.<\/li>\n<li><b>Sile\u00e4 muotoilu<\/b> Moderni tyyli korostuu puhtaineen, ylellist\u00e4 linjaa antavien yksityiskohtien avulla, jotka alleviivaavat yksinkertaisuutta ja k\u00e4yt\u00e4nn\u00f6llisyytt\u00e4. Huomaamaton eleganssi tekee siit\u00e4 monik\u00e4ytt\u00f6isen lis\u00e4yksen mihin tahansa kotiin, mukautuen t\u00e4ydellisesti olemassa olevaan kalustukseen. Korkean p\u00f6yd\u00e4n muotoilu kannustaa sosiaaliseen kanssak\u00e4ymiseen, tehden siit\u00e4 loistavan paikan kokoontumisiin tai rauhallisiin iltoihin.<\/li>\n<li><b>Sis\u00e4k\u00e4ytt\u00f6<\/b> Suunniteltu yksinomaan sis\u00e4tiloihin, t\u00e4m\u00e4 p\u00f6yt\u00e4 sopii t\u00e4ydellisesti ruokasaleihin, keitti\u00f6ihin tai baaritiloihin. Se s\u00e4ilytt\u00e4\u00e4 houkuttelevan ulkon\u00e4k\u00f6ns\u00e4 ilman altistumista ulkoisille tekij\u00f6ille, mink\u00e4 ansiosta sen vieh\u00e4tt\u00e4vyytt\u00e4 kest\u00e4v\u00e4. T\u00e4m\u00e4 erityisyys lis\u00e4\u00e4 houkuttelevuutta, tehden siit\u00e4 turvallisen valinnan huolella suunniteltuihin sis\u00e4tiloihin.<\/li>\n<li><b>Helppo huolto<\/b> Yksinkertaiset huoltotoimenpiteet pit\u00e4v\u00e4t p\u00f6yd\u00e4n n\u00e4ytt\u00e4v\u00e4n\u00e4. Kevyt pyyhint\u00e4 kuivalle tai hieman kostealle liinalle riitt\u00e4\u00e4 p\u00f6lyn ja tahrojen poistamiseen. Minimalistiset huoltovaatimukset varmistavat, ett\u00e4 se pysyy yht\u00e4 n\u00e4ytt\u00e4v\u00e4n\u00e4 kuin p\u00e4iv\u00e4n\u00e4, jolloin se saapui, tehden siit\u00e4 vaivattoman ja tyylikk\u00e4\u00e4n lis\u00e4yksen kotiin.<\/li>\n<\/ul>\n<ul>\n<li>V\u00e4ri: Musta tammi.<\/li>\n<li>Materiaali: Tekninen puu<\/li>\n<li>Yleiset mitat: 101 x 40 x 103,5 cm (P x L x K)<\/li>\n<li>Paino: 25,42 kg<\/li>\n<li>3 hyllyill\u00e4<\/li>\n<li>Kehysmateriaali: Tekninen puu<\/li>\n<li>Vain sis\u00e4k\u00e4ytt\u00f6\u00f6n<\/li>\n<li>Toimitus-:<\/li>\n<li>1 x Baari P\u00f6yt\u00e4<\/li>\n<li>Kokoonpano vaaditaan: Kyll\u00e4<\/li>\n<\/ul>\n","protected":false},"excerpt":{"rendered":"<ul>\n<li>V\u00e4ri: Musta tammi.<\/li>\n<li>Materiaali: Tekninen puu<\/li>\n<li>Yleiset mitat: 101 x 40 x 103,5 cm (P x L x K)<\/li>\n<li>Paino: 25,42 kg<\/li>\n<li>3 hyllyill\u00e4<\/li>\n<li>Kehysmateriaali: Tekninen puu<\/li>\n<li>Vain sis\u00e4k\u00e4ytt\u00f6\u00f6n<\/li>\n<li>Toimitus-:<\/li>\n<li>1 x Baari P\u00f6yt\u00e4<\/li>\n<li>Kokoonpano vaaditaan: Kyll\u00e4<\/li>\n<\/ul>\n","protected":false},"featured_media":100000198581,"comment_status":"closed","ping_status":"closed","template":"","meta":[],"product_brand":[],"product_cat":[84,8543],"product_tag":[],"class_list":{"0":"post-198581","1":"product","2":"type-product","3":"status-publish","4":"has-post-thumbnail","6":"product_cat-huonekalut","7":"product_cat-keittion-ruokapoydat","9":"first","10":"instock","11":"taxable","12":"shipping-taxable","13":"purchasable","14":"product-type-simple"},"_links":{"self":[{"href":"https:\/\/www.otiumhome.fi\/index.php\/wp-json\/wp\/v2\/product\/198581","targetHints":{"allow":["GET"]}}],"collection":[{"href":"https:\/\/www.otiumhome.fi\/index.php\/wp-json\/wp\/v2\/product"}],"about":[{"href":"https:\/\/www.otiumhome.fi\/index.php\/wp-json\/wp\/v2\/types\/product"}],"replies":[{"embeddable":true,"href":"https:\/\/www.otiumhome.fi\/index.php\/wp-json\/wp\/v2\/comments?post=198581"}],"wp:featuredmedia":[{"embeddable":true,"href":"https:\/\/www.otiumhome.fi\/index.php\/wp-json\/"}],"wp:attachment":[{"href":"https:\/\/www.otiumhome.fi\/index.php\/wp-json\/wp\/v2\/media?parent=198581"}],"wp:term":[{"taxonomy":"product_brand","embeddable":true,"href":"https:\/\/www.otiumhome.fi\/index.php\/wp-json\/wp\/v2\/product_brand?post=198581"},{"taxonomy":"product_cat","embeddable":true,"href":"https:\/\/www.otiumhome.fi\/index.php\/wp-json\/wp\/v2\/product_cat?post=198581"},{"taxonomy":"product_tag","embeddable":true,"href":"https:\/\/www.otiumhome.fi\/index.php\/wp-json\/wp\/v2\/product_tag?post=198581"}],"curies":[{"name":"wp","href":"https:\/\/api.w.org\/{rel}","templated":true}]}}