{"id":198579,"date":"2025-12-14T05:47:20","date_gmt":"2025-12-14T05:47:20","guid":{"rendered":"https:\/\/www.otiumhome.fi\/?p=198579"},"modified":"2025-12-15T03:08:20","modified_gmt":"2025-12-15T03:08:20","slug":"baaripoyta-musta-tammi-90-x-47-5-x-103-5-cm-tekninen-puu","status":"publish","type":"product","link":"https:\/\/www.otiumhome.fi\/index.php\/tuote\/baaripoyta-musta-tammi-90-x-47-5-x-103-5-cm-tekninen-puu\/","title":{"rendered":"Baarip\u00f6yt\u00e4 Musta tammi. 90 x 47.5 x 103.5 cm Tekninen puu"},"content":{"rendered":"<p>T\u00e4m\u00e4 moderni baarip\u00f6yt\u00e4 on suunniteltu tyylikk\u00e4isiin sis\u00e4tiloihin, joissa tarvitaan minimalistista ilmetta. Se sopii loistavasti kotibaariin tai ruokasaliin tarjoten hienostuneen ja k\u00e4yt\u00e4nn\u00f6llisen vaihtoehdon niin sosiaalisille kokoontumisille kuin rauhalliselle hetkelle. Suorakaiteen muoto parantaa sen monipuolisuutta ja mahdollisuuksia sulautua eri tyyleihin. Tekninen puu tuo l\u00e4mp\u00f6\u00e4 ja kest\u00e4vyytt\u00e4, tehden siit\u00e4 tilan avainkomponentin.<\/p>\n<ul>\n<li><b>Tekninen puu rakenne<\/b> Tekninen puu on baarip\u00f6yd\u00e4n perusmateriaali, mik\u00e4 takaa kest\u00e4vyyden ja vahvan rakenteen. Se on tunnettu sen taivutus- ja halkeilun kest\u00e4vyydest\u00e4, joten se soveltuu hyvin monenlaisiin koteihin. Tasainen pinta tuo vieh\u00e4tyst\u00e4 ja on helppo puhdistaa.<\/li>\n<li><b>Osien rakenne<\/b> Jokainen p\u00f6yd\u00e4n osa, rungosta pinnoitteeseen, on tehty yhdest\u00e4 ja samasta teknisest\u00e4 puusta. T\u00e4m\u00e4 tekee ulkon\u00e4\u00f6st\u00e4 yhten\u00e4isen, t\u00e4ydent\u00e4en modernia huonekalusuuntausta. Koko rakenne on kest\u00e4v\u00e4 ja sopii jokap\u00e4iv\u00e4iseen k\u00e4ytt\u00f6\u00f6n.<\/li>\n<li><b>Suorakaiteen muoto<\/b> Klassinen suorakaiteen muoto mahdollistaa tilank\u00e4yt\u00f6n optimoinnin, muuttaen p\u00f6yd\u00e4n monik\u00e4ytt\u00f6iseksi: se toimii niin ruokailussa, ty\u00f6ss\u00e4 kuin seurustelussakin. Ajaton muoto voi yhdisty\u00e4 eri sisustusteemoihin, ja se todistaa monipuolisuutensa.<\/li>\n<li><b>Suositellut k\u00e4yt\u00f6t<\/b> T\u00e4m\u00e4 p\u00f6yt\u00e4 on suunniteltu sis\u00e4tiloihin \u2013 se on t\u00e4ydellinen modernin muotoilun kruunu. Olitpa sitten juuri sisustanut ruokasalin tai kaipaisit tyylik\u00e4st\u00e4 lis\u00e4yst\u00e4 kotibaariisi, t\u00e4m\u00e4 p\u00f6yt\u00e4 tarjoaa toimivuutta ja tyyli\u00e4.<\/li>\n<li><b>Kokoamisvaatimukset<\/b> Helppo koota, tarvitsee vain kaksi henkil\u00f6\u00e4 ja perusv\u00e4lineit\u00e4. Ohjeet ovat selke\u00e4t, joten se on helpommin toteutettavissa monille, mik\u00e4 lis\u00e4\u00e4 mahdollisuutta osallistua itse kokoamiseen.<\/li>\n<\/ul>\n<ul>\n<li>V\u00e4ri: Musta tammi.<\/li>\n<li>Materiaali: Tekninen puu<\/li>\n<li>Yleiset mitat: 90 x 47,5 x 103,5 cm (P x L x K)<\/li>\n<li>Paino: 25,78 kg<\/li>\n<li>2 hyllyill\u00e4<\/li>\n<li>Kehysmateriaali: Tekninen puu<\/li>\n<li>Vain sis\u00e4k\u00e4ytt\u00f6\u00f6n<\/li>\n<li>Toimitus-:<\/li>\n<li>1 x Baari P\u00f6yt\u00e4<\/li>\n<li>Kokoonpano vaaditaan: Kyll\u00e4<\/li>\n<\/ul>\n","protected":false},"excerpt":{"rendered":"<ul>\n<li>V\u00e4ri: Musta tammi.<\/li>\n<li>Materiaali: Tekninen puu<\/li>\n<li>Yleiset mitat: 90 x 47,5 x 103,5 cm (P x L x K)<\/li>\n<li>Paino: 25,78 kg<\/li>\n<li>2 hyllyill\u00e4<\/li>\n<li>Kehysmateriaali: Tekninen puu<\/li>\n<li>Vain sis\u00e4k\u00e4ytt\u00f6\u00f6n<\/li>\n<li>Toimitus-:<\/li>\n<li>1 x Baari P\u00f6yt\u00e4<\/li>\n<li>Kokoonpano vaaditaan: Kyll\u00e4<\/li>\n<\/ul>\n","protected":false},"featured_media":100000198579,"comment_status":"closed","ping_status":"closed","template":"","meta":[],"product_brand":[],"product_cat":[84,8543],"product_tag":[],"class_list":{"0":"post-198579","1":"product","2":"type-product","3":"status-publish","4":"has-post-thumbnail","6":"product_cat-huonekalut","7":"product_cat-keittion-ruokapoydat","9":"first","10":"instock","11":"taxable","12":"shipping-taxable","13":"purchasable","14":"product-type-simple"},"_links":{"self":[{"href":"https:\/\/www.otiumhome.fi\/index.php\/wp-json\/wp\/v2\/product\/198579","targetHints":{"allow":["GET"]}}],"collection":[{"href":"https:\/\/www.otiumhome.fi\/index.php\/wp-json\/wp\/v2\/product"}],"about":[{"href":"https:\/\/www.otiumhome.fi\/index.php\/wp-json\/wp\/v2\/types\/product"}],"replies":[{"embeddable":true,"href":"https:\/\/www.otiumhome.fi\/index.php\/wp-json\/wp\/v2\/comments?post=198579"}],"wp:featuredmedia":[{"embeddable":true,"href":"https:\/\/www.otiumhome.fi\/index.php\/wp-json\/"}],"wp:attachment":[{"href":"https:\/\/www.otiumhome.fi\/index.php\/wp-json\/wp\/v2\/media?parent=198579"}],"wp:term":[{"taxonomy":"product_brand","embeddable":true,"href":"https:\/\/www.otiumhome.fi\/index.php\/wp-json\/wp\/v2\/product_brand?post=198579"},{"taxonomy":"product_cat","embeddable":true,"href":"https:\/\/www.otiumhome.fi\/index.php\/wp-json\/wp\/v2\/product_cat?post=198579"},{"taxonomy":"product_tag","embeddable":true,"href":"https:\/\/www.otiumhome.fi\/index.php\/wp-json\/wp\/v2\/product_tag?post=198579"}],"curies":[{"name":"wp","href":"https:\/\/api.w.org\/{rel}","templated":true}]}}