{"id":198576,"date":"2025-12-14T05:45:40","date_gmt":"2025-12-14T05:45:40","guid":{"rendered":"https:\/\/www.otiumhome.fi\/?p=198576"},"modified":"2025-12-19T04:53:43","modified_gmt":"2025-12-19T04:53:43","slug":"ruokapoyta-140x70x76-cm-taysi-karkea-mangopuu","status":"publish","type":"product","link":"https:\/\/www.otiumhome.fi\/index.php\/tuote\/ruokapoyta-140x70x76-cm-taysi-karkea-mangopuu\/","title":{"rendered":"Ruokap\u00f6yt\u00e4 140x70x76 cm t\u00e4ysi karkea mangopuu"},"content":{"rendered":"<p>Teollistyylinen puinen ruokap\u00f6yt\u00e4 on t\u00e4ydellisen kiehtova lis\u00e4 keitti\u00f6\u00f6n tai ruokailuhuoneeseen.<\/p>\n<\/p>\n<p>Ruokap\u00f6yt\u00e4 on valmistettu karkeasta mangopuusta, joka on hyvin painoa kantava trooppinen lehtipuu. Se kest\u00e4\u00e4 my\u00f6s ajan patinaa, joten se on vakaa ja kest\u00e4v\u00e4. K\u00e4sity\u00f6n j\u00e4lki ja kauniit puun pintakuviot tekev\u00e4t jokaisesta huonekalusta ainutlaatuisen ja hieman toisistaan eroavan.<\/p>\n<\/p>\n<p>T\u00e4rke\u00e4 huomio: V\u00e4rit ja puunsyyt vaihtelevat kappaleittain, mik\u00e4 tekee jokaisesta huonekalusta ainutlaatuisen. Toimitus on sattumanvarainen.<\/p>\n<ul>\n<li>Materiaali: t\u00e4ysi, karkea mangopuu<\/li>\n<li>Mitat: 140 x 70 x 76 cm (P x L x K)<\/li>\n<li>P\u00f6yt\u00e4levyn paksuus: 10 cm<\/li>\n<li>Asennus vaaditaan: kyll\u00e4<\/li>\n<\/ul>\n","protected":false},"excerpt":{"rendered":"<ul>\n<li>Materiaali: t\u00e4ysi, karkea mangopuu<\/li>\n<li>Mitat: 140 x 70 x 76 cm (P x L x K)<\/li>\n<li>P\u00f6yt\u00e4levyn paksuus: 10 cm<\/li>\n<li>Asennus vaaditaan: kyll\u00e4<\/li>\n<\/ul>\n","protected":false},"featured_media":100000198576,"comment_status":"closed","ping_status":"closed","template":"","meta":[],"product_brand":[],"product_cat":[84,8543],"product_tag":[],"class_list":{"0":"post-198576","1":"product","2":"type-product","3":"status-publish","4":"has-post-thumbnail","6":"product_cat-huonekalut","7":"product_cat-keittion-ruokapoydat","9":"first","10":"instock","11":"taxable","12":"shipping-taxable","13":"purchasable","14":"product-type-simple"},"_links":{"self":[{"href":"https:\/\/www.otiumhome.fi\/index.php\/wp-json\/wp\/v2\/product\/198576","targetHints":{"allow":["GET"]}}],"collection":[{"href":"https:\/\/www.otiumhome.fi\/index.php\/wp-json\/wp\/v2\/product"}],"about":[{"href":"https:\/\/www.otiumhome.fi\/index.php\/wp-json\/wp\/v2\/types\/product"}],"replies":[{"embeddable":true,"href":"https:\/\/www.otiumhome.fi\/index.php\/wp-json\/wp\/v2\/comments?post=198576"}],"wp:featuredmedia":[{"embeddable":true,"href":"https:\/\/www.otiumhome.fi\/index.php\/wp-json\/"}],"wp:attachment":[{"href":"https:\/\/www.otiumhome.fi\/index.php\/wp-json\/wp\/v2\/media?parent=198576"}],"wp:term":[{"taxonomy":"product_brand","embeddable":true,"href":"https:\/\/www.otiumhome.fi\/index.php\/wp-json\/wp\/v2\/product_brand?post=198576"},{"taxonomy":"product_cat","embeddable":true,"href":"https:\/\/www.otiumhome.fi\/index.php\/wp-json\/wp\/v2\/product_cat?post=198576"},{"taxonomy":"product_tag","embeddable":true,"href":"https:\/\/www.otiumhome.fi\/index.php\/wp-json\/wp\/v2\/product_tag?post=198576"}],"curies":[{"name":"wp","href":"https:\/\/api.w.org\/{rel}","templated":true}]}}