{"id":198572,"date":"2025-12-14T05:39:34","date_gmt":"2025-12-14T05:39:34","guid":{"rendered":"https:\/\/www.otiumhome.fi\/?p=198572"},"modified":"2025-12-15T04:12:45","modified_gmt":"2025-12-15T04:12:45","slug":"ruokatuoli-2-pcs-valkoinen-kestava-kumipuinen","status":"publish","type":"product","link":"https:\/\/www.otiumhome.fi\/index.php\/tuote\/ruokatuoli-2-pcs-valkoinen-kestava-kumipuinen\/","title":{"rendered":"Ruokatuoli 2 pcs Valkoinen Kest\u00e4v\u00e4 Kumipuinen"},"content":{"rendered":"<p>T\u00e4m\u00e4 vintage-ruokatuoli on t\u00e4ydellinen valinta mihin tahansa ruokailutilaan, yhdist\u00e4en vintage-tyylin ja modernin mukavuuden. Sen klassinen suorakulmainen muotoilu tuo hienostunutta tunnelmaa, joka sopii koteihin, joissa halutaan luoda ajattomuutta erilaisilla sisustustyyleill\u00e4. Kuvittele j\u00e4rjest\u00e4v\u00e4si illallisia tai nauttivasi p\u00e4ivitt\u00e4isi\u00e4 aterioita n\u00e4ill\u00e4 kauniilla tuoleilla, jotka tuovat esiin hienostuneen antiikin tunnelman ja ovat silti k\u00e4yt\u00e4nn\u00f6llisi\u00e4 jokap\u00e4iv\u00e4iseen k\u00e4ytt\u00f6\u00f6n.<\/p>\n<ul><\/br><\/p>\n<li><b>Vahva kumipuumateriaali<\/b> Tuoli on valmistettu kest\u00e4v\u00e4st\u00e4 kumipuusta, joka parantaa sen kest\u00e4vyytt\u00e4 ja pitk\u00e4ik\u00e4isyytt\u00e4. Sen luonnollinen puunsyy tuo l\u00e4mp\u00f6\u00e4 ja kauneutta mihin tahansa huoneeseen, luoden aistillista nautintoa.<\/li>\n<p><\/br><\/p>\n<li><b>Lakatut pinnat<\/b> Kiilt\u00e4v\u00e4 lakkaus suojaa tuolia ja tuo lis\u00e4\u00e4 kauneutta, joka kest\u00e4\u00e4 aikaa. T\u00e4m\u00e4 viimeistely ei ainoastaan paranna tuolin ulkon\u00e4k\u00f6\u00e4 vaan tekee siit\u00e4 my\u00f6s kest\u00e4v\u00e4mm\u00e4n pieni\u00e4 vaurioita vastaan.<\/li>\n<p><\/br><\/p>\n<li><b>T\u00e4ydellinen komponenttisetti<\/b> Jokainen vintage-ruokatuoli sis\u00e4lt\u00e4\u00e4 mukavan istuintyynyn, kiinnitettyn\u00e4 vahvaan kumipuukehikkoon ja jalkoihin. T\u00e4m\u00e4 kokonaisuus takaa luotettavan tuen ja mukavuuden, pit\u00e4en tyylin eleganttina.<\/li>\n<p><\/br><\/p>\n<li><b>Monipuolinen huonek\u00e4ytt\u00f6<\/b> Tuolin muotoilu tekee siit\u00e4 soveltuvan moneen eri ymp\u00e4rist\u00f6\u00f6n, kuten ruokasaliin, olohuoneeseen tai kotitoimistoon. T\u00e4m\u00e4 monipuolisuus tekee siit\u00e4 loistavan valinnan, joka t\u00e4ydent\u00e4\u00e4 niin moderneja koteja kuin perinteisi\u00e4kin tyylej\u00e4.<\/li>\n<p><\/br><\/p>\n<li><b>Vaivaton huolto<\/b> Pid\u00e4 tuoli hyv\u00e4ss\u00e4 kunnossa vaivattomasti: pyyhi vain kostealla liinalla p\u00f6ly ja tahrat pois. V\u00e4lt\u00e4 voimakkaita kemikaaleja puun eheyden suojelemiseksi, jotta tuoli pysyy yht\u00e4 vaikuttavana kuin sen saapuessa.<\/li>\n<p><\/br><\/ul>\n<ul>\n<li>V\u00e4ri: Valkoinen<\/li>\n<li>Materiaali: Kest\u00e4v\u00e4 kumipuinen<\/li>\n<li>Kehysmateriaali: T\u00e4ysi kumipuu<\/li>\n<li>Jalat materiaali: T\u00e4ysi kumipuu<\/li>\n<li>Yleiset mitat: 43,5 x 44,5 x 77,5 cm (L x S x K)<\/li>\n<li>Istuimen leveys: 41 cm<\/li>\n<li>Istuimen syvyys: 40 cm<\/li>\n<li>Istuimen korkeus maasta: 46,5 cm<\/li>\n<li>Takaosan korkeus: 34 cm<\/li>\n<li>Enimm\u00e4ispaino: 160 kg<\/li>\n<li>Kest\u00e4v\u00e4<\/li>\n<li>Lehtipuu<\/li>\n<li>Puunsyyt<\/li>\n<li>Kest\u00e4v\u00e4 massiivipuinen kumipuu<\/li>\n<li>Vakaa ja tukeva rakenne<\/li>\n<li>Laajat k\u00e4ytt\u00f6tarkoitukset<\/li>\n<li>Mukava istuintyyny<\/li>\n<li>Helppo pit\u00e4\u00e4 puhtaana<\/li>\n<li>Kokoonpano vaaditaan: Kyll\u00e4<\/li>\n<li>Toimitus-:<\/li>\n<li>2 x Ruokatuoli<\/li>\n<li>2 x Istuintyyny<\/li>\n<\/ul>\n","protected":false},"excerpt":{"rendered":"<ul>\n<li>V\u00e4ri: Valkoinen<\/li>\n<li>Materiaali: Kest\u00e4v\u00e4 kumipuinen<\/li>\n<li>Kehysmateriaali: T\u00e4ysi kumipuu<\/li>\n<li>Jalat materiaali: T\u00e4ysi kumipuu<\/li>\n<li>Yleiset mitat: 43,5 x 44,5 x 77,5 cm (L x S x K)<\/li>\n<li>Istuimen leveys: 41 cm<\/li>\n<li>Istuimen syvyys: 40 cm<\/li>\n<li>Istuimen korkeus maasta: 46,5 cm<\/li>\n<li>Takaosan korkeus: 34 cm<\/li>\n<li>Enimm\u00e4ispaino: 160 kg<\/li>\n<li>Kest\u00e4v\u00e4<\/li>\n<li>Lehtipuu<\/li>\n<li>Puunsyyt<\/li>\n<li>Kest\u00e4v\u00e4 massiivipuinen kumipuu<\/li>\n<li>Vakaa ja tukeva rakenne<\/li>\n<li>Laajat k\u00e4ytt\u00f6tarkoitukset<\/li>\n<li>Mukava istuintyyny<\/li>\n<li>Helppo pit\u00e4\u00e4 puhtaana<\/li>\n<li>Kokoonpano vaaditaan: Kyll\u00e4<\/li>\n<li>Toimitus-:<\/li>\n<li>2 x Ruokatuoli<\/li>\n<li>2 x Istuintyyny<\/li>\n<\/ul>\n","protected":false},"featured_media":100000198572,"comment_status":"closed","ping_status":"closed","template":"","meta":[],"product_brand":[],"product_cat":[84,8542],"product_tag":[],"class_list":{"0":"post-198572","1":"product","2":"type-product","3":"status-publish","4":"has-post-thumbnail","6":"product_cat-huonekalut","7":"product_cat-keittion-ruokapoydan-tuolit","9":"first","10":"instock","11":"taxable","12":"shipping-taxable","13":"purchasable","14":"product-type-simple"},"_links":{"self":[{"href":"https:\/\/www.otiumhome.fi\/index.php\/wp-json\/wp\/v2\/product\/198572","targetHints":{"allow":["GET"]}}],"collection":[{"href":"https:\/\/www.otiumhome.fi\/index.php\/wp-json\/wp\/v2\/product"}],"about":[{"href":"https:\/\/www.otiumhome.fi\/index.php\/wp-json\/wp\/v2\/types\/product"}],"replies":[{"embeddable":true,"href":"https:\/\/www.otiumhome.fi\/index.php\/wp-json\/wp\/v2\/comments?post=198572"}],"wp:featuredmedia":[{"embeddable":true,"href":"https:\/\/www.otiumhome.fi\/index.php\/wp-json\/"}],"wp:attachment":[{"href":"https:\/\/www.otiumhome.fi\/index.php\/wp-json\/wp\/v2\/media?parent=198572"}],"wp:term":[{"taxonomy":"product_brand","embeddable":true,"href":"https:\/\/www.otiumhome.fi\/index.php\/wp-json\/wp\/v2\/product_brand?post=198572"},{"taxonomy":"product_cat","embeddable":true,"href":"https:\/\/www.otiumhome.fi\/index.php\/wp-json\/wp\/v2\/product_cat?post=198572"},{"taxonomy":"product_tag","embeddable":true,"href":"https:\/\/www.otiumhome.fi\/index.php\/wp-json\/wp\/v2\/product_tag?post=198572"}],"curies":[{"name":"wp","href":"https:\/\/api.w.org\/{rel}","templated":true}]}}