{"id":198540,"date":"2025-12-14T05:39:22","date_gmt":"2025-12-14T05:39:22","guid":{"rendered":"https:\/\/www.otiumhome.fi\/?p=198540"},"modified":"2025-12-19T04:52:33","modified_gmt":"2025-12-19T04:52:33","slug":"ruokatuoli-2-pcs-valkoinen-ja-valkoinen-kestava-kumipuinen","status":"publish","type":"product","link":"https:\/\/www.otiumhome.fi\/index.php\/tuote\/ruokatuoli-2-pcs-valkoinen-ja-valkoinen-kestava-kumipuinen\/","title":{"rendered":"Ruokatuoli 2 pcs Valkoinen ja valkoinen Kest\u00e4v\u00e4 Kumipuinen"},"content":{"rendered":"<p>T\u00e4\u00e4 vintage-ruokatuoli tuo eleganssia ja vieh\u00e4tyst\u00e4, ja se on t\u00e4ydellinen lis\u00e4 mihin tahansa sis\u00e4tilaan, kuten ruokasalille tai koditoimistolle. Tuolin ajaton design tuo menneisyyden tunnelmaa, ja se nostaa mink\u00e4 tahansa tilan ilmett\u00e4. Mukava ja kest\u00e4v\u00e4 rakenne t\u00e4ytt\u00e4\u00e4 k\u00e4ytt\u00e4jien tarpeet, jotka haluavat yhdist\u00e4\u00e4 tyylin ja toimivuuden. T\u00e4yskumipuusta rakennettu tuoli on vahva ja siihen on mukava istua, joten se sopii loistavasti ruokailuun tai ty\u00f6skentelyyn.<\/p>\n<ul><\/br><\/p>\n<li><b>T\u00e4ysi kumipuusta tehty<\/b> T\u00e4m\u00e4 ruokatuoli on tehty t\u00e4yskumipuusta, joka on tunnettu kest\u00e4vyydest\u00e4\u00e4n. Puun luonnolliset kuviolaatu tuo tyyli\u00e4, ja se kest\u00e4\u00e4 painoa vaivatta. T\u00e4m\u00e4 materiaali takaa pitk\u00e4ik\u00e4isyytt\u00e4 arjessa, ja se on arvokas lis\u00e4 kotiin tai toimistoon. Jokainen tuoli tuo mukanaan l\u00e4mp\u00f6\u00e4 eri sisustuksiin.<\/li>\n<p><\/br><\/p>\n<li><b>Erinomainen istumamukavuus<\/b> Pehmustettu istuin tekee tuolista erityisen mukavan. Pehmuste antaa tukea ja yksinkertaisesti varmistaa tyytyv\u00e4isyyden, olipa kyseess\u00e4 sitten pitk\u00e4t ruokailu- tai ty\u00f6skentelyhetket. T\u00e4\u00e4 tuoli yhdist\u00e4\u00e4 tyylin ja mukavuuden, joten se on kutsuva valinta perheelle tai luovaan tekemiseen.<\/li>\n<p><\/br><\/p>\n<li><b>Tyylik\u00e4s vintage-muotoilu<\/b> Tuolin koristeellinen muotoilu ja kiilt\u00e4v\u00e4 pinta antavat sille ainutlaatuista vieh\u00e4tyst\u00e4, joka viittaa menneisiin aikakausiin. T\u00e4llainen design tuo tiloihin persoonallisuutta ja ripauksen luksusta. Jos tykk\u00e4\u00e4t nostalgiaa tai klassisista muotoiluista, t\u00e4\u00e4 tuoli on t\u00e4ydellinen valinta jokaiseen sisustukseen.<\/li>\n<p><\/br><\/p>\n<li><b>Laaja k\u00e4ytt\u00f6mahdollisuus<\/b> Voit k\u00e4ytt\u00e4\u00e4 t\u00e4t\u00e4 tuolia monenlaisissa ymp\u00e4rist\u00f6iss\u00e4, ruokasalista kotitoimistoon. Sen muunneltavuus tekee siit\u00e4 k\u00e4yp\u00e4n erilaisiin tiloihin, olitpa rentoutumassa tai tekem\u00e4ss\u00e4 t\u00f6it\u00e4. Se yhdist\u00e4\u00e4 klassisen eleganssin moderniin k\u00e4yt\u00e4v\u00e4\u00e4n ja on paras valinta jokaiselle.<\/li>\n<p><\/br><\/p>\n<li><b>Yksinkertainen huolto<\/b> Huolehdi siit\u00e4 helposti. Pyyhi pinta kostealla liinalla, ja v\u00e4lt\u00e4 voimakkaita kemikaaleja, jotta s\u00e4ilyt\u00e4t tuolin kauniin pinnan. T\u00e4llainen helppo hoito auttaa pit\u00e4m\u00e4\u00e4n tuolin kunnossa ja n\u00e4ytt\u00e4\u00e4 tyylikk\u00e4\u00e4lt\u00e4 vuosia eteenp\u00e4in.\n<ul>\n<li>V\u00e4ri: Valkoinen ja valkoinen<\/li>\n<li>Materiaali: Kest\u00e4v\u00e4 kumipuinen<\/li>\n<li>Kehysmateriaali: T\u00e4ysi kumipuu<\/li>\n<li>Jalat materiaali: T\u00e4ysi kumipuu<\/li>\n<li>Yleiset mitat: 54,5 x 58 x 77 cm (L x S x K)<\/li>\n<li>Istuimen leveys: 50,5 cm<\/li>\n<li>Istuimen syvyys: 44,5 cm<\/li>\n<li>Istuimen korkeus maasta: 44,5 cm<\/li>\n<li>Takaosan korkeus: 36,5 cm<\/li>\n<li>Enimm\u00e4ispaino: 160 kg<\/li>\n<li>Kest\u00e4v\u00e4 massiivipuinen kumipuu<\/li>\n<li>Vakaa ja tukeva rakenne<\/li>\n<li>Laajat k\u00e4ytt\u00f6tarkoitukset<\/li>\n<li>Mukava istuintyyny<\/li>\n<li>Helppo pit\u00e4\u00e4 puhtaana<\/li>\n<li>Kokoonpano vaaditaan: Kyll\u00e4<\/li>\n<li>Toimitus-:<\/li>\n<li>2 x Ruokatuoli<\/li>\n<li>2 x Istuintyyny<\/li>\n<\/ul>\n","protected":false},"excerpt":{"rendered":"<ul>\n<li>V\u00e4ri: Valkoinen ja valkoinen<\/li>\n<li>Materiaali: Kest\u00e4v\u00e4 kumipuinen<\/li>\n<li>Kehysmateriaali: T\u00e4ysi kumipuu<\/li>\n<li>Jalat materiaali: T\u00e4ysi kumipuu<\/li>\n<li>Yleiset mitat: 54,5 x 58 x 77 cm (L x S x K)<\/li>\n<li>Istuimen leveys: 50,5 cm<\/li>\n<li>Istuimen syvyys: 44,5 cm<\/li>\n<li>Istuimen korkeus maasta: 44,5 cm<\/li>\n<li>Takaosan korkeus: 36,5 cm<\/li>\n<li>Enimm\u00e4ispaino: 160 kg<\/li>\n<li>Kest\u00e4v\u00e4 massiivipuinen kumipuu<\/li>\n<li>Vakaa ja tukeva rakenne<\/li>\n<li>Laajat k\u00e4ytt\u00f6tarkoitukset<\/li>\n<li>Mukava istuintyyny<\/li>\n<li>Helppo pit\u00e4\u00e4 puhtaana<\/li>\n<li>Kokoonpano vaaditaan: Kyll\u00e4<\/li>\n<li>Toimitus-:<\/li>\n<li>2 x Ruokatuoli<\/li>\n<li>2 x Istuintyyny<\/li>\n<\/ul>\n","protected":false},"featured_media":100000198540,"comment_status":"closed","ping_status":"closed","template":"","meta":[],"product_brand":[],"product_cat":[84,8542],"product_tag":[],"class_list":{"0":"post-198540","1":"product","2":"type-product","3":"status-publish","4":"has-post-thumbnail","6":"product_cat-huonekalut","7":"product_cat-keittion-ruokapoydan-tuolit","9":"first","10":"instock","11":"taxable","12":"shipping-taxable","13":"purchasable","14":"product-type-simple"},"_links":{"self":[{"href":"https:\/\/www.otiumhome.fi\/index.php\/wp-json\/wp\/v2\/product\/198540","targetHints":{"allow":["GET"]}}],"collection":[{"href":"https:\/\/www.otiumhome.fi\/index.php\/wp-json\/wp\/v2\/product"}],"about":[{"href":"https:\/\/www.otiumhome.fi\/index.php\/wp-json\/wp\/v2\/types\/product"}],"replies":[{"embeddable":true,"href":"https:\/\/www.otiumhome.fi\/index.php\/wp-json\/wp\/v2\/comments?post=198540"}],"wp:featuredmedia":[{"embeddable":true,"href":"https:\/\/www.otiumhome.fi\/index.php\/wp-json\/"}],"wp:attachment":[{"href":"https:\/\/www.otiumhome.fi\/index.php\/wp-json\/wp\/v2\/media?parent=198540"}],"wp:term":[{"taxonomy":"product_brand","embeddable":true,"href":"https:\/\/www.otiumhome.fi\/index.php\/wp-json\/wp\/v2\/product_brand?post=198540"},{"taxonomy":"product_cat","embeddable":true,"href":"https:\/\/www.otiumhome.fi\/index.php\/wp-json\/wp\/v2\/product_cat?post=198540"},{"taxonomy":"product_tag","embeddable":true,"href":"https:\/\/www.otiumhome.fi\/index.php\/wp-json\/wp\/v2\/product_tag?post=198540"}],"curies":[{"name":"wp","href":"https:\/\/api.w.org\/{rel}","templated":true}]}}