{"id":198516,"date":"2025-12-14T05:39:15","date_gmt":"2025-12-14T05:39:15","guid":{"rendered":"https:\/\/www.otiumhome.fi\/?p=198516"},"modified":"2025-12-19T04:52:22","modified_gmt":"2025-12-19T04:52:22","slug":"ruokatuoli-2-pcs-vaaleanruskea-ja-vaalea-massiivinen-kumipuu","status":"publish","type":"product","link":"https:\/\/www.otiumhome.fi\/index.php\/tuote\/ruokatuoli-2-pcs-vaaleanruskea-ja-vaalea-massiivinen-kumipuu\/","title":{"rendered":"Ruokatuoli 2 pcs Vaaleanruskea ja vaalea Massiivinen kumipuu"},"content":{"rendered":"<p>T\u00e4m\u00e4 vintage ruokatuoli yhdist\u00e4\u00e4 klassisen tyylin ja nykyaikaisen mukavuuden, tehden siit\u00e4 loistavan lis\u00e4n mihin tahansa ruokailutilaan, keitti\u00f6\u00f6n tai kotitoimistoon. Ajattoman muotoilunsa ansiosta tuoli on rakennettu kest\u00e4v\u00e4st\u00e4 t\u00e4yskumipuusta, tarjoten sek\u00e4 kauneutta ett\u00e4 luotettavuutta. Sen yksinkertainen, mutta tyylik\u00e4s muotoilu t\u00e4ydent\u00e4\u00e4 eri sisustustyylej\u00e4 ja luo mukavaa tunnelmaa, mik\u00e4 saa vieraat istumaan alas ja nauttimaan hetkist\u00e4 ruokap\u00f6yd\u00e4ss\u00e4 tai rentoutumaan vapaa-ajalla.<\/p>\n<ul><\/br><\/p>\n<li><b>T\u00e4yskumipuu rakenne:<\/b> Vintage ruokatuolimme on tehty t\u00e4yskumipuusta, mik\u00e4 tuo kest\u00e4vyytt\u00e4 ja kauneutta. T\u00e4m\u00e4 materiaali tarjoaa upean ulkon\u00e4\u00f6n, jossa n\u00e4kyv\u00e4t puunsyyt ja luontainen kest\u00e4vyys, mahdollistaen pitk\u00e4n k\u00e4ytt\u00f6i\u00e4n monessa ymp\u00e4rist\u00f6ss\u00e4.<\/li>\n<p><\/br><\/p>\n<li><b>Mukava istuintyyny:<\/b> Jokaisessa tuolissa on mukava istuintyyny, joka takaa, ett\u00e4 istuessa ei tarvitse kokea ep\u00e4mukavuutta. Tyyny on suunniteltu t\u00e4ydellisesti tuoliin, joten se sopii erinomaisesti pitkiin ruokailu hetkiin, ty\u00f6skentelyyn tai rentoutumiseen.<\/li>\n<p><\/br><\/p>\n<li><b>Tukeva ja vakaa rakenne:<\/b> Vahvan rungon ja t\u00e4yskumipuiset osat tekev\u00e4t t\u00e4st\u00e4 tuolista todella vakaan. Sen tukeva muotoilu takaa turvallisuuden, joten t\u00e4m\u00e4 tuoli sopii helposti kaikenik\u00e4isille, lapsista aikuisisiin, p\u00e4ivitt\u00e4isiin k\u00e4yt\u00e4nt\u00f6ihin.<\/li>\n<p><\/br><\/p>\n<li><b>Monet k\u00e4ytt\u00f6tarkoitukset:<\/b> T\u00e4m\u00e4 tuoli k\u00e4y hyvin ruokasaliin, keitti\u00f6\u00f6n tai olohuoneeseen ja sopii moniin k\u00e4ytt\u00f6tilanteisiin. Sen monipuolinen muotoilu mahdollistaa k\u00e4yt\u00f6n kotitoimistoissa ja opiskelualueilla, tarjoten tehokkaan istuinratkaisun erilaisiin ammatillisiin ja vapaa-ajan aktiviteetteihin.<\/li>\n<p><\/br><\/p>\n<li><b>Helppo huolto:<\/b> Tuolin huolto on helppoa. Pyyhi se vain v\u00e4lill\u00e4 kostealla liinalla ja v\u00e4lt\u00e4 voimakkaita kemikaaleja. T\u00e4m\u00e4 yksinkertainen hoito pit\u00e4\u00e4 huolen, ett\u00e4 tuoli s\u00e4ilytt\u00e4\u00e4 vieh\u00e4tyksens\u00e4 ilman liiallista vaivann\u00e4k\u00f6\u00e4, tarjoten k\u00e4yt\u00e4nn\u00f6llisen istujaratkaisun.<\/li>\n<p><\/br><\/ul>\n<ul>\n<li>V\u00e4ri: Vaaleanruskea ja vaalea<\/li>\n<li>Materiaali: Massiivinen kumipuu<\/li>\n<li>Kehysmateriaali: T\u00e4ysi kumipuu<\/li>\n<li>Jalat materiaali: T\u00e4ysi kumipuu<\/li>\n<li>Yleiset mitat: 51 x 61 x 80,5 cm (L x S x K)<\/li>\n<li>Istuimen leveys: 50,5 cm<\/li>\n<li>Istuimen syvyys: 43 cm<\/li>\n<li>Istuimen korkeus maasta: 49 cm<\/li>\n<li>Takaosan korkeus: 37 cm<\/li>\n<li>Enimm\u00e4ispaino: 160 kg<\/li>\n<li>Kest\u00e4v\u00e4 massiivipuinen kumipuu<\/li>\n<li>Vakaa ja tukeva rakenne<\/li>\n<li>Laajat k\u00e4ytt\u00f6tarkoitukset<\/li>\n<li>Mukava istuintyyny<\/li>\n<li>Helppo pit\u00e4\u00e4 kunnossa<\/li>\n<li>Kokoonpano vaaditaan: Kyll\u00e4<\/li>\n<li>Toimitus-:<\/li>\n<li>2 x Ruokatuoli<\/li>\n<li>2 x Istuintyyny<\/li>\n<\/ul>\n","protected":false},"excerpt":{"rendered":"<ul>\n<li>V\u00e4ri: Vaaleanruskea ja vaalea<\/li>\n<li>Materiaali: Massiivinen kumipuu<\/li>\n<li>Kehysmateriaali: T\u00e4ysi kumipuu<\/li>\n<li>Jalat materiaali: T\u00e4ysi kumipuu<\/li>\n<li>Yleiset mitat: 51 x 61 x 80,5 cm (L x S x K)<\/li>\n<li>Istuimen leveys: 50,5 cm<\/li>\n<li>Istuimen syvyys: 43 cm<\/li>\n<li>Istuimen korkeus maasta: 49 cm<\/li>\n<li>Takaosan korkeus: 37 cm<\/li>\n<li>Enimm\u00e4ispaino: 160 kg<\/li>\n<li>Kest\u00e4v\u00e4 massiivipuinen kumipuu<\/li>\n<li>Vakaa ja tukeva rakenne<\/li>\n<li>Laajat k\u00e4ytt\u00f6tarkoitukset<\/li>\n<li>Mukava istuintyyny<\/li>\n<li>Helppo pit\u00e4\u00e4 kunnossa<\/li>\n<li>Kokoonpano vaaditaan: Kyll\u00e4<\/li>\n<li>Toimitus-:<\/li>\n<li>2 x Ruokatuoli<\/li>\n<li>2 x Istuintyyny<\/li>\n<\/ul>\n","protected":false},"featured_media":100000198516,"comment_status":"closed","ping_status":"closed","template":"","meta":[],"product_brand":[],"product_cat":[84,8542],"product_tag":[],"class_list":{"0":"post-198516","1":"product","2":"type-product","3":"status-publish","4":"has-post-thumbnail","6":"product_cat-huonekalut","7":"product_cat-keittion-ruokapoydan-tuolit","9":"first","10":"instock","11":"taxable","12":"shipping-taxable","13":"purchasable","14":"product-type-simple"},"_links":{"self":[{"href":"https:\/\/www.otiumhome.fi\/index.php\/wp-json\/wp\/v2\/product\/198516","targetHints":{"allow":["GET"]}}],"collection":[{"href":"https:\/\/www.otiumhome.fi\/index.php\/wp-json\/wp\/v2\/product"}],"about":[{"href":"https:\/\/www.otiumhome.fi\/index.php\/wp-json\/wp\/v2\/types\/product"}],"replies":[{"embeddable":true,"href":"https:\/\/www.otiumhome.fi\/index.php\/wp-json\/wp\/v2\/comments?post=198516"}],"wp:featuredmedia":[{"embeddable":true,"href":"https:\/\/www.otiumhome.fi\/index.php\/wp-json\/"}],"wp:attachment":[{"href":"https:\/\/www.otiumhome.fi\/index.php\/wp-json\/wp\/v2\/media?parent=198516"}],"wp:term":[{"taxonomy":"product_brand","embeddable":true,"href":"https:\/\/www.otiumhome.fi\/index.php\/wp-json\/wp\/v2\/product_brand?post=198516"},{"taxonomy":"product_cat","embeddable":true,"href":"https:\/\/www.otiumhome.fi\/index.php\/wp-json\/wp\/v2\/product_cat?post=198516"},{"taxonomy":"product_tag","embeddable":true,"href":"https:\/\/www.otiumhome.fi\/index.php\/wp-json\/wp\/v2\/product_tag?post=198516"}],"curies":[{"name":"wp","href":"https:\/\/api.w.org\/{rel}","templated":true}]}}