{"id":198509,"date":"2025-12-14T05:37:56","date_gmt":"2025-12-14T05:37:56","guid":{"rendered":"https:\/\/www.otiumhome.fi\/?p=198509"},"modified":"2025-12-14T22:32:25","modified_gmt":"2025-12-14T22:32:25","slug":"vaatekaappi-valkoinen-101-x-52-x-170-cm-massiivinen-manty","status":"publish","type":"product","link":"https:\/\/www.otiumhome.fi\/index.php\/tuote\/vaatekaappi-valkoinen-101-x-52-x-170-cm-massiivinen-manty\/","title":{"rendered":"Vaatekaappi Valkoinen 101 x 52 x 170 cm Massiivinen m\u00e4nty"},"content":{"rendered":"<p>T\u00e4m\u00e4 moderni vaatekaappi yhdist\u00e4\u00e4 k\u00e4yt\u00e4nn\u00f6llisen s\u00e4ilytyksen ja tyylikk\u00e4\u00e4n ulkon\u00e4\u00f6n \u2013 t\u00e4ydellinen makuuhuoneen tai pukeutumistilan ilmeen parantamiseen. Se on valmistettu massiivim\u00e4nnyst\u00e4, joka tuo vahvan ja kest\u00e4v\u00e4n perustan erilaisille sisustustyyleille, tarjoten k\u00e4yt\u00e4nn\u00f6llisyytt\u00e4 ja tyylitaituruutta mihin tahansa ymp\u00e4rist\u00f6\u00f6n.<\/p>\n<ul>\n<li><b>Massiivim\u00e4nty:<\/b> Kaapin runkomateriaalina k\u00e4ytet\u00e4\u00e4n massiivim\u00e4nty\u00e4, joka tuo vankkuutta ja stabiliteettia. T\u00e4m\u00e4n luonnollisen materiaalin rakenne luo l\u00e4mpim\u00e4n ja rustiikkisen tunnelman, joka sopii sek\u00e4 perinteiseen ett\u00e4 moderniin sisustukseen, varmistaen kaapin pitk\u00e4n k\u00e4ytt\u00f6i\u00e4n.<\/li>\n<li><b>Teknisen puun osat:<\/b> Kehyksiss\u00e4, ovissa ja laatikoissa k\u00e4ytet\u00e4\u00e4n teknist\u00e4 puuta. T\u00e4m\u00e4 materiaali tarjoaa kest\u00e4v\u00e4n ja luotettavan rakenteen p\u00e4ivitt\u00e4iseen k\u00e4ytt\u00f6\u00f6n. Tekninen puu tekee my\u00f6s kaapista kustannustehokkaan ilman, ett\u00e4 kaapin voima ja siisti ilme k\u00e4rsiv\u00e4t.<\/li>\n<li><b>Itsen\u00e4inen joustavuus:<\/b> T\u00e4m\u00e4 kaappi on itsen\u00e4inen yksikk\u00f6, joten sen sijoittaminen on helppoa mihin tahansa huoneeseen ilman sein\u00e4tukea. Sen joustava sijoitus mahdollistaa eri huonej\u00e4rjestelyihin sopeutumisen ja tarjoaa k\u00e4yt\u00e4nn\u00f6llisen ratkaisun tilan tehokkaaseen k\u00e4ytt\u00f6\u00f6n.<\/li>\n<li><b>Suurta s\u00e4ilytyskapasiteettia:<\/b> Sen syv\u00e4t sis\u00e4osastot, joissa on teknisest\u00e4 puusta tehdyt ovet ja laatikot, tarjoavat runsaasti tilaa s\u00e4ilytt\u00e4\u00e4 vaatteita ja asusteita. \u00c4lyk\u00e4s muotoilu auttaa pit\u00e4m\u00e4\u00e4n ymp\u00e4rist\u00f6n j\u00e4rjestettyn\u00e4 ja siistin\u00e4.<\/li>\n<li><b>Kokoaminen:<\/b> Kokoamiseen tarvitaan kaksi ihmist\u00e4 ja ruuvimeisseli, joten tiimity\u00f6skentely on avainasemassa. Yksityiskohtaiset ohjeet auttavat kokoamisessa, jotta saat vaatekaapin valmiiksi ja voit hy\u00f6dynt\u00e4\u00e4 sen s\u00e4ilytystilaa t\u00e4ysin.<\/li>\n<\/ul>\n<ul>\n<li>V\u00e4ri: Valkoinen<\/li>\n<li>Materiaali: Massiivinen m\u00e4nty<\/li>\n<li>Yleiset mitat: 101 x 52 x 170 cm (L x S x K)<\/li>\n<li>Kest\u00e4v\u00e4<\/li>\n<li>Laatikolla<\/li>\n<li>Kehysmateriaali: Tekninen puu<\/li>\n<li>2 ovien kanssa<\/li>\n<li>Sis\u00e4- &amp; ulkotila: Vain sis\u00e4k\u00e4ytt\u00f6\u00f6n<\/li>\n<li>Toimitus-:<\/li>\n<li>1 x vaatekaappi<\/li>\n<li>Kokoonpano vaaditaan: Kyll\u00e4<\/li>\n<\/ul>\n","protected":false},"excerpt":{"rendered":"<ul>\n<li>V\u00e4ri: Valkoinen<\/li>\n<li>Materiaali: Massiivinen m\u00e4nty<\/li>\n<li>Yleiset mitat: 101 x 52 x 170 cm (L x S x K)<\/li>\n<li>Kest\u00e4v\u00e4<\/li>\n<li>Laatikolla<\/li>\n<li>Kehysmateriaali: Tekninen puu<\/li>\n<li>2 ovien kanssa<\/li>\n<li>Sis\u00e4- &amp; ulkotila: Vain sis\u00e4k\u00e4ytt\u00f6\u00f6n<\/li>\n<li>Toimitus-:<\/li>\n<li>1 x vaatekaappi<\/li>\n<li>Kokoonpano vaaditaan: Kyll\u00e4<\/li>\n<\/ul>\n","protected":false},"featured_media":100000198509,"comment_status":"closed","ping_status":"closed","template":"","meta":[],"product_brand":[],"product_cat":[84,8539],"product_tag":[],"class_list":{"0":"post-198509","1":"product","2":"type-product","3":"status-publish","4":"has-post-thumbnail","6":"product_cat-huonekalut","7":"product_cat-kaapit-vaatekaapit","9":"first","10":"instock","11":"taxable","12":"shipping-taxable","13":"purchasable","14":"product-type-simple"},"_links":{"self":[{"href":"https:\/\/www.otiumhome.fi\/index.php\/wp-json\/wp\/v2\/product\/198509","targetHints":{"allow":["GET"]}}],"collection":[{"href":"https:\/\/www.otiumhome.fi\/index.php\/wp-json\/wp\/v2\/product"}],"about":[{"href":"https:\/\/www.otiumhome.fi\/index.php\/wp-json\/wp\/v2\/types\/product"}],"replies":[{"embeddable":true,"href":"https:\/\/www.otiumhome.fi\/index.php\/wp-json\/wp\/v2\/comments?post=198509"}],"wp:featuredmedia":[{"embeddable":true,"href":"https:\/\/www.otiumhome.fi\/index.php\/wp-json\/"}],"wp:attachment":[{"href":"https:\/\/www.otiumhome.fi\/index.php\/wp-json\/wp\/v2\/media?parent=198509"}],"wp:term":[{"taxonomy":"product_brand","embeddable":true,"href":"https:\/\/www.otiumhome.fi\/index.php\/wp-json\/wp\/v2\/product_brand?post=198509"},{"taxonomy":"product_cat","embeddable":true,"href":"https:\/\/www.otiumhome.fi\/index.php\/wp-json\/wp\/v2\/product_cat?post=198509"},{"taxonomy":"product_tag","embeddable":true,"href":"https:\/\/www.otiumhome.fi\/index.php\/wp-json\/wp\/v2\/product_tag?post=198509"}],"curies":[{"name":"wp","href":"https:\/\/api.w.org\/{rel}","templated":true}]}}