{"id":198443,"date":"2025-12-09T14:58:10","date_gmt":"2025-12-09T14:58:10","guid":{"rendered":"https:\/\/www.otiumhome.fi\/?p=198443"},"modified":"2025-12-10T04:12:22","modified_gmt":"2025-12-10T04:12:22","slug":"tv-kaappi-artisan-tammi-305-x-30-x-30-cm-tekninen-puu","status":"publish","type":"product","link":"https:\/\/www.otiumhome.fi\/index.php\/tuote\/tv-kaappi-artisan-tammi-305-x-30-x-30-cm-tekninen-puu\/","title":{"rendered":"TV-kaappi Artisan tammi 30,5 x 30 x 30 cm Tekninen puu"},"content":{"rendered":"<p>T\u00e4m\u00e4 puinen TV-kaappi on moderni ja tyylik\u00e4s, suunniteltu t\u00e4ydent\u00e4m\u00e4\u00e4n nykyaikaista el\u00e4m\u00e4\u00e4. Sen matala muotoilu tarjoaa k\u00e4yt\u00e4nn\u00f6nratkaisuja ilman, ett\u00e4 tyylist\u00e4 on tingitty. Selke\u00e4t linjat ja yksinkertaiset muodot tekev\u00e4t siit\u00e4 helposti sovitettavan erilaisiin tiloihin, samalla kun se toimii tyylikk\u00e4\u00e4n\u00e4 keskipisteen\u00e4 olohuoneessasi.<\/p>\n<ul>\n<li><b>Tekninen puu:<\/b> T\u00e4m\u00e4 kaappi on valmistettu laadukkaasta teknisest\u00e4 puusta, mik\u00e4 antaa sille kest\u00e4v\u00e4n ja tyylikk\u00e4\u00e4n ilmeen. Sen materiaali on valittu sen pystymykseen kest\u00e4\u00e4 k\u00e4ytt\u00f6\u00e4 ja n\u00e4ytt\u00e4\u00e4 hyv\u00e4lt\u00e4 pitk\u00e4\u00e4n.<\/li>\n<li><b>Hyv\u00e4t s\u00e4ilytysratkaisut:<\/b> TV-kaapissa on runsaasti tilaa medialaitteille, mik\u00e4 pit\u00e4\u00e4 olohuoneesi siistin\u00e4. Hyllyt ja suljetut tilat tarjoavat hyv\u00e4t mahdollisuudet laitteiden esittelyyn ja v\u00e4hemm\u00e4n kauniiden esineiden piilottamiseen.<\/li>\n<li><b>Moderni muotoilu:<\/b> T\u00e4m\u00e4 kaappi on t\u00e4ydellinen esimerkki modernista estetiikasta, jossa yhdistyv\u00e4t hyv\u00e4t s\u00e4ilytysratkaisut ja tyylik\u00e4s ulkon\u00e4k\u00f6. Sen yksinkertainen muotoilu tuo raikasta ilmett\u00e4, joka sopii mihin tahansa moderniin sisustukseen.<\/li>\n<li><b>Monik\u00e4ytt\u00f6isyys:<\/b> Suunniteltu p\u00e4\u00e4asiassa olohuoneeseen, t\u00e4m\u00e4 matala p\u00f6yt\u00e4 on muuntautumiskykyinen ja helposti sovitettavissa erilaisiin tiloihin. Sen k\u00e4ytt\u00f6mahdollisuudet laajenevat, jolloin se ei vie liikaa tilaa.<\/li>\n<li><b>Asennus ja hoito:<\/b> Vaikka t\u00e4m\u00e4n kaapin kokoaminen vaatii hieman aikaa, se sujuu helposti perus ty\u00f6kaluilla. Pid\u00e4 kaappi kunnossa pyyhkim\u00e4ll\u00e4 se kuivalla liinalla, niin se pysyy hyv\u00e4n\u00e4 pitk\u00e4\u00e4n.<\/li>\n<\/ul>\n<ul>\n<li>V\u00e4ri: Artisan tammi<\/li>\n<li>Materiaali: Tekninen puu<\/li>\n<li>Yleiset mitat: 30,5 x 30 x 30 cm (P x L x K)<\/li>\n<li>4 ovien kanssa<\/li>\n<li>Kokoonpano vaaditaan: Kyll\u00e4<\/li>\n<li>Toimitus-:<\/li>\n<li>4 x TV-kaappi<\/li>\n<\/ul>\n","protected":false},"excerpt":{"rendered":"<ul>\n<li>V\u00e4ri: Artisan tammi<\/li>\n<li>Materiaali: Tekninen puu<\/li>\n<li>Yleiset mitat: 30,5 x 30 x 30 cm (P x L x K)<\/li>\n<li>4 ovien kanssa<\/li>\n<li>Kokoonpano vaaditaan: Kyll\u00e4<\/li>\n<li>Toimitus-:<\/li>\n<li>4 x TV-kaappi<\/li>\n<\/ul>\n","protected":false},"featured_media":100000198443,"comment_status":"closed","ping_status":"closed","template":"","meta":[],"product_brand":[],"product_cat":[84],"product_tag":[],"class_list":{"0":"post-198443","1":"product","2":"type-product","3":"status-publish","4":"has-post-thumbnail","6":"product_cat-huonekalut","8":"first","9":"instock","10":"taxable","11":"shipping-taxable","12":"purchasable","13":"product-type-simple"},"_links":{"self":[{"href":"https:\/\/www.otiumhome.fi\/index.php\/wp-json\/wp\/v2\/product\/198443","targetHints":{"allow":["GET"]}}],"collection":[{"href":"https:\/\/www.otiumhome.fi\/index.php\/wp-json\/wp\/v2\/product"}],"about":[{"href":"https:\/\/www.otiumhome.fi\/index.php\/wp-json\/wp\/v2\/types\/product"}],"replies":[{"embeddable":true,"href":"https:\/\/www.otiumhome.fi\/index.php\/wp-json\/wp\/v2\/comments?post=198443"}],"wp:featuredmedia":[{"embeddable":true,"href":"https:\/\/www.otiumhome.fi\/index.php\/wp-json\/"}],"wp:attachment":[{"href":"https:\/\/www.otiumhome.fi\/index.php\/wp-json\/wp\/v2\/media?parent=198443"}],"wp:term":[{"taxonomy":"product_brand","embeddable":true,"href":"https:\/\/www.otiumhome.fi\/index.php\/wp-json\/wp\/v2\/product_brand?post=198443"},{"taxonomy":"product_cat","embeddable":true,"href":"https:\/\/www.otiumhome.fi\/index.php\/wp-json\/wp\/v2\/product_cat?post=198443"},{"taxonomy":"product_tag","embeddable":true,"href":"https:\/\/www.otiumhome.fi\/index.php\/wp-json\/wp\/v2\/product_tag?post=198443"}],"curies":[{"name":"wp","href":"https:\/\/api.w.org\/{rel}","templated":true}]}}