{"id":198438,"date":"2025-12-09T14:57:47","date_gmt":"2025-12-09T14:57:47","guid":{"rendered":"https:\/\/www.otiumhome.fi\/?p=198438"},"modified":"2025-12-14T17:49:15","modified_gmt":"2025-12-14T17:49:15","slug":"5-osainen-led-tv-kaappisarja-savutammi-tekninen-puu","status":"publish","type":"product","link":"https:\/\/www.otiumhome.fi\/index.php\/tuote\/5-osainen-led-tv-kaappisarja-savutammi-tekninen-puu\/","title":{"rendered":"5-osainen LED TV-kaappisarja savutammi tekninen puu"},"content":{"rendered":"<p>N\u00e4m\u00e4 TV-sein\u00e4yksik\u00f6t ovat t\u00e4ydellinen ratkaisu asuintilaasi s\u00e4ilytystilan maksimoimiseksi ja lattiatilojen siistin\u00e4 pit\u00e4miseksi.<\/p>\n<\/p>\n<ul>\n<li>Tukeva materiaali: Tekninen puu on poikkeuksellisen laadukasta ja sile\u00e4pintaista. Se on my\u00f6s luja, vakaa ja kosteudelle vastustuskykyinen.<\/li>\n<li>RGB LED-valot: TV-kaapit on varustettu v\u00e4rikk\u00e4ill\u00e4 RGB LED-valoilla. Usean muokattavan valikon ansiosta voit vaivatta vaihtaa valojen v\u00e4ri\u00e4 ja s\u00e4\u00e4t\u00e4\u00e4 ne my\u00f6s muuttumaan automaattisesti. N\u00e4m\u00e4 LED-valot eiv\u00e4t vain lis\u00e4\u00e4 kelluvan TV-kaapin nykyaikaista ulkon\u00e4k\u00f6\u00e4, ne my\u00f6s saavat sen n\u00e4ytt\u00e4m\u00e4\u00e4n trendikk\u00e4\u00e4lt\u00e4.<\/li>\n<li>Sein\u00e4kiinnitystoiminto: TV-yksikk\u00f6 voidaan kiinnitt\u00e4\u00e4 sein\u00e4lle lis\u00e4s\u00e4ilytystilan luomiseksi. T\u00e4ll\u00e4 tavoin voit maksimoida lattiatilasi ja pit\u00e4\u00e4 alueen siistin\u00e4.<\/li>\n<li>Runsaasti s\u00e4ilytystilaa: Kelluvassa TV-yksik\u00f6ss\u00e4 on runsaasti tilaa p\u00e4ivitt\u00e4istavaroiden, kuten kirjojen, DVD-levyjen, aikakauslehtien, mediatarvikkeiden ja muiden tavaroiden j\u00e4rjest\u00e4miseen ja l\u00e4hell\u00e4 pit\u00e4miseen.<\/li>\n<li>Monipuolinen muotoilu: Voit k\u00e4ytt\u00e4\u00e4 sit\u00e4 TV-kaappina tai asentaa sen ty\u00f6paikan sein\u00e4lle ty\u00f6kalujen tai muiden sekalaisten tavaroiden k\u00e4tev\u00e4\u00e4 s\u00e4ilytyst\u00e4 varten. Se muuntaa my\u00f6s tyhj\u00e4n sein\u00e4n sisustusominaisuudeksi.<\/li>\n<\/ul>\n<p>Hyv\u00e4 tiet\u00e4\u00e4:<\/p>\n<ul>\n<li>Sein\u00e4\u00e4n kiinnitett\u00e4v\u00e4t ruuvit ja tulpat eiv\u00e4t sis\u00e4lly toimitukseen. Suosittelemme etsim\u00e4\u00e4n ja k\u00e4ytt\u00e4m\u00e4\u00e4n sein\u00e4\u00e4si sopivia ruuveja ja tulppia. Jos olet ep\u00e4varma, kysy ammattilaisen neuvoa. Lue ja noudata ohjeiden jokaista vaihetta.<\/li>\n<li>Tuotteessa on USB-liitin, joka vaatii 5 V USB virtal\u00e4hteen (ei mukana).<\/li>\n<\/ul>\n<ul>\n<li>V\u00e4ri: savutammi<\/li>\n<li>Materiaali: Tekninen puu<\/li>\n<li>Asennus vaaditaan: Kyll\u00e4<\/li>\n<li><strong>Toimitus sis\u00e4lt\u00e4\u00e4:<\/strong><\/li>\n<li>2 x TV-sein\u00e4kaappi: 40 x 30 x 30 cm (L x S x K)<\/li>\n<li>1 x TV-sein\u00e4kaappi: 60 x 30 x 30 cm (L x S x K)<\/li>\n<li>2 x TV-sein\u00e4kaappi: 80 x 30 x 40 cm (L x S x K)<\/li>\n<\/ul>\n","protected":false},"excerpt":{"rendered":"<ul>\n<li>V\u00e4ri: savutammi<\/li>\n<li>Materiaali: Tekninen puu<\/li>\n<li>Asennus vaaditaan: Kyll\u00e4<\/li>\n<li><strong>Toimitus sis\u00e4lt\u00e4\u00e4:<\/strong><\/li>\n<li>2 x TV-sein\u00e4kaappi: 40 x 30 x 30 cm (L x S x K)<\/li>\n<li>1 x TV-sein\u00e4kaappi: 60 x 30 x 30 cm (L x S x K)<\/li>\n<li>2 x TV-sein\u00e4kaappi: 80 x 30 x 40 cm (L x S x K)<\/li>\n<\/ul>\n","protected":false},"featured_media":100000198438,"comment_status":"closed","ping_status":"closed","template":"","meta":[],"product_brand":[],"product_cat":[84],"product_tag":[],"class_list":{"0":"post-198438","1":"product","2":"type-product","3":"status-publish","4":"has-post-thumbnail","6":"product_cat-huonekalut","8":"first","9":"outofstock","10":"taxable","11":"shipping-taxable","12":"purchasable","13":"product-type-simple"},"_links":{"self":[{"href":"https:\/\/www.otiumhome.fi\/index.php\/wp-json\/wp\/v2\/product\/198438","targetHints":{"allow":["GET"]}}],"collection":[{"href":"https:\/\/www.otiumhome.fi\/index.php\/wp-json\/wp\/v2\/product"}],"about":[{"href":"https:\/\/www.otiumhome.fi\/index.php\/wp-json\/wp\/v2\/types\/product"}],"replies":[{"embeddable":true,"href":"https:\/\/www.otiumhome.fi\/index.php\/wp-json\/wp\/v2\/comments?post=198438"}],"wp:featuredmedia":[{"embeddable":true,"href":"https:\/\/www.otiumhome.fi\/index.php\/wp-json\/"}],"wp:attachment":[{"href":"https:\/\/www.otiumhome.fi\/index.php\/wp-json\/wp\/v2\/media?parent=198438"}],"wp:term":[{"taxonomy":"product_brand","embeddable":true,"href":"https:\/\/www.otiumhome.fi\/index.php\/wp-json\/wp\/v2\/product_brand?post=198438"},{"taxonomy":"product_cat","embeddable":true,"href":"https:\/\/www.otiumhome.fi\/index.php\/wp-json\/wp\/v2\/product_cat?post=198438"},{"taxonomy":"product_tag","embeddable":true,"href":"https:\/\/www.otiumhome.fi\/index.php\/wp-json\/wp\/v2\/product_tag?post=198438"}],"curies":[{"name":"wp","href":"https:\/\/api.w.org\/{rel}","templated":true}]}}