{"id":198432,"date":"2025-12-09T14:57:42","date_gmt":"2025-12-09T14:57:42","guid":{"rendered":"https:\/\/www.otiumhome.fi\/?p=198432"},"modified":"2025-12-14T17:49:15","modified_gmt":"2025-12-14T17:49:15","slug":"tv-taso-120x30x40-cm-taysi-mangopuu","status":"publish","type":"product","link":"https:\/\/www.otiumhome.fi\/index.php\/tuote\/tv-taso-120x30x40-cm-taysi-mangopuu\/","title":{"rendered":"TV-taso 120x30x40 cm t\u00e4ysi mangopuu"},"content":{"rendered":"<p>Jos haluat lis\u00e4t\u00e4 yksinkertaista maalaistunnelmaa sisustukseesi, t\u00e4ydest\u00e4 puusta valmistettu TV-tasomme on sopiva ratkaisu. Nelj\u00e4ll\u00e4 vetolaatikolla, kahdella ovellisella lokerolla ja yhdell\u00e4 avoimella lokerolla varustettu TV-taso on taatusti k\u00e4yt\u00e4nn\u00f6llinen ja katseet vangitseva lis\u00e4 kotiisi.<\/p>\n<\/p>\n<p>T\u00e4ydest\u00e4 mangopuusta valmistetussa HiFi-kaapissa on luonnollinen viimeistely ja sill\u00e4 on ainutlaatuinen ilme. Huolellinen k\u00e4sity\u00f6 ja mangopuun kauniit kuviot tekev\u00e4t jokaisesta huonekalusta ainutlaatuisen ja hieman toisista poikkeavan. Lis\u00e4ksi koristeelliset veistetyt kuviot ja metalliset kahvat lis\u00e4\u00e4v\u00e4t kaapin kauneutta.<\/p>\n<\/p>\n<p>T\u00e4rke\u00e4 huomio: vaihtelut v\u00e4riss\u00e4 ja puun pintakuvioissa tekev\u00e4t jokaisesta TV-kaapistamme ainutlaatuisen ja hieman erilaisen kuin muut; toimitus on satunnainen.<\/p>\n<ul>\n<li>Materiaali: Luonnollisesti viimeistelty t\u00e4ysi mangopuu, tekninen puu<\/li>\n<li>Mitat: 120 x 30 x 40 cm (L x S x K)<\/li>\n<li>4 vetolaatikkoa, 2 ovellista lokeroa ja 1 avoin lokero<\/li>\n<li>Kauniilla koristeellisilla k\u00e4sin veistetyill\u00e4 kuvioilla<\/li>\n<\/ul>\n","protected":false},"excerpt":{"rendered":"<ul>\n<li>Materiaali: Luonnollisesti viimeistelty t\u00e4ysi mangopuu, tekninen puu<\/li>\n<li>Mitat: 120 x 30 x 40 cm (L x S x K)<\/li>\n<li>4 vetolaatikkoa, 2 ovellista lokeroa ja 1 avoin lokero<\/li>\n<li>Kauniilla koristeellisilla k\u00e4sin veistetyill\u00e4 kuvioilla<\/li>\n<\/ul>\n","protected":false},"featured_media":100000198432,"comment_status":"closed","ping_status":"closed","template":"","meta":[],"product_brand":[],"product_cat":[84],"product_tag":[],"class_list":{"0":"post-198432","1":"product","2":"type-product","3":"status-publish","4":"has-post-thumbnail","6":"product_cat-huonekalut","8":"first","9":"instock","10":"taxable","11":"shipping-taxable","12":"purchasable","13":"product-type-simple"},"_links":{"self":[{"href":"https:\/\/www.otiumhome.fi\/index.php\/wp-json\/wp\/v2\/product\/198432","targetHints":{"allow":["GET"]}}],"collection":[{"href":"https:\/\/www.otiumhome.fi\/index.php\/wp-json\/wp\/v2\/product"}],"about":[{"href":"https:\/\/www.otiumhome.fi\/index.php\/wp-json\/wp\/v2\/types\/product"}],"replies":[{"embeddable":true,"href":"https:\/\/www.otiumhome.fi\/index.php\/wp-json\/wp\/v2\/comments?post=198432"}],"wp:featuredmedia":[{"embeddable":true,"href":"https:\/\/www.otiumhome.fi\/index.php\/wp-json\/"}],"wp:attachment":[{"href":"https:\/\/www.otiumhome.fi\/index.php\/wp-json\/wp\/v2\/media?parent=198432"}],"wp:term":[{"taxonomy":"product_brand","embeddable":true,"href":"https:\/\/www.otiumhome.fi\/index.php\/wp-json\/wp\/v2\/product_brand?post=198432"},{"taxonomy":"product_cat","embeddable":true,"href":"https:\/\/www.otiumhome.fi\/index.php\/wp-json\/wp\/v2\/product_cat?post=198432"},{"taxonomy":"product_tag","embeddable":true,"href":"https:\/\/www.otiumhome.fi\/index.php\/wp-json\/wp\/v2\/product_tag?post=198432"}],"curies":[{"name":"wp","href":"https:\/\/api.w.org\/{rel}","templated":true}]}}