{"id":198318,"date":"2025-12-09T12:02:41","date_gmt":"2025-12-09T12:02:41","guid":{"rendered":"https:\/\/www.otiumhome.fi\/?p=198318"},"modified":"2026-01-13T01:15:47","modified_gmt":"2026-01-13T01:15:47","slug":"sangyn-runko-paatylla-vaha-ruskea-2055-x-1555-x-100-cm","status":"publish","type":"product","link":"https:\/\/www.otiumhome.fi\/index.php\/tuote\/sangyn-runko-paatylla-vaha-ruskea-2055-x-1555-x-100-cm\/","title":{"rendered":"S\u00e4ngyn runko p\u00e4\u00e4tyll\u00e4 Vaha ruskea 205,5 x 155,5 x 100 cm"},"content":{"rendered":"<p>Puus\u00e4ngynrunko yhdist\u00e4\u00e4 kest\u00e4v\u00e4n tyylin ja tukevan rakenteen, joten se sopii t\u00e4ydellisesti moderniin makuuhuoneeseen. Sen yksinkertainen ja tyylik\u00e4s muoto antaa rauhallisen pohjan hyv\u00e4lle unelle. T\u00e4m\u00e4 malli on suunnattu minimalismin yst\u00e4ville, jotka arvostavat puhtaita linjoja ja klassista tyyli\u00e4. Se luo kutsuvan tilan rentoutumiseen talven kylmyydess\u00e4 ja kev\u00e4\u00e4n valossa.<\/p>\n<ul>\n<li><b>Premium-materiaalit:<\/b> Valmistettu t\u00e4yden m\u00e4ntyyn, joka on kest\u00e4v\u00e4 ja jonka luonnolliset puukuvioinnit n\u00e4kyv\u00e4t kauniisti. T\u00e4yden puun k\u00e4ytt\u00f6 varmistaa pitk\u00e4n k\u00e4ytt\u00f6i\u00e4n ja tuo huoneeseesi eleganssia vahatussa ruskeassa viimeistelyss\u00e4. Sile\u00e4 pinta lis\u00e4\u00e4 tyyli\u00e4 mihin tahansa sisustukseen.<\/li>\n<li><b>Kattavat osat:<\/b> S\u00e4ngynrunko sis\u00e4lt\u00e4\u00e4 tukevan p\u00e4\u00e4dyn, jalkalevyn ja vakaat jalat, kaikki valmistettu t\u00e4yden m\u00e4nnyn puusta. Jokainen osa on suunniteltu kest\u00e4m\u00e4\u00e4n, parantaen rakenteen vakautta ja s\u00e4ilytt\u00e4en yhten\u00e4isen estetiikan ruskeassa s\u00e4vyss\u00e4.<\/li>\n<li><b>Tyylik\u00e4s muotoilu:<\/b> T\u00e4m\u00e4 suorakaiteen muotoinen s\u00e4nky on sek\u00e4 yksinkertainen ett\u00e4 k\u00e4yt\u00e4nn\u00f6llinen. Neli\u00f6jalat tarjoavat luotettavaa tukea ja parantavat modernia ilmett\u00e4, mik\u00e4 tekee siit\u00e4 makuuhuoneesi keskipisteen. Sen vaatimaton eleganssi takaa sen monik\u00e4ytt\u00f6isyyden.<\/li>\n<li><b>Monipuolinen k\u00e4ytt\u00f6:<\/b> Suunniteltu sis\u00e4tiloihin, s\u00e4ngynrunko sopii mainiosti mihin tahansa makuuhuoneeseen. T\u00e4m\u00e4 on loistava vaihtoehto, jos tarvitset tyylik\u00e4st\u00e4 ja luotettavaa nukkumismukavuutta ymp\u00e4ri vuoden.<\/li>\n<li><b>Helppo yll\u00e4pito:<\/b> Pid\u00e4 s\u00e4nky hyv\u00e4ss\u00e4 kunnossa puhdistamalla se kuivalla liinalla. V\u00e4lt\u00e4 voimakkaita kemikaaleja, jotta pinta s\u00e4ilyy hyv\u00e4n\u00e4. Yksinkertainen hoitoprosessi tekee s\u00e4ngyst\u00e4 houkuttelevan ja toimivan vuosikausiksi.<\/li>\n<\/ul>\n<ul>\n<li>V\u00e4ri: Vaha ruskea<\/li>\n<li>Materiaali: Massiivinen m\u00e4nty<\/li>\n<li>Kehysmateriaali: T\u00e4ysi m\u00e4nty<\/li>\n<li>Yleiset mitat: 205,5 x 155,5 x 31 cm (P x L x K)<\/li>\n<li>Patjan koko: Brittil\u00e4inen king (150 cm x 200 cm \/ 60&#8243; x 78&#8243;)<\/li>\n<li>Enimm\u00e4ispaino: 200 kg<\/li>\n<li>Enimm\u00e4ism\u00e4\u00e4r\u00e4 ihmisi\u00e4: 2<\/li>\n<li>Kest\u00e4v\u00e4<\/li>\n<li>Laatikkojen kehys mukana<\/li>\n<li>S\u00e4ngynp\u00e4\u00e4ty mukana<\/li>\n<li>Kokoonpano vaaditaan: Kyll\u00e4<\/li>\n<li>Toimitus-:<\/li>\n<li>1 x S\u00e4nkyrunko<\/li>\n<\/ul>\n","protected":false},"excerpt":{"rendered":"<ul>\n<li>V\u00e4ri: Vaha ruskea<\/li>\n<li>Materiaali: Massiivinen m\u00e4nty<\/li>\n<li>Kehysmateriaali: T\u00e4ysi m\u00e4nty<\/li>\n<li>Yleiset mitat: 205,5 x 155,5 x 31 cm (P x L x K)<\/li>\n<li>Patjan koko: Brittil\u00e4inen king (150 cm x 200 cm \/ 60&#8243; x 78&#8243;)<\/li>\n<li>Enimm\u00e4ispaino: 200 kg<\/li>\n<li>Enimm\u00e4ism\u00e4\u00e4r\u00e4 ihmisi\u00e4: 2<\/li>\n<li>Kest\u00e4v\u00e4<\/li>\n<li>Laatikkojen kehys mukana<\/li>\n<li>S\u00e4ngynp\u00e4\u00e4ty mukana<\/li>\n<li>Kokoonpano vaaditaan: Kyll\u00e4<\/li>\n<li>Toimitus-:<\/li>\n<li>1 x S\u00e4nkyrunko<\/li>\n<\/ul>\n","protected":false},"featured_media":100000198318,"comment_status":"closed","ping_status":"closed","template":"","meta":[],"product_brand":[],"product_cat":[84,8638],"product_tag":[],"class_list":{"0":"post-198318","1":"product","2":"type-product","3":"status-publish","4":"has-post-thumbnail","6":"product_cat-huonekalut","7":"product_cat-sangyt-sangynrungot","9":"first","10":"instock","11":"taxable","12":"shipping-taxable","13":"purchasable","14":"product-type-simple"},"_links":{"self":[{"href":"https:\/\/www.otiumhome.fi\/index.php\/wp-json\/wp\/v2\/product\/198318","targetHints":{"allow":["GET"]}}],"collection":[{"href":"https:\/\/www.otiumhome.fi\/index.php\/wp-json\/wp\/v2\/product"}],"about":[{"href":"https:\/\/www.otiumhome.fi\/index.php\/wp-json\/wp\/v2\/types\/product"}],"replies":[{"embeddable":true,"href":"https:\/\/www.otiumhome.fi\/index.php\/wp-json\/wp\/v2\/comments?post=198318"}],"wp:featuredmedia":[{"embeddable":true,"href":"https:\/\/www.otiumhome.fi\/index.php\/wp-json\/"}],"wp:attachment":[{"href":"https:\/\/www.otiumhome.fi\/index.php\/wp-json\/wp\/v2\/media?parent=198318"}],"wp:term":[{"taxonomy":"product_brand","embeddable":true,"href":"https:\/\/www.otiumhome.fi\/index.php\/wp-json\/wp\/v2\/product_brand?post=198318"},{"taxonomy":"product_cat","embeddable":true,"href":"https:\/\/www.otiumhome.fi\/index.php\/wp-json\/wp\/v2\/product_cat?post=198318"},{"taxonomy":"product_tag","embeddable":true,"href":"https:\/\/www.otiumhome.fi\/index.php\/wp-json\/wp\/v2\/product_tag?post=198318"}],"curies":[{"name":"wp","href":"https:\/\/api.w.org\/{rel}","templated":true}]}}