{"id":198317,"date":"2025-12-09T12:02:41","date_gmt":"2025-12-09T12:02:41","guid":{"rendered":"https:\/\/www.otiumhome.fi\/?p=198317"},"modified":"2026-01-13T01:15:45","modified_gmt":"2026-01-13T01:15:45","slug":"sangyn-runko-paatylla-2-pcs-vaha-ruskea-2055-x-1455-x-100-cm","status":"publish","type":"product","link":"https:\/\/www.otiumhome.fi\/index.php\/tuote\/sangyn-runko-paatylla-2-pcs-vaha-ruskea-2055-x-1455-x-100-cm\/","title":{"rendered":"S\u00e4ngyn runko p\u00e4\u00e4tyll\u00e4 2 pcs Vaha ruskea 205,5 x 145,5 x 100 cm"},"content":{"rendered":"<p>T\u00e4m\u00e4 puus\u00e4nkyrunko yhdist\u00e4\u00e4 k\u00e4yt\u00e4nn\u00f6llisyyden ja tyylin, tehden siit\u00e4 hienon lis\u00e4n mihin tahansa makkariin. Se on valmistettu t\u00e4ysist\u00e4 m\u00e4ntypuista, joka tarjoaa hyv\u00e4\u00e4 tukea ja tuo huoneeseen lis\u00e4\u00e4 tyylikkyytt\u00e4. Suunniteltu mukavuuden ja visuaalisen vieh\u00e4tyksen lis\u00e4\u00e4miseksi, t\u00e4m\u00e4 runko sulautuu hienosti eri sisustustyyleihin, tuoden l\u00e4mpim\u00e4n ja kodikkaan tunnelman nukkuja-alueellesi.<\/p>\n<ul>\n<li><b>Korkealaatuiset materiaalit:<\/b> T\u00e4m\u00e4 s\u00e4nkyrunko on tehty huolella t\u00e4ysist\u00e4 m\u00e4ntypuista, yhdist\u00e4en kest\u00e4vyyden ja tyylin. Puun luonnolliset syyt tuovat mukanaan sek\u00e4 l\u00e4mp\u00f6\u00e4 ett\u00e4 vieh\u00e4tyst\u00e4, joten se lis\u00e4\u00e4 mukavasti huoneen tunnelmaa. Sen kest\u00e4v\u00e4 rakenne varmistaa, ett\u00e4 se j\u00e4\u00e4 koristeeksi kotiisi pitk\u00e4\u00e4n.<\/li>\n<li><b>Toiminnalliset ja tyylikk\u00e4\u00e4t osat:<\/b> Kiinte\u00e4 s\u00e4lepohja tukee patjoja erinomaisesti, ja sile\u00e4 ruskea vi finish antaa eleganssia. Jokainen osa, mukaan lukien vahva p\u00e4\u00e4ty, on suunniteltu luomaan yhten\u00e4inen ja kaunis muotoilu, joka takaa mukavamman ja kest\u00e4v\u00e4mm\u00e4n k\u00e4ytt\u00f6kokemuksen.<\/li>\n<li><b>Nykyaikaiset muotoilun piirteet:<\/b> S\u00e4ngyn moderni tyyli ilman turhaa koristelua tuo raikkautta mihin tahansa nukkujatilaan. Virtaviivaiset linjat ja yksinkertainen muoto tekev\u00e4t siit\u00e4 ajattoman valinnan eri teemoihin.<\/li>\n<li><b>Monipuolinen k\u00e4ytt\u00f6:<\/b> T\u00e4m\u00e4 s\u00e4nkyrunko on suunniteltu talveksi ja kev\u00e4\u00e4ksi, mutta se sopii aktiiviseen k\u00e4ytt\u00f6\u00f6n ymp\u00e4ri vuoden. Sen minimalistinen tyyli sulautuu helposti eri makuuhuoneisiin, mahdollistaen valtavan mukautettavuuden ja k\u00e4yt\u00f6n eri tavoilla.<\/li>\n<li><b>Yksinkertaiset huolto-ohjeet:<\/b> Pyyhi s\u00e4nkyrunko s\u00e4\u00e4nn\u00f6llisesti pehme\u00e4ll\u00e4, kuivalla liinalla, ja v\u00e4lt\u00e4 voimakkaita kemikaaleja sek\u00e4 hankausaineita sen kunnossapidon helpottamiseksi. Huolehtimalla t\u00e4st\u00e4 pid\u00e4t s\u00e4ngyn visuaalisesti miellytt\u00e4v\u00e4n\u00e4 ja kest\u00e4v\u00e4 n\u00e4in ollen se toimii tehokkaasti kauniina keskuksena makuuhuoneessasi.<\/li>\n<\/ul>\n<ul>\n<li>V\u00e4ri: Vaha ruskea<\/li>\n<li>Materiaali: Massiivinen m\u00e4nty<\/li>\n<li>Kehysmateriaali: T\u00e4ysi m\u00e4nty<\/li>\n<li>Yleiset mitat: 205,5 x 145,5 x 100 cm (P x L x K)<\/li>\n<li>Patjan koko: Kahden hengen s\u00e4nky (140 cm x 200 cm \/ 55&#8243; x 79&#8243;)<\/li>\n<li>Enimm\u00e4ispaino: 200 kg<\/li>\n<li>Enimm\u00e4ism\u00e4\u00e4r\u00e4 ihmisi\u00e4: 2<\/li>\n<li>Kest\u00e4v\u00e4<\/li>\n<li>Laatikkojen kehys mukana<\/li>\n<li>S\u00e4ngynp\u00e4\u00e4ty mukana<\/li>\n<li>Kokoonpano vaaditaan: Kyll\u00e4<\/li>\n<li>Toimitus-:<\/li>\n<li>1 x S\u00e4nkyrunko<\/li>\n<\/ul>\n","protected":false},"excerpt":{"rendered":"<ul>\n<li>V\u00e4ri: Vaha ruskea<\/li>\n<li>Materiaali: Massiivinen m\u00e4nty<\/li>\n<li>Kehysmateriaali: T\u00e4ysi m\u00e4nty<\/li>\n<li>Yleiset mitat: 205,5 x 145,5 x 100 cm (P x L x K)<\/li>\n<li>Patjan koko: Kahden hengen s\u00e4nky (140 cm x 200 cm \/ 55&#8243; x 79&#8243;)<\/li>\n<li>Enimm\u00e4ispaino: 200 kg<\/li>\n<li>Enimm\u00e4ism\u00e4\u00e4r\u00e4 ihmisi\u00e4: 2<\/li>\n<li>Kest\u00e4v\u00e4<\/li>\n<li>Laatikkojen kehys mukana<\/li>\n<li>S\u00e4ngynp\u00e4\u00e4ty mukana<\/li>\n<li>Kokoonpano vaaditaan: Kyll\u00e4<\/li>\n<li>Toimitus-:<\/li>\n<li>1 x S\u00e4nkyrunko<\/li>\n<\/ul>\n","protected":false},"featured_media":100000198317,"comment_status":"closed","ping_status":"closed","template":"","meta":[],"product_brand":[],"product_cat":[84,8638],"product_tag":[],"class_list":{"0":"post-198317","1":"product","2":"type-product","3":"status-publish","4":"has-post-thumbnail","6":"product_cat-huonekalut","7":"product_cat-sangyt-sangynrungot","9":"first","10":"instock","11":"taxable","12":"shipping-taxable","13":"purchasable","14":"product-type-simple"},"_links":{"self":[{"href":"https:\/\/www.otiumhome.fi\/index.php\/wp-json\/wp\/v2\/product\/198317","targetHints":{"allow":["GET"]}}],"collection":[{"href":"https:\/\/www.otiumhome.fi\/index.php\/wp-json\/wp\/v2\/product"}],"about":[{"href":"https:\/\/www.otiumhome.fi\/index.php\/wp-json\/wp\/v2\/types\/product"}],"replies":[{"embeddable":true,"href":"https:\/\/www.otiumhome.fi\/index.php\/wp-json\/wp\/v2\/comments?post=198317"}],"wp:featuredmedia":[{"embeddable":true,"href":"https:\/\/www.otiumhome.fi\/index.php\/wp-json\/"}],"wp:attachment":[{"href":"https:\/\/www.otiumhome.fi\/index.php\/wp-json\/wp\/v2\/media?parent=198317"}],"wp:term":[{"taxonomy":"product_brand","embeddable":true,"href":"https:\/\/www.otiumhome.fi\/index.php\/wp-json\/wp\/v2\/product_brand?post=198317"},{"taxonomy":"product_cat","embeddable":true,"href":"https:\/\/www.otiumhome.fi\/index.php\/wp-json\/wp\/v2\/product_cat?post=198317"},{"taxonomy":"product_tag","embeddable":true,"href":"https:\/\/www.otiumhome.fi\/index.php\/wp-json\/wp\/v2\/product_tag?post=198317"}],"curies":[{"name":"wp","href":"https:\/\/api.w.org\/{rel}","templated":true}]}}