{"id":198309,"date":"2025-12-09T12:02:35","date_gmt":"2025-12-09T12:02:35","guid":{"rendered":"https:\/\/www.otiumhome.fi\/?p=198309"},"modified":"2025-12-22T13:50:48","modified_gmt":"2025-12-22T13:50:48","slug":"sangyn-runko-paatylla-vaha-ruskea-160-x-200-cm","status":"publish","type":"product","link":"https:\/\/www.otiumhome.fi\/index.php\/tuote\/sangyn-runko-paatylla-vaha-ruskea-160-x-200-cm\/","title":{"rendered":"S\u00e4ngyn runko p\u00e4\u00e4tyll\u00e4 Vaha ruskea 160 x 200 cm"},"content":{"rendered":"<p>T\u00e4m\u00e4 moderni s\u00e4nky on huolella tehty massiivisesta m\u00e4nnyst\u00e4, mist\u00e4 syntyy vankka ja tukeva perusta patjallesi. Sen suorakulmainen muoto ja yksinkertainen muotoilu tuovat esiin tyylikkyytt\u00e4 ja k\u00e4yt\u00e4nn\u00f6llisyytt\u00e4, tehden siit\u00e4 t\u00e4ydellisen valinnan nykyaikaisiin makuuhuoneisiin. Puhtaat linjat ja sile\u00e4 pinta lis\u00e4\u00e4v\u00e4t eleganssia nukkumisymp\u00e4rist\u00f6\u00f6n. Rakenteessa on my\u00f6s sopiva p\u00e4\u00e4ty ja jalkalevy, jotka ovat samaa m\u00e4nty\u00e4 ja tarjoavat tyyli\u00e4 sek\u00e4 yhteensopivuutta eri sisustusteemoille.<\/p>\n<ul><\/br><\/p>\n<li><b>Vankka rakenne:<\/b> Laadukkaasta massiivim\u00e4ntyvarasta tehty s\u00e4nky takaa kest\u00e4vyyden ja tuen. Materiaalina puu tuo l\u00e4mp\u00f6\u00e4 ja kauneutta, mik\u00e4 sopii mihin tahansa makuuhuoneeseen. Sen kest\u00e4vyys takaa tyylikk\u00e4\u00e4n ilmeen p\u00e4ivitt\u00e4isess\u00e4 k\u00e4yt\u00f6ss\u00e4.<\/li>\n<p><\/br><\/p>\n<li><b>Kiinte\u00e4 s\u00e4lepohja:<\/b> J\u00e4yk\u00e4ll\u00e4, ei-taivutettavalla s\u00e4lepohjalla varustettu s\u00e4nky tarjoaa vakaan tuen patjallesi. Yksinkertainen muotoilu takaa hyv\u00e4t unet ilman turhia ongelmia.<\/li>\n<p><\/br><\/p>\n<li><b>Tyylik\u00e4s suorakulmainen muoto:<\/b> S\u00e4ngyn suorakulmainen muoto antaa sille modernin ilmeen. Se asettuu hienosti nykyaikaisiin tiloihin ja kasvattaa makuuhuoneen esteettisyytt\u00e4 samalla, kun se tarjoaa mukavan levitys-alustan.<\/li>\n<p><\/br><\/p>\n<li><b>K\u00e4yt\u00e4nn\u00f6lliset komponentit:<\/b> S\u00e4nky sis\u00e4lt\u00e4\u00e4 p\u00e4\u00e4dyn ja jalustan, jotka on valmistettu samanlaisesta m\u00e4nnyst\u00e4. Neli\u00f6jalat tarjoavat vakautta ilman ylim\u00e4\u00e4r\u00e4ist\u00e4 koristelua. <\/li>\n<p><\/br><\/p>\n<li><b>Yksinkertainen yll\u00e4pito:<\/b> Yll\u00e4pito on helppoa- pyyhi runkoa kuivalla liinalla, niin se pysyy kauniina. Vain sis\u00e4k\u00e4ytt\u00f6\u00f6n, m\u00e4nty vaatii minimaalisesti huoltoa, mutta tarjoaa silti pitk\u00e4\u00e4 k\u00e4ytt\u00f6ik\u00e4\u00e4 ja kauneutta. V\u00e4henn\u00e4 siivouseen keskittymist\u00e4 ja nauti enemm\u00e4n kauniista makuuhuoneestasi. T\u00e4m\u00e4 yksinkertainen yll\u00e4pitotoimi pit\u00e4\u00e4 huonekalut upeina vuosia eteenp\u00e4in.<\/li>\n<p><\/br><\/ul>\n<ul>\n<li>V\u00e4ri: Vaha ruskea<\/li>\n<li>Yleiset mitat: 165,5 x 205,5 x 100 cm (L x P x K)<\/li>\n<li>Patjan koko: King (160 cm x 200 cm \/ 63&#8243; x 79&#8243;)<\/li>\n<li>Onko slated kehys: Kyll\u00e4<\/li>\n<li>Kest\u00e4v\u00e4<\/li>\n<li>Kokoonpano vaaditaan: Kyll\u00e4<\/li>\n<li>Toimitus-:<\/li>\n<li>1 x S\u00e4nkyrunko<\/li>\n<\/ul>\n","protected":false},"excerpt":{"rendered":"<ul>\n<li>V\u00e4ri: Vaha ruskea<\/li>\n<li>Yleiset mitat: 165,5 x 205,5 x 100 cm (L x P x K)<\/li>\n<li>Patjan koko: King (160 cm x 200 cm \/ 63&#8243; x 79&#8243;)<\/li>\n<li>Onko slated kehys: Kyll\u00e4<\/li>\n<li>Kest\u00e4v\u00e4<\/li>\n<li>Kokoonpano vaaditaan: Kyll\u00e4<\/li>\n<li>Toimitus-:<\/li>\n<li>1 x S\u00e4nkyrunko<\/li>\n<\/ul>\n","protected":false},"featured_media":100000198309,"comment_status":"closed","ping_status":"closed","template":"","meta":[],"product_brand":[],"product_cat":[84,8638],"product_tag":[],"class_list":{"0":"post-198309","1":"product","2":"type-product","3":"status-publish","4":"has-post-thumbnail","6":"product_cat-huonekalut","7":"product_cat-sangyt-sangynrungot","9":"first","10":"instock","11":"taxable","12":"shipping-taxable","13":"purchasable","14":"product-type-simple"},"_links":{"self":[{"href":"https:\/\/www.otiumhome.fi\/index.php\/wp-json\/wp\/v2\/product\/198309","targetHints":{"allow":["GET"]}}],"collection":[{"href":"https:\/\/www.otiumhome.fi\/index.php\/wp-json\/wp\/v2\/product"}],"about":[{"href":"https:\/\/www.otiumhome.fi\/index.php\/wp-json\/wp\/v2\/types\/product"}],"replies":[{"embeddable":true,"href":"https:\/\/www.otiumhome.fi\/index.php\/wp-json\/wp\/v2\/comments?post=198309"}],"wp:featuredmedia":[{"embeddable":true,"href":"https:\/\/www.otiumhome.fi\/index.php\/wp-json\/"}],"wp:attachment":[{"href":"https:\/\/www.otiumhome.fi\/index.php\/wp-json\/wp\/v2\/media?parent=198309"}],"wp:term":[{"taxonomy":"product_brand","embeddable":true,"href":"https:\/\/www.otiumhome.fi\/index.php\/wp-json\/wp\/v2\/product_brand?post=198309"},{"taxonomy":"product_cat","embeddable":true,"href":"https:\/\/www.otiumhome.fi\/index.php\/wp-json\/wp\/v2\/product_cat?post=198309"},{"taxonomy":"product_tag","embeddable":true,"href":"https:\/\/www.otiumhome.fi\/index.php\/wp-json\/wp\/v2\/product_tag?post=198309"}],"curies":[{"name":"wp","href":"https:\/\/api.w.org\/{rel}","templated":true}]}}