{"id":198133,"date":"2025-12-09T07:44:56","date_gmt":"2025-12-09T07:44:56","guid":{"rendered":"https:\/\/www.otiumhome.fi\/?p=198133"},"modified":"2025-12-20T11:42:24","modified_gmt":"2025-12-20T11:42:24","slug":"sivupoyta-hyllylla-valkoinen-pesu-viimeistely-90-x-33-x-75-cm","status":"publish","type":"product","link":"https:\/\/www.otiumhome.fi\/index.php\/tuote\/sivupoyta-hyllylla-valkoinen-pesu-viimeistely-90-x-33-x-75-cm\/","title":{"rendered":"Sivup\u00f6yt\u00e4 hyllyll\u00e4 Valkoinen pesu viimeistely 90 x 33 x 75 cm"},"content":{"rendered":"<p>T\u00e4m\u00e4 moderni sivup\u00f6yt\u00e4 on toimiva valinta ruokasaliin tai olohuoneeseen, jossa tarvitaan lis\u00e4\u00e4 s\u00e4ilytystilaa. Sen selke\u00e4 ja v\u00e4h\u00e4koristeinen muotoilu istuu hyvin moderniin sisustukseen, joten se tuo sek\u00e4 tyyli\u00e4 ett\u00e4 k\u00e4yt\u00e4nn\u00f6llisyytt\u00e4.<\/p>\n<ul>\n<li><b>Materiaalit:<\/b> T\u00e4m\u00e4 sivup\u00f6yt\u00e4 on rakennettu yhdistelm\u00e4st\u00e4 mangopuuta ja teknist\u00e4 puuta, ja se tuo esiin kauniin puuviilun samalla kun se varmistaa kest\u00e4v\u00e4n rakenteen. Luonnollinen puu on kest\u00e4v\u00e4 ja vahva, joten se sopii hyvin kalusteille, joiden kest\u00e4vyytt\u00e4 tarvitaan. Teknisest\u00e4 puusta saadaan lis\u00e4\u00e4 vakautta ilman, ett\u00e4 tyylist\u00e4 tingit\u00e4\u00e4n, joten t\u00e4m\u00e4 sivup\u00f6yt\u00e4 pysyy kevyen\u00e4 ja k\u00e4yt\u00e4nn\u00f6llisen\u00e4.<\/li>\n<li><b>Komponentit:<\/b> Sivup\u00f6yt\u00e4\u00e4n kuuluu levyhyllyt, saranoidut ovet ja kuppivetimet, jotka on suunniteltu k\u00e4yt\u00f6n helpottamiseksi. Saranoidut ovet tekev\u00e4t rakenteesta tukevamman ja mahdollistavat helpon p\u00e4\u00e4syn tavaroihin. Kuppivetimet on muotoiltu nykyaikaiseksi, tarjoamalla tyyli\u00e4 ja k\u00e4ytt\u00f6mukavuutta.<\/li>\n<li><b>Ominaisuudet \/ Toiminta \/ Muotoilu:<\/b> Yhdist\u00e4en yksinkertaisuuden ja k\u00e4yt\u00e4nn\u00f6llisyyden, t\u00e4m\u00e4 sivup\u00f6yt\u00e4 sopii t\u00e4ydellisesti moderneihin sis\u00e4tiloihin. Suorakulmainen muoto tarjoaa runsaasti s\u00e4ilytystilaa, ja kuppivetimet tekev\u00e4t esineiden ottamisesta ja s\u00e4ilytt\u00e4misest\u00e4 eritt\u00e4in helppoa.<\/li>\n<li><b>Suositellut k\u00e4ytt\u00f6tarkoitukset:<\/b> T\u00e4m\u00e4 sivup\u00f6yt\u00e4 on t\u00e4ydellinen valinta ruokasaliin tai olohuoneeseen, sill\u00e4 se toimii tyylikk\u00e4\u00e4n\u00e4 s\u00e4ilytysratkaisuna astioille, kirjoille tai koriste-esineille. Se on my\u00f6s k\u00e4ytt\u00f6kelpoinen konsolip\u00f6yt\u00e4n\u00e4 eteisess\u00e4, jolloin sen olemus nostaa huoneen tunnelmaa. Monipuolinen luonne auttaa sit\u00e4 sulautumaan helposti moneen eri sisustustyyliin, miss\u00e4 lis\u00e4\u00e4 j\u00e4rjestyst\u00e4 tarvitaan.<\/li>\n<li><b>Hoitaminen ja k\u00e4ytt\u00f6:<\/b> Sivup\u00f6yd\u00e4n ulkon\u00e4\u00f6n s\u00e4ilytt\u00e4miseksi kannattaa pyyhki\u00e4 se kevyell\u00e4 kuiva-liinalla s\u00e4\u00e4nn\u00f6llisesti. V\u00e4lt\u00e4 voimakkaita kemikaaleja, sill\u00e4 ne voivat vaurioittaa puupintaa. Kokoaminen vaatii kaksi henkil\u00f6\u00e4 ja ruuvimeisselin, jotta rakenne on kunnolla tukeva ja kest\u00e4v\u00e4 pitk\u00e4\u00e4n k\u00e4ytt\u00f6\u00f6n\u2014tuote, jota arvostat vuosia.<\/li>\n<\/ul>\n<ul>\n<li>V\u00e4ri: Valkoinen pesu viimeistely<\/li>\n<li>Materiaali: Kiinte\u00e4 mango puu<\/li>\n<li>Yleiset mitat: 90 x 33 x 75 cm (P x L x K)<\/li>\n<li>Paino: 25,4 kg<\/li>\n<li>Kest\u00e4v\u00e4<\/li>\n<li>Mukana 1 laatikkohylly<\/li>\n<li>Kehysmateriaali: T\u00e4ysi mangopuu<\/li>\n<li>Mukana 2 saranoidut ovet<\/li>\n<li>Enimm\u00e4ispaino: 60 kg<\/li>\n<li>Vain sis\u00e4k\u00e4ytt\u00f6\u00f6n<\/li>\n<li>Toimitus-:<\/li>\n<li>1 x Sivup\u00f6yt\u00e4<\/li>\n<li>Kokoonpano vaaditaan: Kyll\u00e4<\/li>\n<\/ul>\n","protected":false},"excerpt":{"rendered":"<ul>\n<li>V\u00e4ri: Valkoinen pesu viimeistely<\/li>\n<li>Materiaali: Kiinte\u00e4 mango puu<\/li>\n<li>Yleiset mitat: 90 x 33 x 75 cm (P x L x K)<\/li>\n<li>Paino: 25,4 kg<\/li>\n<li>Kest\u00e4v\u00e4<\/li>\n<li>Mukana 1 laatikkohylly<\/li>\n<li>Kehysmateriaali: T\u00e4ysi mangopuu<\/li>\n<li>Mukana 2 saranoidut ovet<\/li>\n<li>Enimm\u00e4ispaino: 60 kg<\/li>\n<li>Vain sis\u00e4k\u00e4ytt\u00f6\u00f6n<\/li>\n<li>Toimitus-:<\/li>\n<li>1 x Sivup\u00f6yt\u00e4<\/li>\n<li>Kokoonpano vaaditaan: Kyll\u00e4<\/li>\n<\/ul>\n","protected":false},"featured_media":100000198133,"comment_status":"closed","ping_status":"closed","template":"","meta":[],"product_brand":[],"product_cat":[84,8567],"product_tag":[],"class_list":{"0":"post-198133","1":"product","2":"type-product","3":"status-publish","4":"has-post-thumbnail","6":"product_cat-huonekalut","7":"product_cat-medialaitekaapit-telineet","9":"first","10":"instock","11":"taxable","12":"shipping-taxable","13":"purchasable","14":"product-type-simple"},"_links":{"self":[{"href":"https:\/\/www.otiumhome.fi\/index.php\/wp-json\/wp\/v2\/product\/198133","targetHints":{"allow":["GET"]}}],"collection":[{"href":"https:\/\/www.otiumhome.fi\/index.php\/wp-json\/wp\/v2\/product"}],"about":[{"href":"https:\/\/www.otiumhome.fi\/index.php\/wp-json\/wp\/v2\/types\/product"}],"replies":[{"embeddable":true,"href":"https:\/\/www.otiumhome.fi\/index.php\/wp-json\/wp\/v2\/comments?post=198133"}],"wp:featuredmedia":[{"embeddable":true,"href":"https:\/\/www.otiumhome.fi\/index.php\/wp-json\/"}],"wp:attachment":[{"href":"https:\/\/www.otiumhome.fi\/index.php\/wp-json\/wp\/v2\/media?parent=198133"}],"wp:term":[{"taxonomy":"product_brand","embeddable":true,"href":"https:\/\/www.otiumhome.fi\/index.php\/wp-json\/wp\/v2\/product_brand?post=198133"},{"taxonomy":"product_cat","embeddable":true,"href":"https:\/\/www.otiumhome.fi\/index.php\/wp-json\/wp\/v2\/product_cat?post=198133"},{"taxonomy":"product_tag","embeddable":true,"href":"https:\/\/www.otiumhome.fi\/index.php\/wp-json\/wp\/v2\/product_tag?post=198133"}],"curies":[{"name":"wp","href":"https:\/\/api.w.org\/{rel}","templated":true}]}}