{"id":198129,"date":"2025-12-09T07:44:55","date_gmt":"2025-12-09T07:44:55","guid":{"rendered":"https:\/\/www.otiumhome.fi\/?p=198129"},"modified":"2025-12-20T11:42:21","modified_gmt":"2025-12-20T11:42:21","slug":"sivupoyta-ovella-valkoinen-pesu-viimeistely-40-x-33-x-75-cm","status":"publish","type":"product","link":"https:\/\/www.otiumhome.fi\/index.php\/tuote\/sivupoyta-ovella-valkoinen-pesu-viimeistely-40-x-33-x-75-cm\/","title":{"rendered":"Sivup\u00f6yt\u00e4 ovella Valkoinen pesu viimeistely 40 x 33 x 75 cm"},"content":{"rendered":"<p>T\u00e4m\u00e4 moderni sivup\u00f6yt\u00e4 on tyylik\u00e4s ja k\u00e4yt\u00e4nn\u00f6llinen ratkaisu, jossa on minimalistinen muotoilu ja runsaasti s\u00e4ilytystilaa &#8211; t\u00e4ydellinen ruokasaliin tai olohuoneeseen. Sen suorakulmainen rakenne sulautuu moneen sisustustyyliin, tehden jokaisesta huoneesta tyylikk\u00e4\u00e4n. Kuvittele tila, miss\u00e4 eleganssi ja k\u00e4yt\u00e4nn\u00f6llisyys ovat yhdess\u00e4, tarjoten s\u00e4ilytysratkaisuja, jotka ovat sek\u00e4 k\u00e4yt\u00e4nn\u00f6llisi\u00e4 ett\u00e4 kauniita.<\/p>\n<ul>\n<li><b>T\u00e4ysi mangopuu runko<\/b> Kest\u00e4v\u00e4 ja ainutlaatuinen mangopuu tuo l\u00e4mp\u00f6\u00e4 tilaan. Sen syykuviot tekev\u00e4t jokaisesta p\u00f6yd\u00e4st\u00e4 erityisen.<\/li>\n<li><b>MDF-tausta<\/b> Tarjoaa siistin ilmeen, olitpa sitten sein\u00e4\u00e4 vasten tai huonejakajana. Vakaa materiaali pit\u00e4\u00e4 muodon ajan my\u00f6t\u00e4.<\/li>\n<li><b>Rautajalat<\/b> Tukevat ja tyylikk\u00e4\u00e4t rautajalat tuovat modernia ilmett\u00e4 ja varmistavat p\u00f6yd\u00e4n vakauden.<\/li>\n<li><b>Saranaoivet kupin vetimill\u00e4<\/b> Tyylikk\u00e4\u00e4t saranaovet ja kupin vetimet tuovat modernin ilmeen ja helpon p\u00e4\u00e4syn s\u00e4ilytystilaan.<\/li>\n<li><b>Helppo kokoaminen<\/b> Kokoaminen on helppoa, tarvitset vain kaksi henkil\u00f6\u00e4 ja ruuvimeisselin. Mukana selke\u00e4t ohjeet, joten voit koota sen ilman erikoisty\u00f6kaluja.<\/li>\n<\/ul>\n<ul>\n<li>V\u00e4ri: Valkoinen pesu viimeistely<\/li>\n<li>Materiaali: Kiinte\u00e4 mango puu<\/li>\n<li>Yleiset mitat: 40 x 33 x 75 cm (P x L x K)<\/li>\n<li>Paino: 11,9 kg<\/li>\n<li>Kest\u00e4v\u00e4<\/li>\n<li>Kehysmateriaali: T\u00e4ysi mangopuu<\/li>\n<li>Mukana 1 saranoitu ovi<\/li>\n<li>Enimm\u00e4ispaino: 60 kg<\/li>\n<li>Vain sis\u00e4k\u00e4ytt\u00f6\u00f6n<\/li>\n<li>Toimitus-:<\/li>\n<li>1 x Sivup\u00f6yt\u00e4<\/li>\n<li>Kokoonpano vaaditaan: Kyll\u00e4<\/li>\n<\/ul>\n","protected":false},"excerpt":{"rendered":"<ul>\n<li>V\u00e4ri: Valkoinen pesu viimeistely<\/li>\n<li>Materiaali: Kiinte\u00e4 mango puu<\/li>\n<li>Yleiset mitat: 40 x 33 x 75 cm (P x L x K)<\/li>\n<li>Paino: 11,9 kg<\/li>\n<li>Kest\u00e4v\u00e4<\/li>\n<li>Kehysmateriaali: T\u00e4ysi mangopuu<\/li>\n<li>Mukana 1 saranoitu ovi<\/li>\n<li>Enimm\u00e4ispaino: 60 kg<\/li>\n<li>Vain sis\u00e4k\u00e4ytt\u00f6\u00f6n<\/li>\n<li>Toimitus-:<\/li>\n<li>1 x Sivup\u00f6yt\u00e4<\/li>\n<li>Kokoonpano vaaditaan: Kyll\u00e4<\/li>\n<\/ul>\n","protected":false},"featured_media":100000198129,"comment_status":"closed","ping_status":"closed","template":"","meta":[],"product_brand":[],"product_cat":[84,8567],"product_tag":[],"class_list":{"0":"post-198129","1":"product","2":"type-product","3":"status-publish","4":"has-post-thumbnail","6":"product_cat-huonekalut","7":"product_cat-medialaitekaapit-telineet","9":"first","10":"instock","11":"taxable","12":"shipping-taxable","13":"purchasable","14":"product-type-simple"},"_links":{"self":[{"href":"https:\/\/www.otiumhome.fi\/index.php\/wp-json\/wp\/v2\/product\/198129","targetHints":{"allow":["GET"]}}],"collection":[{"href":"https:\/\/www.otiumhome.fi\/index.php\/wp-json\/wp\/v2\/product"}],"about":[{"href":"https:\/\/www.otiumhome.fi\/index.php\/wp-json\/wp\/v2\/types\/product"}],"replies":[{"embeddable":true,"href":"https:\/\/www.otiumhome.fi\/index.php\/wp-json\/wp\/v2\/comments?post=198129"}],"wp:featuredmedia":[{"embeddable":true,"href":"https:\/\/www.otiumhome.fi\/index.php\/wp-json\/"}],"wp:attachment":[{"href":"https:\/\/www.otiumhome.fi\/index.php\/wp-json\/wp\/v2\/media?parent=198129"}],"wp:term":[{"taxonomy":"product_brand","embeddable":true,"href":"https:\/\/www.otiumhome.fi\/index.php\/wp-json\/wp\/v2\/product_brand?post=198129"},{"taxonomy":"product_cat","embeddable":true,"href":"https:\/\/www.otiumhome.fi\/index.php\/wp-json\/wp\/v2\/product_cat?post=198129"},{"taxonomy":"product_tag","embeddable":true,"href":"https:\/\/www.otiumhome.fi\/index.php\/wp-json\/wp\/v2\/product_tag?post=198129"}],"curies":[{"name":"wp","href":"https:\/\/api.w.org\/{rel}","templated":true}]}}