{"id":198128,"date":"2025-12-09T07:44:55","date_gmt":"2025-12-09T07:44:55","guid":{"rendered":"https:\/\/www.otiumhome.fi\/?p=198128"},"modified":"2026-01-18T21:24:00","modified_gmt":"2026-01-18T21:24:00","slug":"sivupoyta-valkoinen-pesu-viimeistely-40-x-33-x-75-cm","status":"publish","type":"product","link":"https:\/\/www.otiumhome.fi\/index.php\/tuote\/sivupoyta-valkoinen-pesu-viimeistely-40-x-33-x-75-cm\/","title":{"rendered":"Sivup\u00f6yt\u00e4 Valkoinen pesu viimeistely 40 x 33 x 75 cm"},"content":{"rendered":"<p>T\u00e4m\u00e4 moderni sivup\u00f6yt\u00e4 on loistava lis\u00e4 mihin tahansa ruokasaliin tai olohuoneeseen, yhdist\u00e4en k\u00e4yt\u00e4nn\u00f6llisyyden ja tyylikkyyden. Minimalistinen muotoilu ja puhtaat linjat heijastavat nykyaikaisuutta. Valmistettu mangopuusta ja MDF:st\u00e4, t\u00e4m\u00e4 p\u00f6yt\u00e4 on kest\u00e4v\u00e4 ja kaunis. Kuvittele, kuinka t\u00e4m\u00e4 sivup\u00f6yt\u00e4 toimii tyylikk\u00e4\u00e4n\u00e4 keskuksena kodissasi!<\/p>\n<ul>\n<li><b>Materiaali:<\/b> T\u00e4m\u00e4 sivup\u00f6yt\u00e4 on valmistettu mangopuusta ja MDF:st\u00e4, jotka yhdess\u00e4 tekev\u00e4t siit\u00e4 sek\u00e4 kevyen ett\u00e4 tukevan. N\u00e4m\u00e4 materiaalit takaavat pitk\u00e4ik\u00e4isyyden ja kauniin ulkon\u00e4\u00f6n, joka sopii moniin eri sisustustyyleihin.<\/li>\n<li><b>Komponentit:<\/b> Tilavat laatikot ja tyylikk\u00e4\u00e4t lokeroiden muodot tarjoavat monipuolisia s\u00e4ilytysratkaisuja. Kuppivetimet helpottavat k\u00e4ytett\u00e4vyytt\u00e4 ja lis\u00e4\u00e4v\u00e4t eleganssia moderniin muotoiluun.<\/li>\n<li><b>Ominaisuudet \/Toiminta \/Muotoilu:<\/b> Minimalistinen muotoilu tekee t\u00e4st\u00e4 sivup\u00f6yd\u00e4st\u00e4 t\u00e4ydellisen moderneihin sisustuksiin. Sen suorakaiteen muoto antaa tilaa koriste-esineille ja ruoan tarjoamiselle, jolloin se on k\u00e4yt\u00e4nn\u00f6llinen lis\u00e4 ruokasaliin tai olohuoneeseen.<\/li>\n<li><b>Suositellut k\u00e4ytt\u00f6tarkoitukset:<\/b> T\u00e4m\u00e4 sivup\u00f6yt\u00e4 on ihanteellinen ruokasaleihin, olohuoneisiin tai eteisiin, ja se toimii monipuolisena s\u00e4ilytysratkaisuna astioille, liinoille tai muille tarpeellisille asioille. Sen hillitty muotoilu parantaa mink\u00e4 tahansa tilan ilmett\u00e4.<\/li>\n<li><b>Hoito ja yll\u00e4pito:<\/b> Pid\u00e4 sivup\u00f6yt\u00e4 kauniina puhdistamalla se kuivalla liinalla. V\u00e4lt\u00e4 voimakkaita kemikaaleja, jotka voivat vahingoittaa pintaa. S\u00e4\u00e4nn\u00f6llinen hoito takaa sen, ett\u00e4 se kest\u00e4\u00e4 aikaa ja toimii kauniisti miss\u00e4 tahansa kodin ymp\u00e4rist\u00f6ss\u00e4.<\/li>\n<\/ul>\n<ul>\n<li>V\u00e4ri: Valkoinen pesu viimeistely<\/li>\n<li>Materiaali: Kiinte\u00e4 mango puu<\/li>\n<li>Yleiset mitat: 40 x 33 x 75 cm (P x L x K)<\/li>\n<li>Paino: 16,15 kg<\/li>\n<li>Kest\u00e4v\u00e4<\/li>\n<li>3 laatikoilla<\/li>\n<li>Kehysmateriaali: T\u00e4ysi mangopuu<\/li>\n<li>Enimm\u00e4ispaino: 60 kg<\/li>\n<li>Vain sis\u00e4k\u00e4ytt\u00f6\u00f6n<\/li>\n<li>Toimitus-:<\/li>\n<li>1 x Sivup\u00f6yt\u00e4<\/li>\n<li>Kokoonpano vaaditaan: Kyll\u00e4<\/li>\n<\/ul>\n","protected":false},"excerpt":{"rendered":"<ul>\n<li>V\u00e4ri: Valkoinen pesu viimeistely<\/li>\n<li>Materiaali: Kiinte\u00e4 mango puu<\/li>\n<li>Yleiset mitat: 40 x 33 x 75 cm (P x L x K)<\/li>\n<li>Paino: 16,15 kg<\/li>\n<li>Kest\u00e4v\u00e4<\/li>\n<li>3 laatikoilla<\/li>\n<li>Kehysmateriaali: T\u00e4ysi mangopuu<\/li>\n<li>Enimm\u00e4ispaino: 60 kg<\/li>\n<li>Vain sis\u00e4k\u00e4ytt\u00f6\u00f6n<\/li>\n<li>Toimitus-:<\/li>\n<li>1 x Sivup\u00f6yt\u00e4<\/li>\n<li>Kokoonpano vaaditaan: Kyll\u00e4<\/li>\n<\/ul>\n","protected":false},"featured_media":100000198128,"comment_status":"closed","ping_status":"closed","template":"","meta":[],"product_brand":[],"product_cat":[84,8567],"product_tag":[],"class_list":{"0":"post-198128","1":"product","2":"type-product","3":"status-publish","4":"has-post-thumbnail","6":"product_cat-huonekalut","7":"product_cat-medialaitekaapit-telineet","9":"first","10":"instock","11":"taxable","12":"shipping-taxable","13":"purchasable","14":"product-type-simple"},"_links":{"self":[{"href":"https:\/\/www.otiumhome.fi\/index.php\/wp-json\/wp\/v2\/product\/198128","targetHints":{"allow":["GET"]}}],"collection":[{"href":"https:\/\/www.otiumhome.fi\/index.php\/wp-json\/wp\/v2\/product"}],"about":[{"href":"https:\/\/www.otiumhome.fi\/index.php\/wp-json\/wp\/v2\/types\/product"}],"replies":[{"embeddable":true,"href":"https:\/\/www.otiumhome.fi\/index.php\/wp-json\/wp\/v2\/comments?post=198128"}],"wp:featuredmedia":[{"embeddable":true,"href":"https:\/\/www.otiumhome.fi\/index.php\/wp-json\/"}],"wp:attachment":[{"href":"https:\/\/www.otiumhome.fi\/index.php\/wp-json\/wp\/v2\/media?parent=198128"}],"wp:term":[{"taxonomy":"product_brand","embeddable":true,"href":"https:\/\/www.otiumhome.fi\/index.php\/wp-json\/wp\/v2\/product_brand?post=198128"},{"taxonomy":"product_cat","embeddable":true,"href":"https:\/\/www.otiumhome.fi\/index.php\/wp-json\/wp\/v2\/product_cat?post=198128"},{"taxonomy":"product_tag","embeddable":true,"href":"https:\/\/www.otiumhome.fi\/index.php\/wp-json\/wp\/v2\/product_tag?post=198128"}],"curies":[{"name":"wp","href":"https:\/\/api.w.org\/{rel}","templated":true}]}}