{"id":198127,"date":"2025-12-09T07:44:55","date_gmt":"2025-12-09T07:44:55","guid":{"rendered":"https:\/\/www.otiumhome.fi\/?p=198127"},"modified":"2025-12-20T11:42:20","modified_gmt":"2025-12-20T11:42:20","slug":"tv-kaappi-hyllylla-valkoinen-pesu-viimeistely-100-x-33-x-46-cm","status":"publish","type":"product","link":"https:\/\/www.otiumhome.fi\/index.php\/tuote\/tv-kaappi-hyllylla-valkoinen-pesu-viimeistely-100-x-33-x-46-cm\/","title":{"rendered":"TV-kaappi hyllyll\u00e4 Valkoinen pesu viimeistely 100 x 33 x 46 cm"},"content":{"rendered":"<p>T\u00e4m\u00e4 TV-kaappi on ehdottomasti avainosa mink\u00e4 tahansa olohuoneen ilmeess\u00e4. Se yhdist\u00e4\u00e4 modernin tyylin ja k\u00e4yt\u00e4nn\u00f6llisen s\u00e4ilytyksen. Sen selke\u00e4t linjat ja minimalistinen tyyli koronovat nykyaikaisia sisustuksia ja tarjoavat t\u00e4ydellisen paikan medioiden ja muiden tavaroiden s\u00e4ilytt\u00e4miseen. T\u00e4m\u00e4 kaappi on tehty t\u00e4ysimangopuusta, joka tuo mukanaan luonnollista l\u00e4mp\u00f6\u00e4 ja eleganssia, ja suorakaiteen muotoinen muotoilu tekee siit\u00e4 visuaalisesti miellytt\u00e4v\u00e4n ja k\u00e4yt\u00e4nn\u00f6llisen.\u201d]},{<\/p>\n<ul>\n<li><b>Materiaalit:<\/b> TV-kaappi on tehty huolella t\u00e4ysist\u00e4 mangopuista ja MDF:st\u00e4, ja se kest\u00e4\u00e4 pitk\u00e4\u00e4n. Mangopuun luonnolliset syyt luovat kauniin ilmeen, tuoden l\u00e4mp\u00f6\u00e4 olohuoneeseen samalla kun se pit\u00e4\u00e4 rakenteen vahvana.<\/li>\n<li><b>Mukana tulevat osat:<\/b> Kaapissa on hyllyt mediakomponenttien s\u00e4ilytt\u00e4miseen, ja sen kupuvetimet tekev\u00e4t k\u00e4yt\u00f6st\u00e4 helppoa. Neli\u00f6jalat varmistavat kaapin vakaan paikan olohuoneessasi, parantaen sek\u00e4 toimivuutta ett\u00e4 tyyli\u00e4.<\/li>\n<li><b>Ominaisuudet \/ Toiminta \/ Suunnittelu:<\/b> T\u00e4m\u00e4 TV-kaappi palvelee mediatarpeitasi pitk\u00e4\u00e4n. Se tarjoaa luotettavan perustan television ja muiden laitteiden k\u00e4ytt\u00f6\u00f6n, samalla kun pit\u00e4\u00e4 ymp\u00e4rist\u00f6n rauhallisena ja siistin\u00e4.<\/li>\n<li><b>Suositellut k\u00e4ytt\u00f6tavat:<\/b> Suunniteltu erityisesti olohuoneisiin, kaappi tarjoaa monenlaisia s\u00e4ilytysratkaisuja TV:lle, pelikonsolille ja muille koristeille. Sen hoikka malli sopii erinomaisesti erilaisiin huonej\u00e4rjestelyihin.<\/li>\n<li><b>Huolto ja yll\u00e4pito:<\/b> Pid\u00e4 kaappi hyv\u00e4ss\u00e4 kunnossa puhdistamalla pinnat varovasti kuivan liinan avulla. V\u00e4lt\u00e4 karkeita kemikaaleja, jotta puun luonnollinen kaunius s\u00e4ilyy ja k\u00e4ytt\u00f6ik\u00e4 pitenee.<\/li>\n<\/ul>\n<ul>\n<li>V\u00e4ri: Valkoinen pesu viimeistely<\/li>\n<li>Materiaali: Kiinte\u00e4 mango puu<\/li>\n<li>Yleiset mitat: 100 x 33 x 46 cm (P x L x K)<\/li>\n<li>Paino: 21,3 kg<\/li>\n<li>Kest\u00e4v\u00e4<\/li>\n<li>2 laatikoilla<\/li>\n<li>Mukana 1 laatikkohylly<\/li>\n<li>Kehysmateriaali: T\u00e4ysi mangopuu<\/li>\n<li>Enimm\u00e4ispaino: 60 kg<\/li>\n<li>Vain sis\u00e4k\u00e4ytt\u00f6\u00f6n<\/li>\n<li>Toimitus-:<\/li>\n<li>1 x TV-kaappi<\/li>\n<li>Kokoonpano vaaditaan: Kyll\u00e4<\/li>\n<\/ul>\n","protected":false},"excerpt":{"rendered":"<ul>\n<li>V\u00e4ri: Valkoinen pesu viimeistely<\/li>\n<li>Materiaali: Kiinte\u00e4 mango puu<\/li>\n<li>Yleiset mitat: 100 x 33 x 46 cm (P x L x K)<\/li>\n<li>Paino: 21,3 kg<\/li>\n<li>Kest\u00e4v\u00e4<\/li>\n<li>2 laatikoilla<\/li>\n<li>Mukana 1 laatikkohylly<\/li>\n<li>Kehysmateriaali: T\u00e4ysi mangopuu<\/li>\n<li>Enimm\u00e4ispaino: 60 kg<\/li>\n<li>Vain sis\u00e4k\u00e4ytt\u00f6\u00f6n<\/li>\n<li>Toimitus-:<\/li>\n<li>1 x TV-kaappi<\/li>\n<li>Kokoonpano vaaditaan: Kyll\u00e4<\/li>\n<\/ul>\n","protected":false},"featured_media":100000198127,"comment_status":"closed","ping_status":"closed","template":"","meta":[],"product_brand":[],"product_cat":[84,8567],"product_tag":[],"class_list":{"0":"post-198127","1":"product","2":"type-product","3":"status-publish","4":"has-post-thumbnail","6":"product_cat-huonekalut","7":"product_cat-medialaitekaapit-telineet","9":"first","10":"instock","11":"taxable","12":"shipping-taxable","13":"purchasable","14":"product-type-simple"},"_links":{"self":[{"href":"https:\/\/www.otiumhome.fi\/index.php\/wp-json\/wp\/v2\/product\/198127","targetHints":{"allow":["GET"]}}],"collection":[{"href":"https:\/\/www.otiumhome.fi\/index.php\/wp-json\/wp\/v2\/product"}],"about":[{"href":"https:\/\/www.otiumhome.fi\/index.php\/wp-json\/wp\/v2\/types\/product"}],"replies":[{"embeddable":true,"href":"https:\/\/www.otiumhome.fi\/index.php\/wp-json\/wp\/v2\/comments?post=198127"}],"wp:featuredmedia":[{"embeddable":true,"href":"https:\/\/www.otiumhome.fi\/index.php\/wp-json\/"}],"wp:attachment":[{"href":"https:\/\/www.otiumhome.fi\/index.php\/wp-json\/wp\/v2\/media?parent=198127"}],"wp:term":[{"taxonomy":"product_brand","embeddable":true,"href":"https:\/\/www.otiumhome.fi\/index.php\/wp-json\/wp\/v2\/product_brand?post=198127"},{"taxonomy":"product_cat","embeddable":true,"href":"https:\/\/www.otiumhome.fi\/index.php\/wp-json\/wp\/v2\/product_cat?post=198127"},{"taxonomy":"product_tag","embeddable":true,"href":"https:\/\/www.otiumhome.fi\/index.php\/wp-json\/wp\/v2\/product_tag?post=198127"}],"curies":[{"name":"wp","href":"https:\/\/api.w.org\/{rel}","templated":true}]}}