{"id":198126,"date":"2025-12-09T07:44:54","date_gmt":"2025-12-09T07:44:54","guid":{"rendered":"https:\/\/www.otiumhome.fi\/?p=198126"},"modified":"2025-12-20T11:42:20","modified_gmt":"2025-12-20T11:42:20","slug":"tv-kaappi-hyllylla-valkoinen-pesu-viimeistely-80-x-33-x-46-cm","status":"publish","type":"product","link":"https:\/\/www.otiumhome.fi\/index.php\/tuote\/tv-kaappi-hyllylla-valkoinen-pesu-viimeistely-80-x-33-x-46-cm\/","title":{"rendered":"TV-kaappi hyllyll\u00e4 Valkoinen pesu viimeistely 80 x 33 x 46 cm"},"content":{"rendered":"<p>T\u00e4m\u00e4 moderni TV-taso on tyylik\u00e4s sivup\u00f6yt\u00e4, joka sopii t\u00e4ydellisesti nykyaikaisiin olohuoneisiin tai ruokailutiloihin. Yksinkertainen muotoilu ja puhtaat linjat yhdist\u00e4v\u00e4t toiminnallisuuden ja tyylin, tarjoten k\u00e4yt\u00e4nn\u00f6llisen ratkaisun median s\u00e4ilytykseen samalla kun se n\u00e4ytt\u00e4\u00e4 hyv\u00e4lt\u00e4. Se on loistava lis\u00e4 mihin tahansa kotiin, olipa kyseess\u00e4 televisio tai arvokkaat esineet.<\/p>\n<ul>\n<li><b>Materiaalit:<\/b> TV-taso on valmistettu t\u00e4ysin mango-puusta, joka on valittu sen vahvuuden ja keston vuoksi. T\u00e4m\u00e4 kaunis luonnollinen puu tuo moderniin sisustukseen l\u00e4mp\u00f6\u00e4 ja takaa pitk\u00e4n k\u00e4ytt\u00f6i\u00e4n. Puuelementit tuovat vakautta ilman liikaa painoa, s\u00e4ilytt\u00e4en tasapainon vankkuuden ja liikkuvuuden v\u00e4lill\u00e4.<\/li>\n<li><b>Mukana olevat osat:<\/b> TV-taso sis\u00e4lt\u00e4\u00e4 levyhyllyj\u00e4, jotka sopivat hyvin media-laitteille tai koriste-esineille. MDF-tausta pit\u00e4\u00e4 takan\u00e4kym\u00e4n siistin\u00e4, joten kaappi on helppo sijoittaa joko sein\u00e4\u00e4 vasten tai eristyksiss\u00e4.<\/li>\n<li><b>Ominaisuudet \/ toiminnot \/ suunnittelu:<\/b> Kest\u00e4v\u00e4 rakenne takaa, ett\u00e4 kaappi kest\u00e4\u00e4 arjen haasteita. Rautaiset neli\u00f6jalat tarjoavat tukevuutta, ja kuppivetimill\u00e4 varustetut laatikot tekev\u00e4t k\u00e4ytt\u00f6prosessista helppoa.<\/li>\n<li><b>Suositellut k\u00e4ytt\u00f6tarkoitukset:<\/b> T\u00e4m\u00e4 TV-taso on suunniteltu erityisesti sis\u00e4tiloihin, sopien erilaisiin mediatarpeisiin tai jopa s\u00e4\u00e4st\u00f6tilaksi perheen valokuville. Muotoilu tarjoaa luovia mahdollisuuksia kalusteiden j\u00e4rjest\u00e4miseen.<\/li>\n<li><b>Huolto &amp; yll\u00e4pito:<\/b> S\u00e4ilytt\u00e4\u00e4ksesi kaapin tyylin, pyyhi se s\u00e4\u00e4nn\u00f6llisesti kuivalla kankaalla. V\u00e4lt\u00e4 kosteutta ja voimakkaita kemikaaleja. S\u00e4\u00e4nn\u00f6llinen p\u00f6lytt\u00e4misen pit\u00e4minenpinnoilla puhtaana yll\u00e4pit\u00e4\u00e4 puun luonnollista kauneutta.<\/li>\n<\/ul>\n<ul>\n<li>V\u00e4ri: Valkoinen pesu viimeistely<\/li>\n<li>Materiaali: Kiinte\u00e4 mango puu<\/li>\n<li>Yleiset mitat: 80 x 33 x 46 cm (P x L x K)<\/li>\n<li>Paino: 15,8 kg<\/li>\n<li>Kest\u00e4v\u00e4<\/li>\n<li>Yhdell\u00e4 laatikolla<\/li>\n<li>Mukana 1 laatikkohylly<\/li>\n<li>Kehysmateriaali: T\u00e4ysi mangopuu<\/li>\n<li>Enimm\u00e4ispaino: 60 kg<\/li>\n<li>Vain sis\u00e4k\u00e4ytt\u00f6\u00f6n<\/li>\n<li>Toimitus-:<\/li>\n<li>1 x TV-kaappi<\/li>\n<li>Kokoonpano vaaditaan: Kyll\u00e4<\/li>\n<\/ul>\n","protected":false},"excerpt":{"rendered":"<ul>\n<li>V\u00e4ri: Valkoinen pesu viimeistely<\/li>\n<li>Materiaali: Kiinte\u00e4 mango puu<\/li>\n<li>Yleiset mitat: 80 x 33 x 46 cm (P x L x K)<\/li>\n<li>Paino: 15,8 kg<\/li>\n<li>Kest\u00e4v\u00e4<\/li>\n<li>Yhdell\u00e4 laatikolla<\/li>\n<li>Mukana 1 laatikkohylly<\/li>\n<li>Kehysmateriaali: T\u00e4ysi mangopuu<\/li>\n<li>Enimm\u00e4ispaino: 60 kg<\/li>\n<li>Vain sis\u00e4k\u00e4ytt\u00f6\u00f6n<\/li>\n<li>Toimitus-:<\/li>\n<li>1 x TV-kaappi<\/li>\n<li>Kokoonpano vaaditaan: Kyll\u00e4<\/li>\n<\/ul>\n","protected":false},"featured_media":100000198126,"comment_status":"closed","ping_status":"closed","template":"","meta":[],"product_brand":[],"product_cat":[84,8567],"product_tag":[],"class_list":{"0":"post-198126","1":"product","2":"type-product","3":"status-publish","4":"has-post-thumbnail","6":"product_cat-huonekalut","7":"product_cat-medialaitekaapit-telineet","9":"first","10":"instock","11":"taxable","12":"shipping-taxable","13":"purchasable","14":"product-type-simple"},"_links":{"self":[{"href":"https:\/\/www.otiumhome.fi\/index.php\/wp-json\/wp\/v2\/product\/198126","targetHints":{"allow":["GET"]}}],"collection":[{"href":"https:\/\/www.otiumhome.fi\/index.php\/wp-json\/wp\/v2\/product"}],"about":[{"href":"https:\/\/www.otiumhome.fi\/index.php\/wp-json\/wp\/v2\/types\/product"}],"replies":[{"embeddable":true,"href":"https:\/\/www.otiumhome.fi\/index.php\/wp-json\/wp\/v2\/comments?post=198126"}],"wp:featuredmedia":[{"embeddable":true,"href":"https:\/\/www.otiumhome.fi\/index.php\/wp-json\/"}],"wp:attachment":[{"href":"https:\/\/www.otiumhome.fi\/index.php\/wp-json\/wp\/v2\/media?parent=198126"}],"wp:term":[{"taxonomy":"product_brand","embeddable":true,"href":"https:\/\/www.otiumhome.fi\/index.php\/wp-json\/wp\/v2\/product_brand?post=198126"},{"taxonomy":"product_cat","embeddable":true,"href":"https:\/\/www.otiumhome.fi\/index.php\/wp-json\/wp\/v2\/product_cat?post=198126"},{"taxonomy":"product_tag","embeddable":true,"href":"https:\/\/www.otiumhome.fi\/index.php\/wp-json\/wp\/v2\/product_tag?post=198126"}],"curies":[{"name":"wp","href":"https:\/\/api.w.org\/{rel}","templated":true}]}}