{"id":198124,"date":"2025-12-09T07:44:54","date_gmt":"2025-12-09T07:44:54","guid":{"rendered":"https:\/\/www.otiumhome.fi\/?p=198124"},"modified":"2025-12-20T11:42:19","modified_gmt":"2025-12-20T11:42:19","slug":"tv-kaappi-ovella-valkoinen-pesu-viimeistely-80-x-33-x-46-cm","status":"publish","type":"product","link":"https:\/\/www.otiumhome.fi\/index.php\/tuote\/tv-kaappi-ovella-valkoinen-pesu-viimeistely-80-x-33-x-46-cm\/","title":{"rendered":"TV-kaappi ovella Valkoinen pesu viimeistely 80 x 33 x 46 cm"},"content":{"rendered":"<p>T\u00e4m\u00e4 moderni televisiotaso yhdist\u00e4\u00e4 k\u00e4yt\u00e4nn\u00f6llisyyden ja minimalistisen tyylin tyylill\u00e4. Sen suorat linjat ja siisti ulkon\u00e4k\u00f6 tekev\u00e4t siit\u00e4 erinomaisen vaihtoehdon s\u00e4ilytykselle, yhdist\u00e4en yksinkertaisuuden tukevuuteen erilaisissa sis\u00e4tiloissa. Sen kompakti koko toimii hyvin sek\u00e4 pieniss\u00e4 ett\u00e4 suurissa asunnoissa ja tuo hienostuneisuutta jokaiseen ymp\u00e4rist\u00f6\u00f6n. Sen viimeistelty takapaneeli ja vieh\u00e4tt\u00e4v\u00e4t kuppivetimet tekev\u00e4t siit\u00e4 esteettisesti miellytt\u00e4v\u00e4n ja k\u00e4yt\u00e4nn\u00f6llisen. T\u00e4ydellinen valinta kaikille, jotka etsiv\u00e4t tyylikk\u00e4it\u00e4 s\u00e4ilytysratkaisuja.<\/p>\n<ul>\n<li><b>T\u00e4ysi mangopuun runko:<\/b> Mangopuun kest\u00e4vyys tekee t\u00e4st\u00e4 televisiotasosta pitk\u00e4ik\u00e4isen ja kauniin. Se on loistava huonekalu olohuoneeseen ja tarjoaa tukevan paikan laitteillesi.<\/li>\n<li><b>Rautaiset neli\u00f6jalat:<\/b> Vankat rautajalakset antavat hyv\u00e4n tuen ja vakauden. Yksinkertainen muotoilu tukee modernia ilmett\u00e4 ja pit\u00e4\u00e4 kaiken tasapainossa, joten voit laittaa esineit\u00e4 ilman huolta.<\/li>\n<li><b>Saranat ovet kuppivetimill\u00e4:<\/b> Avattavat ovet kuppivetimill\u00e4 tekev\u00e4t s\u00e4ilytt\u00e4misest\u00e4 helppoa. Ne yhdist\u00e4v\u00e4t k\u00e4ytt\u00f6mukavuuden ja tyylikkyyden, mahdollistaen yksinkertaisen avauksen ja sulkemisen.<\/li>\n<li><b>MDF viimeistelty takapaneeli:<\/b> MDF takapaneeli tekee t\u00e4st\u00e4 kauniin jopa takaa. Se on mukana kaikissa j\u00e4rjestelyiss\u00e4, joissa takapaneeli n\u00e4kyy ja se lis\u00e4\u00e4 huoneen kauneutta.<\/li>\n<li><b>Hoito-ohjeet:<\/b> Pid\u00e4 t\u00e4m\u00e4 televisiotaso hyv\u00e4ss\u00e4 kunnossa pyyhkim\u00e4ll\u00e4 se s\u00e4\u00e4nn\u00f6llisesti kuivalla liinalla. V\u00e4lt\u00e4 kemikaaleja, jotta viimeistely s\u00e4ilyy. Kokoamiseen tarvitaan ruuvimeisseli ja kaksi henkil\u00f6\u00e4.<\/li>\n<\/ul>\n<ul>\n<li>V\u00e4ri: Valkoinen pesu viimeistely<\/li>\n<li>Materiaali: Kiinte\u00e4 mango puu<\/li>\n<li>Yleiset mitat: 80 x 33 x 46 cm (P x L x K)<\/li>\n<li>Paino: 12,75 kg<\/li>\n<li>Kest\u00e4v\u00e4<\/li>\n<li>Kehysmateriaali: T\u00e4ysi mangopuu<\/li>\n<li>Mukana 1 saranoitu ovi<\/li>\n<li>Enimm\u00e4ispaino: 60 kg<\/li>\n<li>Vain sis\u00e4k\u00e4ytt\u00f6\u00f6n<\/li>\n<li>Toimitus-:<\/li>\n<li>1 x TV-kaappi<\/li>\n<li>Kokoonpano vaaditaan: Kyll\u00e4<\/li>\n<\/ul>\n","protected":false},"excerpt":{"rendered":"<ul>\n<li>V\u00e4ri: Valkoinen pesu viimeistely<\/li>\n<li>Materiaali: Kiinte\u00e4 mango puu<\/li>\n<li>Yleiset mitat: 80 x 33 x 46 cm (P x L x K)<\/li>\n<li>Paino: 12,75 kg<\/li>\n<li>Kest\u00e4v\u00e4<\/li>\n<li>Kehysmateriaali: T\u00e4ysi mangopuu<\/li>\n<li>Mukana 1 saranoitu ovi<\/li>\n<li>Enimm\u00e4ispaino: 60 kg<\/li>\n<li>Vain sis\u00e4k\u00e4ytt\u00f6\u00f6n<\/li>\n<li>Toimitus-:<\/li>\n<li>1 x TV-kaappi<\/li>\n<li>Kokoonpano vaaditaan: Kyll\u00e4<\/li>\n<\/ul>\n","protected":false},"featured_media":100000198124,"comment_status":"closed","ping_status":"closed","template":"","meta":[],"product_brand":[],"product_cat":[84,8567],"product_tag":[],"class_list":{"0":"post-198124","1":"product","2":"type-product","3":"status-publish","4":"has-post-thumbnail","6":"product_cat-huonekalut","7":"product_cat-medialaitekaapit-telineet","9":"first","10":"instock","11":"taxable","12":"shipping-taxable","13":"purchasable","14":"product-type-simple"},"_links":{"self":[{"href":"https:\/\/www.otiumhome.fi\/index.php\/wp-json\/wp\/v2\/product\/198124","targetHints":{"allow":["GET"]}}],"collection":[{"href":"https:\/\/www.otiumhome.fi\/index.php\/wp-json\/wp\/v2\/product"}],"about":[{"href":"https:\/\/www.otiumhome.fi\/index.php\/wp-json\/wp\/v2\/types\/product"}],"replies":[{"embeddable":true,"href":"https:\/\/www.otiumhome.fi\/index.php\/wp-json\/wp\/v2\/comments?post=198124"}],"wp:featuredmedia":[{"embeddable":true,"href":"https:\/\/www.otiumhome.fi\/index.php\/wp-json\/"}],"wp:attachment":[{"href":"https:\/\/www.otiumhome.fi\/index.php\/wp-json\/wp\/v2\/media?parent=198124"}],"wp:term":[{"taxonomy":"product_brand","embeddable":true,"href":"https:\/\/www.otiumhome.fi\/index.php\/wp-json\/wp\/v2\/product_brand?post=198124"},{"taxonomy":"product_cat","embeddable":true,"href":"https:\/\/www.otiumhome.fi\/index.php\/wp-json\/wp\/v2\/product_cat?post=198124"},{"taxonomy":"product_tag","embeddable":true,"href":"https:\/\/www.otiumhome.fi\/index.php\/wp-json\/wp\/v2\/product_tag?post=198124"}],"curies":[{"name":"wp","href":"https:\/\/api.w.org\/{rel}","templated":true}]}}