{"id":198081,"date":"2025-12-09T06:09:42","date_gmt":"2025-12-09T06:09:42","guid":{"rendered":"https:\/\/www.otiumhome.fi\/?p=198081"},"modified":"2025-12-10T05:00:29","modified_gmt":"2025-12-10T05:00:29","slug":"kylpyhuoneen-lattiakaappi-taysi-manty-48x32x170-cm","status":"publish","type":"product","link":"https:\/\/www.otiumhome.fi\/index.php\/tuote\/kylpyhuoneen-lattiakaappi-taysi-manty-48x32x170-cm\/","title":{"rendered":"Kylpyhuoneen lattiakaappi t\u00e4ysi m\u00e4nty 48x32x170 cm"},"content":{"rendered":"<p>T\u00e4m\u00e4 retrotyylinen puinen sein\u00e4kaappi tuo maalaismaista tunnelmaa kylpyhuoneeseesi.<\/p>\n<\/p>\n<p>T\u00e4m\u00e4 vakaa, tukeva ja kest\u00e4v\u00e4 kylpyhuoneen kaappi on valmistettu eritt\u00e4in huolellisesti t\u00e4ydest\u00e4 m\u00e4nnyst\u00e4 ja ammattitaitoinen valmistustapa antaa oman lis\u00e4ns\u00e4 sen upealle vintage tyylille.<\/p>\n<\/p>\n<p>T\u00e4rke\u00e4 huomio: V\u00e4rit ja puunsyyt vaihtelevat kappaleittain, ja kaapin nupit lis\u00e4\u00e4v\u00e4t luonnetta ja ainutlaatuisuutta, mik\u00e4 antaa jokaiselle tuotteelle oman historian ja ainutlaatuisen estetiikan; toimitus on sattumanvarainen, t\u00e4m\u00e4 takaa tuotteesi ainutlaatuisuuden.<\/p>\n<ul>\n<li>Materiaali: T\u00e4ysi m\u00e4nty<\/li>\n<li>Mitat: 48 x 32 x 170 cm (L x S x K)<\/li>\n<li>2 avohylly\u00e4 ja 1 kaappi<\/li>\n<li>Vintagetyyli<\/li>\n<li>Helppo koota<\/li>\n<li>Varoitus! Kaatumisen est\u00e4miseksi on t\u00e4t\u00e4 tuotetta k\u00e4ytett\u00e4v\u00e4 mukana toimitetun sein\u00e4kiinnityslaitteen kanssa.<\/li>\n<li>Legal Documents:\n<p><span>Lis\u00e4tietoja huonekalujesi kaatumisen est\u00e4misest\u00e4 voit l\u00f6yt\u00e4\u00e4 <span style=\"text-decoration: underline\"><strong><a title=\"https:\/\/bit.ly\/3bVwkQp\" href=\"https:\/\/bit.ly\/3bVwkQp\" target=\"_blank\">t\u00e4\u00e4lt\u00e4<\/a><\/strong><\/span><\/span><\/p>\n<\/li>\n<\/ul>\n","protected":false},"excerpt":{"rendered":"<ul>\n<li>Materiaali: T\u00e4ysi m\u00e4nty<\/li>\n<li>Mitat: 48 x 32 x 170 cm (L x S x K)<\/li>\n<li>2 avohylly\u00e4 ja 1 kaappi<\/li>\n<li>Vintagetyyli<\/li>\n<li>Helppo koota<\/li>\n<li>Varoitus! Kaatumisen est\u00e4miseksi on t\u00e4t\u00e4 tuotetta k\u00e4ytett\u00e4v\u00e4 mukana toimitetun sein\u00e4kiinnityslaitteen kanssa.<\/li>\n<li>Legal Documents:\n<p><span>Lis\u00e4tietoja huonekalujesi kaatumisen est\u00e4misest\u00e4 voit l\u00f6yt\u00e4\u00e4 <span style=\"text-decoration: underline\"><strong><a title=\"https:\/\/bit.ly\/3bVwkQp\" href=\"https:\/\/bit.ly\/3bVwkQp\" target=\"_blank\">t\u00e4\u00e4lt\u00e4<\/a><\/strong><\/span><\/span><\/p>\n<\/li>\n<\/ul>\n","protected":false},"featured_media":100000198081,"comment_status":"closed","ping_status":"closed","template":"","meta":[],"product_brand":[],"product_cat":[84,8560],"product_tag":[],"class_list":{"0":"post-198081","1":"product","2":"type-product","3":"status-publish","4":"has-post-thumbnail","6":"product_cat-huonekalut","7":"product_cat-kylpyhuoneen-kalusteet","9":"first","10":"instock","11":"taxable","12":"shipping-taxable","13":"purchasable","14":"product-type-simple"},"_links":{"self":[{"href":"https:\/\/www.otiumhome.fi\/index.php\/wp-json\/wp\/v2\/product\/198081","targetHints":{"allow":["GET"]}}],"collection":[{"href":"https:\/\/www.otiumhome.fi\/index.php\/wp-json\/wp\/v2\/product"}],"about":[{"href":"https:\/\/www.otiumhome.fi\/index.php\/wp-json\/wp\/v2\/types\/product"}],"replies":[{"embeddable":true,"href":"https:\/\/www.otiumhome.fi\/index.php\/wp-json\/wp\/v2\/comments?post=198081"}],"wp:featuredmedia":[{"embeddable":true,"href":"https:\/\/www.otiumhome.fi\/index.php\/wp-json\/"}],"wp:attachment":[{"href":"https:\/\/www.otiumhome.fi\/index.php\/wp-json\/wp\/v2\/media?parent=198081"}],"wp:term":[{"taxonomy":"product_brand","embeddable":true,"href":"https:\/\/www.otiumhome.fi\/index.php\/wp-json\/wp\/v2\/product_brand?post=198081"},{"taxonomy":"product_cat","embeddable":true,"href":"https:\/\/www.otiumhome.fi\/index.php\/wp-json\/wp\/v2\/product_cat?post=198081"},{"taxonomy":"product_tag","embeddable":true,"href":"https:\/\/www.otiumhome.fi\/index.php\/wp-json\/wp\/v2\/product_tag?post=198081"}],"curies":[{"name":"wp","href":"https:\/\/api.w.org\/{rel}","templated":true}]}}