{"id":198080,"date":"2025-12-09T06:09:19","date_gmt":"2025-12-09T06:09:19","guid":{"rendered":"https:\/\/www.otiumhome.fi\/?p=198080"},"modified":"2025-12-14T06:21:39","modified_gmt":"2025-12-14T06:21:39","slug":"kokoontaitettava-jakkara-vuohennahka-ja-taystiikki","status":"publish","type":"product","link":"https:\/\/www.otiumhome.fi\/index.php\/tuote\/kokoontaitettava-jakkara-vuohennahka-ja-taystiikki\/","title":{"rendered":"Kokoontaitettava jakkara vuohennahka ja t\u00e4ystiikki"},"content":{"rendered":"<p>Aidosta vuohennahasta valmistetussa kokoontaittuvassa jakkarassa on ainutlaatuinen, upea muotoilu ja se tuo hieman rustiikkista charmia elintilaasi.<\/p>\n<\/p>\n<p>Kokoontaittuvassa jakkarassa on kiinte\u00e4 tiikkirunko, mik\u00e4 tekee siit\u00e4 vakaan ja kest\u00e4v\u00e4n. Istuin on verhoiltu 100 % aidolla vuohennahalla, mik\u00e4 tekee siit\u00e4 pehme\u00e4n ja mukavan tuntuisen. Luonnollinen nahkakuvio tekee jokaisesta tuotteesta ainutlaatuisen ja hieman erilaisen kuin seuraava. T\u00e4m\u00e4 puutuoli voidaan taittaa kokoon, kun se ei ole k\u00e4yt\u00f6ss\u00e4.<\/p>\n<\/p>\n<p>T\u00e4rke\u00e4 huomio: V\u00e4rit ja kuviot saattavat vaihdella kappaleittain, joten jokainen tuote on ainutlaatuinen; toimitus on satunnainen.<\/p>\n<ul>\n<li>Materiaali: Aito vuohennahka, tiikki<\/li>\n<li>Kokonaismitat: 48 x 40 x 45 cm (L x S x K)<\/li>\n<li>Kokoontaitettava<\/li>\n<li>Kokoonpano vaaditaan: Ei<\/li>\n<\/ul>\n","protected":false},"excerpt":{"rendered":"<ul>\n<li>Materiaali: Aito vuohennahka, tiikki<\/li>\n<li>Kokonaismitat: 48 x 40 x 45 cm (L x S x K)<\/li>\n<li>Kokoontaitettava<\/li>\n<li>Kokoonpano vaaditaan: Ei<\/li>\n<\/ul>\n","protected":false},"featured_media":100000198080,"comment_status":"closed","ping_status":"closed","template":"","meta":[],"product_brand":[],"product_cat":[84,8558],"product_tag":[],"class_list":{"0":"post-198080","1":"product","2":"type-product","3":"status-publish","4":"has-post-thumbnail","6":"product_cat-huonekalut","7":"product_cat-kokoontaitettavat-tuolit-jakkarat","9":"first","10":"instock","11":"taxable","12":"shipping-taxable","13":"purchasable","14":"product-type-simple"},"_links":{"self":[{"href":"https:\/\/www.otiumhome.fi\/index.php\/wp-json\/wp\/v2\/product\/198080","targetHints":{"allow":["GET"]}}],"collection":[{"href":"https:\/\/www.otiumhome.fi\/index.php\/wp-json\/wp\/v2\/product"}],"about":[{"href":"https:\/\/www.otiumhome.fi\/index.php\/wp-json\/wp\/v2\/types\/product"}],"replies":[{"embeddable":true,"href":"https:\/\/www.otiumhome.fi\/index.php\/wp-json\/wp\/v2\/comments?post=198080"}],"wp:featuredmedia":[{"embeddable":true,"href":"https:\/\/www.otiumhome.fi\/index.php\/wp-json\/"}],"wp:attachment":[{"href":"https:\/\/www.otiumhome.fi\/index.php\/wp-json\/wp\/v2\/media?parent=198080"}],"wp:term":[{"taxonomy":"product_brand","embeddable":true,"href":"https:\/\/www.otiumhome.fi\/index.php\/wp-json\/wp\/v2\/product_brand?post=198080"},{"taxonomy":"product_cat","embeddable":true,"href":"https:\/\/www.otiumhome.fi\/index.php\/wp-json\/wp\/v2\/product_cat?post=198080"},{"taxonomy":"product_tag","embeddable":true,"href":"https:\/\/www.otiumhome.fi\/index.php\/wp-json\/wp\/v2\/product_tag?post=198080"}],"curies":[{"name":"wp","href":"https:\/\/api.w.org\/{rel}","templated":true}]}}