{"id":198078,"date":"2025-12-09T06:07:49","date_gmt":"2025-12-09T06:07:49","guid":{"rendered":"https:\/\/www.otiumhome.fi\/?p=198078"},"modified":"2025-12-09T19:46:33","modified_gmt":"2025-12-09T19:46:33","slug":"seinakiinnitettava-poyta-artisan-tammi-80-x-45-x-30-cm","status":"publish","type":"product","link":"https:\/\/www.otiumhome.fi\/index.php\/tuote\/seinakiinnitettava-poyta-artisan-tammi-80-x-45-x-30-cm\/","title":{"rendered":"Sein\u00e4kiinnitett\u00e4v\u00e4 P\u00f6yt\u00e4 Artisan tammi 80 x 45 x 30 cm"},"content":{"rendered":"<p>T\u00e4m\u00e4 sein\u00e4lle asennettava p\u00f6yt\u00e4 on t\u00e4ydellinen valinta kotitoimistoihin tai pieniin tiloihin, sill\u00e4 se yhdist\u00e4\u00e4 modernin tyylikk\u00e4\u00e4n ulkon\u00e4\u00f6n ja k\u00e4yt\u00e4nn\u00f6llisen toiminnallisuuden. Sen puhtaat linjat ja minimalistinen ilme tekev\u00e4t siit\u00e4 tyylikk\u00e4\u00e4n lis\u00e4n mihin tahansa huoneeseen, ja teknisest\u00e4 puusta valmistettu pinta on helppohoitoinen ty\u00f6skentelyyn. T\u00e4m\u00e4 p\u00f6yt\u00e4 on sopiva ammattilaisille ja opiskelijoille, ja se auttaa pit\u00e4m\u00e4\u00e4n lattiatilan siistin\u00e4, tarjoten avaran ymp\u00e4rist\u00f6n.<\/p>\n<ul>\n<li><b>Helppo kokoaminen:<\/b> P\u00f6yd\u00e4n asentaminen on helppoa; tarvitset vain kaksi ihmist\u00e4 ja ruuvimeisselin sein\u00e4\u00e4n kiinnitt\u00e4miseksi, joten se k\u00e4y nopeasti eri kotiasetuksiin.<\/li>\n<li><b>Tekninen puupinta:<\/b> P\u00f6yd\u00e4n pinta on tehty teknisest\u00e4 puusta, joka on laadukasta, kest\u00e4v\u00e4\u00e4 ja helppohoitoista. Se n\u00e4ytt\u00e4\u00e4 hyv\u00e4lt\u00e4 ja kest\u00e4\u00e4 aikaa, luoden mukavan ty\u00f6tilan.<\/li>\n<li><b>Sein\u00e4lle asennettava muotoilu:<\/b> Kiinnitt\u00e4m\u00e4ll\u00e4 p\u00f6yd\u00e4n sein\u00e4\u00e4n, voit s\u00e4\u00e4st\u00e4\u00e4 paljon tilaa, ja huoneesta tulee avara ja siisti. T\u00e4m\u00e4 on erityisen hy\u00f6dyllist\u00e4 pieniss\u00e4 tiloissa, miss\u00e4 tilan optimointi on avainasemassa.<\/li>\n<li><b>Monik\u00e4ytt\u00f6inen k\u00e4ytt\u00f6:<\/b> T\u00e4m\u00e4 kelluva p\u00f6yt\u00e4 toimii monessa paikassa, kuten kotitoimistossa, makuuhuoneessa tai olohuoneessa. Sen moderni tyyli sopii moneen sisustustyyliin, minimalistisesta moderniin.<\/li>\n<li><b>Helppo huolto:<\/b> P\u00f6yd\u00e4n kunnossapito on helppoa. Riitt\u00e4\u00e4, ett\u00e4 pyyhk\u00e4iset sen kostealla liinalla ilman kemikaaleja, jotta pinta pysyy siistin\u00e4 ja k\u00e4ytt\u00f6ik\u00e4 pitenee.<\/li>\n<\/ul>\n<ul>\n<li>V\u00e4ri: Artisan tammi<\/li>\n<li>Materiaali: Tekninen puu<\/li>\n<li>Yleiset mitat: 80 x 45 x 30 cm (P x L x K)<\/li>\n<li>Paino: 7,6 kg<\/li>\n<li>Kest\u00e4v\u00e4<\/li>\n<li>Helppo puhdistaa<\/li>\n<li>Sis\u00e4- \/ ulkotiloissa: Vain sis\u00e4k\u00e4ytt\u00f6\u00f6n<\/li>\n<li>Toimitus-:<\/li>\n<li>1 x sein\u00e4lle asennettava p\u00f6yt\u00e4<\/li>\n<li>Kokoonpano vaaditaan: Kyll\u00e4<\/li>\n<li>Kiinnitys sis\u00e4lsi: Katto- \/ sein\u00e4kiinnitystarvikkeet &#8211; esim m\u00e4\u00e4r\u00e4tyt ruuvit tai sein\u00e4tulpat &#8211; eiv\u00e4t mukana<\/li>\n<\/ul>\n","protected":false},"excerpt":{"rendered":"<ul>\n<li>V\u00e4ri: Artisan tammi<\/li>\n<li>Materiaali: Tekninen puu<\/li>\n<li>Yleiset mitat: 80 x 45 x 30 cm (P x L x K)<\/li>\n<li>Paino: 7,6 kg<\/li>\n<li>Kest\u00e4v\u00e4<\/li>\n<li>Helppo puhdistaa<\/li>\n<li>Sis\u00e4- \/ ulkotiloissa: Vain sis\u00e4k\u00e4ytt\u00f6\u00f6n<\/li>\n<li>Toimitus-:<\/li>\n<li>1 x sein\u00e4lle asennettava p\u00f6yt\u00e4<\/li>\n<li>Kokoonpano vaaditaan: Kyll\u00e4<\/li>\n<li>Kiinnitys sis\u00e4lsi: Katto- \/ sein\u00e4kiinnitystarvikkeet &#8211; esim m\u00e4\u00e4r\u00e4tyt ruuvit tai sein\u00e4tulpat &#8211; eiv\u00e4t mukana<\/li>\n<\/ul>\n","protected":false},"featured_media":100000198078,"comment_status":"closed","ping_status":"closed","template":"","meta":[],"product_brand":[],"product_cat":[84,8551],"product_tag":[],"class_list":{"0":"post-198078","1":"product","2":"type-product","3":"status-publish","4":"has-post-thumbnail","6":"product_cat-huonekalut","7":"product_cat-kirjoituspoydat","9":"first","10":"instock","11":"taxable","12":"shipping-taxable","13":"purchasable","14":"product-type-simple"},"_links":{"self":[{"href":"https:\/\/www.otiumhome.fi\/index.php\/wp-json\/wp\/v2\/product\/198078","targetHints":{"allow":["GET"]}}],"collection":[{"href":"https:\/\/www.otiumhome.fi\/index.php\/wp-json\/wp\/v2\/product"}],"about":[{"href":"https:\/\/www.otiumhome.fi\/index.php\/wp-json\/wp\/v2\/types\/product"}],"replies":[{"embeddable":true,"href":"https:\/\/www.otiumhome.fi\/index.php\/wp-json\/wp\/v2\/comments?post=198078"}],"wp:featuredmedia":[{"embeddable":true,"href":"https:\/\/www.otiumhome.fi\/index.php\/wp-json\/"}],"wp:attachment":[{"href":"https:\/\/www.otiumhome.fi\/index.php\/wp-json\/wp\/v2\/media?parent=198078"}],"wp:term":[{"taxonomy":"product_brand","embeddable":true,"href":"https:\/\/www.otiumhome.fi\/index.php\/wp-json\/wp\/v2\/product_brand?post=198078"},{"taxonomy":"product_cat","embeddable":true,"href":"https:\/\/www.otiumhome.fi\/index.php\/wp-json\/wp\/v2\/product_cat?post=198078"},{"taxonomy":"product_tag","embeddable":true,"href":"https:\/\/www.otiumhome.fi\/index.php\/wp-json\/wp\/v2\/product_tag?post=198078"}],"curies":[{"name":"wp","href":"https:\/\/api.w.org\/{rel}","templated":true}]}}