{"id":198052,"date":"2025-12-09T05:12:50","date_gmt":"2025-12-09T05:12:50","guid":{"rendered":"https:\/\/www.otiumhome.fi\/?p=198052"},"modified":"2025-12-09T19:38:14","modified_gmt":"2025-12-09T19:38:14","slug":"kirjahylly-vanha-puu-80-x-24-x-159-cm-tekninen-puu","status":"publish","type":"product","link":"https:\/\/www.otiumhome.fi\/index.php\/tuote\/kirjahylly-vanha-puu-80-x-24-x-159-cm-tekninen-puu\/","title":{"rendered":"Kirjahylly Vanha puu 80 x 24 x 159 cm Tekninen puu"},"content":{"rendered":"<p>T\u00e4m\u00e4 puukirjahylly on olennainen osa modernia olohuonetta. Sen virtaviivainen suorakaiteen muotoinen muotoilu sopii t\u00e4ydellisesti nykyaikaisiin sisustuksiin ja yhdist\u00e4\u00e4 tyylin ja k\u00e4yt\u00e4nn\u00f6llisyyden. Se mahtuu hyvin erilaisiin esineisiin, kirjoista koristeisiin, ja luo j\u00e4rjestetyn ymp\u00e4rist\u00f6n mihin tahansa tilaan. Neutraalit v\u00e4rit ja tasainen viimeistely huokuvat tyyli\u00e4 ja ajattomuutta, joten se on loistava valinta minimalistisiin koteihin. Olitpa sitten innokas lukija tai etsit vain kauniita taustoja esineist\u00e4si, t\u00e4m\u00e4 kirjahylly rikastuttaa mit\u00e4 tahansa huonetta.<\/p>\n<ul>\n<li><b>Tekninen puu rakenne<\/b> Puukirjahylly on tehty teknisest\u00e4 puusta, joka on valittu kest\u00e4vyytens\u00e4 ja voimakkuutensa vuoksi. T\u00e4m\u00e4 materiaali on ymp\u00e4rist\u00f6yst\u00e4v\u00e4llinen ja tarjoaa kauniin, helppohoitoisen pinnan. Se kest\u00e4\u00e4 hyvin painoa ja on vakaa, joten se sopii loistavasti nykyaikaisiin koteihin.<\/li>\n<li><b>Hyllyj\u00e4rjestelm\u00e4<\/b> T\u00e4m\u00e4 hylly on varustettu leveill\u00e4 hyllyill\u00e4, jotka pit\u00e4v\u00e4t hyvin kirjoja ja koristeita, s\u00e4ilytt\u00e4en samalla tyylikk\u00e4\u00e4n ilmeen. MDF tai vaneri, n\u00e4m\u00e4 hyllyt ovat kest\u00e4vi\u00e4 ja takaa pitk\u00e4aikaisen k\u00e4yt\u00f6n. Kodinomistajat voivat olla varmoja, ett\u00e4 tavarat n\u00e4ytt\u00e4v\u00e4t hyv\u00e4lt\u00e4 ja pysyv\u00e4t j\u00e4rjestyksess\u00e4.<\/li>\n<li><b>Tyylik\u00e4s kehys<\/b> Suorakaiteen muoto on moderni ja elegantti, ja se sopii mihin tahansa sisustukseen. Siistit linjat ja minimimaalinen koriste tekev\u00e4t siit\u00e4 visuaalisesti houkuttelevan, ja sen voimakas rakenne n\u00e4ytt\u00e4\u00e4 hyv\u00e4lt\u00e4 ja aikaansaa hy\u00f6tyj\u00e4.<\/li>\n<li><b>Monipuolinen k\u00e4ytt\u00f6<\/b> T\u00e4m\u00e4 kirjahylly on t\u00e4ydellinen olohuoneisiin, se sulautuu kevyesti mihin tahansa ymp\u00e4rist\u00f6\u00f6n ja tarjoaa runsaasti s\u00e4ilytystilaa kirjoille ja henkil\u00f6kohtaisille esineille. Sen muunneltavuus sopii hyvin erilaisiin tarpeisiin, tilavista kodeista pieniin asuntoloihin.<\/li>\n<li><b>Helppo hoito<\/b> Pid\u00e4 hyllysi siistin\u00e4 pyyhkim\u00e4ll\u00e4 se s\u00e4\u00e4nn\u00f6llisesti pehme\u00e4ll\u00e4, kuivalla liinalla. V\u00e4lt\u00e4 voimakkaita kemikaaleja ja hankausaineita. T\u00e4m\u00e4 matala yll\u00e4pito varmistaa hyllyn pitk\u00e4n elini\u00e4n ja s\u00e4ilytt\u00e4\u00e4 sen kauneuden kauan. <\/li>\n<\/ul>\n<ul>\n<li>V\u00e4ri: Vanha puu<\/li>\n<li>Materiaali: Tekninen puu<\/li>\n<li>Yleiset mitat: 80 x 24 x 159 cm (P x L x K)<\/li>\n<li>Mukana levyhyllyt<\/li>\n<li>S\u00e4ilytysm\u00e4\u00e4r\u00e4: 7<\/li>\n<li>S\u00e4ilytystila<\/li>\n<li>Kokoonpano vaaditaan: Kyll\u00e4<\/li>\n<\/ul>\n","protected":false},"excerpt":{"rendered":"<ul>\n<li>V\u00e4ri: Vanha puu<\/li>\n<li>Materiaali: Tekninen puu<\/li>\n<li>Yleiset mitat: 80 x 24 x 159 cm (P x L x K)<\/li>\n<li>Mukana levyhyllyt<\/li>\n<li>S\u00e4ilytysm\u00e4\u00e4r\u00e4: 7<\/li>\n<li>S\u00e4ilytystila<\/li>\n<li>Kokoonpano vaaditaan: Kyll\u00e4<\/li>\n<\/ul>\n","protected":false},"featured_media":100000198052,"comment_status":"closed","ping_status":"closed","template":"","meta":[],"product_brand":[],"product_cat":[84,8547],"product_tag":[],"class_list":{"0":"post-198052","1":"product","2":"type-product","3":"status-publish","4":"has-post-thumbnail","6":"product_cat-huonekalut","7":"product_cat-kirjahyllyt","9":"first","10":"instock","11":"taxable","12":"shipping-taxable","13":"purchasable","14":"product-type-simple"},"_links":{"self":[{"href":"https:\/\/www.otiumhome.fi\/index.php\/wp-json\/wp\/v2\/product\/198052","targetHints":{"allow":["GET"]}}],"collection":[{"href":"https:\/\/www.otiumhome.fi\/index.php\/wp-json\/wp\/v2\/product"}],"about":[{"href":"https:\/\/www.otiumhome.fi\/index.php\/wp-json\/wp\/v2\/types\/product"}],"replies":[{"embeddable":true,"href":"https:\/\/www.otiumhome.fi\/index.php\/wp-json\/wp\/v2\/comments?post=198052"}],"wp:featuredmedia":[{"embeddable":true,"href":"https:\/\/www.otiumhome.fi\/index.php\/wp-json\/"}],"wp:attachment":[{"href":"https:\/\/www.otiumhome.fi\/index.php\/wp-json\/wp\/v2\/media?parent=198052"}],"wp:term":[{"taxonomy":"product_brand","embeddable":true,"href":"https:\/\/www.otiumhome.fi\/index.php\/wp-json\/wp\/v2\/product_brand?post=198052"},{"taxonomy":"product_cat","embeddable":true,"href":"https:\/\/www.otiumhome.fi\/index.php\/wp-json\/wp\/v2\/product_cat?post=198052"},{"taxonomy":"product_tag","embeddable":true,"href":"https:\/\/www.otiumhome.fi\/index.php\/wp-json\/wp\/v2\/product_tag?post=198052"}],"curies":[{"name":"wp","href":"https:\/\/api.w.org\/{rel}","templated":true}]}}