{"id":198027,"date":"2025-12-09T04:44:30","date_gmt":"2025-12-09T04:44:30","guid":{"rendered":"https:\/\/www.otiumhome.fi\/?p=198027"},"modified":"2025-12-10T02:00:33","modified_gmt":"2025-12-10T02:00:33","slug":"baaripoyta-valkoinen-60-x-60-x-105-cm-massiivinen-manty","status":"publish","type":"product","link":"https:\/\/www.otiumhome.fi\/index.php\/tuote\/baaripoyta-valkoinen-60-x-60-x-105-cm-massiivinen-manty\/","title":{"rendered":"Baarip\u00f6yt\u00e4 Valkoinen 60 x 60 x 105 cm Massiivinen m\u00e4nty"},"content":{"rendered":"<p>T\u00e4m\u00e4 baarip\u00f6yt\u00e4, jossa on siistit linjat ja hillitty eleganssi, tuo loistetta ruokasaleihin ja keitti\u00f6ihin. Liukas pinta yhdist\u00e4\u00e4 yksinkertaisuuden ja k\u00e4ytt\u00e4minen arkena luo modernin ja kodikkaan tunnelman. Kest\u00e4v\u00e4 metallirakenne on tyylik\u00e4s, mutta samalla mukava, tehden p\u00f6yd\u00e4st\u00e4 erinomaisen vaihtoehdon niille, jotka arvostavat minimalistista tyyli\u00e4.<\/p>\n<ul>\n<li><b>T\u00e4ysm\u00e4nty Pintamateriaali<\/b> P\u00f6yd\u00e4n pintamateriaali on ensiluokkaista t\u00e4ysm\u00e4nty\u00e4, joka tuo tilaan luonnollista kauneutta ja kest\u00e4vyytt\u00e4. T\u00e4m\u00e4n materiaalin ansiosta p\u00f6yt\u00e4 kest\u00e4\u00e4 p\u00e4ivitt\u00e4ist\u00e4 k\u00e4ytt\u00f6\u00e4, samalla kun se s\u00e4ilytt\u00e4\u00e4 elegantin ilmeens\u00e4. Jokainen kappale on ainutlaatuinen luonnollisten puukuvioiden ansiosta.<\/li>\n<li><b>Modernit Metallijalat<\/b> Neli\u00f6metallijalat antavat p\u00f6yd\u00e4lle modernin ja minimalistisen ilmeen. Ne tarjoavat erinomaisen vakauden, est\u00e4en p\u00f6yd\u00e4n heilumista ruokailun aikana. Jalkojen yksinkertainen malli soveltuu monenlaisiin sisustustyyleihin.<\/li>\n<li><b>H-muotoinen Palkkituki<\/b> P\u00f6yd\u00e4n alla oleva H-muotoinen tuki lis\u00e4\u00e4 vakautta ja tukee t\u00e4ysm\u00e4ntypintaa. T\u00e4m\u00e4 rakenne varmistaa tasapainoisen painojakauman, mik\u00e4 parantaa p\u00f6yd\u00e4n kestoa ja pitk\u00e4ik\u00e4isyytt\u00e4. Se on t\u00e4ydellinen niin suurille kuin pienille kokoontumisille.<\/li>\n<li><b>Sis\u00e4k\u00e4ytt\u00f6<\/b> T\u00e4m\u00e4 baarip\u00f6yt\u00e4 on suunniteltu k\u00e4ytett\u00e4v\u00e4ksi vain sis\u00e4tiloissa, erityisesti keitti\u00f6iss\u00e4 ja ruokasaleissa. Monik\u00e4ytt\u00f6inen muotoilu sulautuu kauniisti erilaisiin ruokailutiloihin. <\/li>\n<li><b>Yksinkertaiset Hoito-ohjeet<\/b> T\u00e4m\u00e4n baarip\u00f6yd\u00e4n yll\u00e4pito on helppoa: kuiva liina riitt\u00e4\u00e4 pit\u00e4m\u00e4\u00e4n sen puhtaana. T\u00e4m\u00e4 tekee siit\u00e4 erinomaisen kiireiseen arkeen ja minimoi siivousajan, jotta voit keskitty\u00e4 nauttimaan aterioista l\u00e4heisten kanssa.  <\/li>\n<\/ul>\n<ul>\n<li>V\u00e4ri: Valkoinen<\/li>\n<li>Materiaali: Massiivinen m\u00e4nty<\/li>\n<li>Yleiset mitat: 60 x 60 x 105 cm (P x L x K)<\/li>\n<li>Paino: 12,35 kg<\/li>\n<li>H-muotoinen palkki<\/li>\n<li>Enimm\u00e4ispaino: 80 kg<\/li>\n<li>Vain sis\u00e4k\u00e4ytt\u00f6\u00f6n<\/li>\n<li>Toimitus-:<\/li>\n<li>1 x Baari P\u00f6yt\u00e4<\/li>\n<li>Kokoonpano vaaditaan: Kyll\u00e4<\/li>\n<\/ul>\n","protected":false},"excerpt":{"rendered":"<ul>\n<li>V\u00e4ri: Valkoinen<\/li>\n<li>Materiaali: Massiivinen m\u00e4nty<\/li>\n<li>Yleiset mitat: 60 x 60 x 105 cm (P x L x K)<\/li>\n<li>Paino: 12,35 kg<\/li>\n<li>H-muotoinen palkki<\/li>\n<li>Enimm\u00e4ispaino: 80 kg<\/li>\n<li>Vain sis\u00e4k\u00e4ytt\u00f6\u00f6n<\/li>\n<li>Toimitus-:<\/li>\n<li>1 x Baari P\u00f6yt\u00e4<\/li>\n<li>Kokoonpano vaaditaan: Kyll\u00e4<\/li>\n<\/ul>\n","protected":false},"featured_media":100000198027,"comment_status":"closed","ping_status":"closed","template":"","meta":[],"product_brand":[],"product_cat":[84,8543],"product_tag":[],"class_list":{"0":"post-198027","1":"product","2":"type-product","3":"status-publish","4":"has-post-thumbnail","6":"product_cat-huonekalut","7":"product_cat-keittion-ruokapoydat","9":"first","10":"instock","11":"taxable","12":"shipping-taxable","13":"purchasable","14":"product-type-simple"},"_links":{"self":[{"href":"https:\/\/www.otiumhome.fi\/index.php\/wp-json\/wp\/v2\/product\/198027","targetHints":{"allow":["GET"]}}],"collection":[{"href":"https:\/\/www.otiumhome.fi\/index.php\/wp-json\/wp\/v2\/product"}],"about":[{"href":"https:\/\/www.otiumhome.fi\/index.php\/wp-json\/wp\/v2\/types\/product"}],"replies":[{"embeddable":true,"href":"https:\/\/www.otiumhome.fi\/index.php\/wp-json\/wp\/v2\/comments?post=198027"}],"wp:featuredmedia":[{"embeddable":true,"href":"https:\/\/www.otiumhome.fi\/index.php\/wp-json\/"}],"wp:attachment":[{"href":"https:\/\/www.otiumhome.fi\/index.php\/wp-json\/wp\/v2\/media?parent=198027"}],"wp:term":[{"taxonomy":"product_brand","embeddable":true,"href":"https:\/\/www.otiumhome.fi\/index.php\/wp-json\/wp\/v2\/product_brand?post=198027"},{"taxonomy":"product_cat","embeddable":true,"href":"https:\/\/www.otiumhome.fi\/index.php\/wp-json\/wp\/v2\/product_cat?post=198027"},{"taxonomy":"product_tag","embeddable":true,"href":"https:\/\/www.otiumhome.fi\/index.php\/wp-json\/wp\/v2\/product_tag?post=198027"}],"curies":[{"name":"wp","href":"https:\/\/api.w.org\/{rel}","templated":true}]}}