{"id":198018,"date":"2025-12-09T04:44:27","date_gmt":"2025-12-09T04:44:27","guid":{"rendered":"https:\/\/www.otiumhome.fi\/?p=198018"},"modified":"2025-12-10T01:53:23","modified_gmt":"2025-12-10T01:53:23","slug":"ruokapoyta-luonnollinen-110-x-110-x-75-cm-massiivinen-manty","status":"publish","type":"product","link":"https:\/\/www.otiumhome.fi\/index.php\/tuote\/ruokapoyta-luonnollinen-110-x-110-x-75-cm-massiivinen-manty\/","title":{"rendered":"Ruokap\u00f6yt\u00e4 Luonnollinen 110 x 110 x 75 cm Massiivinen m\u00e4nty"},"content":{"rendered":"<p>T\u00e4m\u00e4 moderni ruokap\u00f6yt\u00e4 tuo tilaan tyylik\u00e4st\u00e4 charmia ja on loistava valinta kaikille, jotka arvostavat tyyli\u00e4. Sen tyylik\u00e4s muotoilu yhdist\u00e4\u00e4 yksinkertaisuuden ja k\u00e4yt\u00e4nn\u00f6llisyyden, mik\u00e4 tekee siit\u00e4 erinomaisen lis\u00e4yksen mihin tahansa ruokasaliin tai keitti\u00f6\u00f6n. P\u00f6yt\u00e4 on kehitetty niille, jotka pit\u00e4v\u00e4t puhtaista linjoista ja v\u00e4h\u00e4isest\u00e4 koristelusta ja se on my\u00f6s kaunis keskipiste kodissasi.<\/p>\n<ul>\n<li><b>Laadukkaat materiaalit:<\/b> T\u00e4ysm\u00e4nty tuo t\u00e4h\u00e4n ruokap\u00f6yt\u00e4\u00e4n t\u00e4ydellisen yhdistelm\u00e4n voimaa ja eleganssia. Luonnollinen puunsyy tuo esiin modernin vieh\u00e4tyksen ja ajattoman ilmeen, kun taas k\u00e4sity\u00f6 takaa pitk\u00e4n k\u00e4ytt\u00f6i\u00e4n.<\/li>\n<li><b>Vankka rakenne:<\/b> P\u00f6yd\u00e4ss\u00e4 on neli\u00f6metallijalat, jotka tarjoavat tukevan tuen jokap\u00e4iv\u00e4iseen k\u00e4ytt\u00f6\u00f6n. Sen kest\u00e4vyys varmistaa vakauden niin vieraiden kuin perheen aterioillakin, yhdist\u00e4en voiman ja muotoilun.<\/li>\n<li><b>Yksinkertainen kokoaminen:<\/b> Ruokap\u00f6yd\u00e4n kokoaminen on helppoa selkeiden ohjeiden ansiosta. Tarvitset vain ruuvimeisselin, ja kahdella henkil\u00f6ll\u00e4 kokoaminen sujuu nopeasti. T\u00e4m\u00e4 takaa, ett\u00e4 p\u00e4\u00e4set nauttimaan uudesta p\u00f6yd\u00e4st\u00e4si ilman turhaa vaivann\u00e4k\u00f6\u00e4.<\/li>\n<li><b>Monipuolinen k\u00e4ytt\u00f6:<\/b> T\u00e4m\u00e4 p\u00f6yt\u00e4 sopii loistavasti moneen ymp\u00e4rist\u00f6\u00f6n ja erilaiseen ruokailutilanteeseen. Is\u00e4nn\u00f6itp\u00e4 sitten juhlillisia illallisia tai rentoja aamiaisia, t\u00e4m\u00e4 p\u00f6yt\u00e4 mukautuu kaikkiin tarpeisiisi.<\/li>\n<li><b>Puhdistusohjeet:<\/b> Sen siistin ulkon\u00e4\u00f6n yll\u00e4pit\u00e4minen on helppoa; pyyhk\u00e4ise vain kuivalla liinalla puhtaaksi. T\u00e4m\u00e4 v\u00e4h\u00e4 huolto takaa kauneuden s\u00e4ilymisen, tehden siit\u00e4 k\u00e4yt\u00e4nn\u00f6llisen valinnan moderniin el\u00e4m\u00e4\u00e4n.<\/li>\n<\/ul>\n<ul>\n<li>V\u00e4ri: Luonnollinen<\/li>\n<li>Materiaali: Massiivinen m\u00e4nty<\/li>\n<li>Yleiset mitat: 110 x 110 x 75 cm (P x L x K)<\/li>\n<li>Paino: 19,49 kg<\/li>\n<li>Tyylik\u00e4s muotoilu<\/li>\n<li>Enimm\u00e4ispaino: 80 kg<\/li>\n<li>Vain sis\u00e4k\u00e4ytt\u00f6\u00f6n<\/li>\n<li>Toimitus-:<\/li>\n<li>1 x Ruokap\u00f6yt\u00e4<\/li>\n<li>Kokoonpano vaaditaan: Kyll\u00e4<\/li>\n<\/ul>\n","protected":false},"excerpt":{"rendered":"<ul>\n<li>V\u00e4ri: Luonnollinen<\/li>\n<li>Materiaali: Massiivinen m\u00e4nty<\/li>\n<li>Yleiset mitat: 110 x 110 x 75 cm (P x L x K)<\/li>\n<li>Paino: 19,49 kg<\/li>\n<li>Tyylik\u00e4s muotoilu<\/li>\n<li>Enimm\u00e4ispaino: 80 kg<\/li>\n<li>Vain sis\u00e4k\u00e4ytt\u00f6\u00f6n<\/li>\n<li>Toimitus-:<\/li>\n<li>1 x Ruokap\u00f6yt\u00e4<\/li>\n<li>Kokoonpano vaaditaan: Kyll\u00e4<\/li>\n<\/ul>\n","protected":false},"featured_media":100000198018,"comment_status":"closed","ping_status":"closed","template":"","meta":[],"product_brand":[],"product_cat":[84,8543],"product_tag":[],"class_list":{"0":"post-198018","1":"product","2":"type-product","3":"status-publish","4":"has-post-thumbnail","6":"product_cat-huonekalut","7":"product_cat-keittion-ruokapoydat","9":"first","10":"instock","11":"taxable","12":"shipping-taxable","13":"purchasable","14":"product-type-simple"},"_links":{"self":[{"href":"https:\/\/www.otiumhome.fi\/index.php\/wp-json\/wp\/v2\/product\/198018","targetHints":{"allow":["GET"]}}],"collection":[{"href":"https:\/\/www.otiumhome.fi\/index.php\/wp-json\/wp\/v2\/product"}],"about":[{"href":"https:\/\/www.otiumhome.fi\/index.php\/wp-json\/wp\/v2\/types\/product"}],"replies":[{"embeddable":true,"href":"https:\/\/www.otiumhome.fi\/index.php\/wp-json\/wp\/v2\/comments?post=198018"}],"wp:featuredmedia":[{"embeddable":true,"href":"https:\/\/www.otiumhome.fi\/index.php\/wp-json\/"}],"wp:attachment":[{"href":"https:\/\/www.otiumhome.fi\/index.php\/wp-json\/wp\/v2\/media?parent=198018"}],"wp:term":[{"taxonomy":"product_brand","embeddable":true,"href":"https:\/\/www.otiumhome.fi\/index.php\/wp-json\/wp\/v2\/product_brand?post=198018"},{"taxonomy":"product_cat","embeddable":true,"href":"https:\/\/www.otiumhome.fi\/index.php\/wp-json\/wp\/v2\/product_cat?post=198018"},{"taxonomy":"product_tag","embeddable":true,"href":"https:\/\/www.otiumhome.fi\/index.php\/wp-json\/wp\/v2\/product_tag?post=198018"}],"curies":[{"name":"wp","href":"https:\/\/api.w.org\/{rel}","templated":true}]}}