{"id":197949,"date":"2025-12-09T04:09:14","date_gmt":"2025-12-09T04:09:14","guid":{"rendered":"https:\/\/www.otiumhome.fi\/?p=197949"},"modified":"2025-12-19T04:48:25","modified_gmt":"2025-12-19T04:48:25","slug":"baarituoli-2-pcs-luonnollinen-55-x-52-x-105-cm-roikka-ja-rauta","status":"publish","type":"product","link":"https:\/\/www.otiumhome.fi\/index.php\/tuote\/baarituoli-2-pcs-luonnollinen-55-x-52-x-105-cm-roikka-ja-rauta\/","title":{"rendered":"Baarituoli 2 pcs Luonnollinen 55 x 52 x 105 cm Roikka ja rauta"},"content":{"rendered":"<p>T\u00e4m\u00e4 korkea selk\u00e4noja ja k\u00e4sinojat omaava baarituoli yhdist\u00e4\u00e4 modernin muotoilun mukavuuteen, ja se tarjoaa tyylikk\u00e4\u00e4n istuinratkaisun olohuoneeseesi tai keitti\u00f6\u00f6si. Muotoilun modernit linjat tekev\u00e4t siit\u00e4 esteettisen, ja sen mukava toiminnallisuus tuo lis\u00e4\u00e4 makua mihin tahansa sisustukseen.<\/p>\n<ul>\n<li><b>K\u00e4sin kudottu rottingimuotoilu:<\/b> Selk\u00e4noja ja k\u00e4sinojat ovat kauniisti kudottuja rottingista, mik\u00e4 tuo tilaan l\u00e4mp\u00f6\u00e4 ja kauniita yksityiskohtia. K\u00e4sintehty tyyli takaa, ett\u00e4 jokainen tuoli on uniikki, hengitt\u00e4v\u00e4\u00e4 muotoilua ja ergonomista tukea sel\u00e4lle sek\u00e4 k\u00e4sille.<\/li>\n<li><b>Tukeva selk\u00e4noja:<\/b> Korkea selk\u00e4noja antaa hyv\u00e4n tuen, tekee siit\u00e4 k\u00e4yt\u00e4nn\u00f6llisen pitkille keskusteluille tai aterioille. Se mukautuu mukavasti selk\u00e4rangan kaarevuuteen, mik\u00e4 lis\u00e4\u00e4 k\u00e4ytt\u00f6mukavuutta.<\/li>\n<li><b>Mukava jalkatuki:<\/b> T\u00e4m\u00e4 tuoli sis\u00e4lt\u00e4\u00e4 jalkatuen, joka mahdollistaa rentoutumisen. Se tekee jalkojen levitt\u00e4misest\u00e4 helppoa, v\u00e4hent\u00e4en jalkojen v\u00e4sytt\u00e4mist\u00e4, ja on t\u00e4ydellinen paikka sosiaalisille hetkillesi tai rauhoittumiseen.<\/li>\n<li><b>Kest\u00e4v\u00e4 rautarunko:<\/b> Rautainen rakenne tuo mukanaan massiivista voimaa ja varmuutta. T\u00e4m\u00e4 tekee baarituolista kest\u00e4v\u00e4n p\u00e4ivitt\u00e4isess\u00e4 k\u00e4yt\u00f6ss\u00e4, ja se s\u00e4ilytt\u00e4\u00e4 arvonsa vuodesta toiseen.<\/li>\n<li><b>Nykyaikaisesti minimalistinen tyyli:<\/b> T\u00e4m\u00e4 tuoli on suunniteltu modernin muotoilun mukaan, niin se sulautuu vaivatta mihin tahansa sisustukseen ja lis\u00e4\u00e4 ilmeikk\u00e4it\u00e4 vivahteita ilman, ett\u00e4 se t\u00e4ytt\u00e4\u00e4 tilaa liikaa.<\/li>\n<\/ul>\n<p><strong>T\u00e4rke\u00e4\u00e4 tiet\u00e4\u00e4:<\/strong><\/p>\n<ul>\n<li>Enimm\u00e4ispaino 110 kg per paikka.<\/li>\n<\/ul>\n<ul>\n<li>V\u00e4ri: Luonnollinen<\/li>\n<li>Materiaali: Roikka ja rauta<\/li>\n<li>Yleiset mitat: 55 x 52 x 105 cm (P x L x K)<\/li>\n<li>Paino: 17,56 kg<\/li>\n<li>Kest\u00e4v\u00e4<\/li>\n<li>K\u00e4sin punottu rottinkimuotoilu<\/li>\n<li>Tukevat selk\u00e4noja<\/li>\n<li>Mukava sis\u00e4\u00e4nrakennettu jalkatuki<\/li>\n<li>K\u00e4sinojakorkeus istuimelta: 17 cm<\/li>\n<li>Istuinalue: 55 x 50 cm (L x S)<\/li>\n<li>Istuimen korkeus maasta: 72 cm<\/li>\n<li>Kehysmateriaali: Rauta<\/li>\n<li>Enimm\u00e4ispaino: 220 kg<\/li>\n<li>Vain sis\u00e4k\u00e4ytt\u00f6\u00f6n<\/li>\n<li>Toimitus-:<\/li>\n<li>2 x Baarituoli<\/li>\n<li>Kokoonpano vaaditaan: Kyll\u00e4<\/li>\n<\/ul>\n","protected":false},"excerpt":{"rendered":"<ul>\n<li>V\u00e4ri: Luonnollinen<\/li>\n<li>Materiaali: Roikka ja rauta<\/li>\n<li>Yleiset mitat: 55 x 52 x 105 cm (P x L x K)<\/li>\n<li>Paino: 17,56 kg<\/li>\n<li>Kest\u00e4v\u00e4<\/li>\n<li>K\u00e4sin punottu rottinkimuotoilu<\/li>\n<li>Tukevat selk\u00e4noja<\/li>\n<li>Mukava sis\u00e4\u00e4nrakennettu jalkatuki<\/li>\n<li>K\u00e4sinojakorkeus istuimelta: 17 cm<\/li>\n<li>Istuinalue: 55 x 50 cm (L x S)<\/li>\n<li>Istuimen korkeus maasta: 72 cm<\/li>\n<li>Kehysmateriaali: Rauta<\/li>\n<li>Enimm\u00e4ispaino: 220 kg<\/li>\n<li>Vain sis\u00e4k\u00e4ytt\u00f6\u00f6n<\/li>\n<li>Toimitus-:<\/li>\n<li>2 x Baarituoli<\/li>\n<li>Kokoonpano vaaditaan: Kyll\u00e4<\/li>\n<\/ul>\n","protected":false},"featured_media":100000197949,"comment_status":"closed","ping_status":"closed","template":"","meta":[],"product_brand":[],"product_cat":[8536,84],"product_tag":[],"class_list":{"0":"post-197949","1":"product","2":"type-product","3":"status-publish","4":"has-post-thumbnail","6":"product_cat-baarijakkarat","7":"product_cat-huonekalut","9":"first","10":"instock","11":"taxable","12":"shipping-taxable","13":"purchasable","14":"product-type-simple"},"_links":{"self":[{"href":"https:\/\/www.otiumhome.fi\/index.php\/wp-json\/wp\/v2\/product\/197949","targetHints":{"allow":["GET"]}}],"collection":[{"href":"https:\/\/www.otiumhome.fi\/index.php\/wp-json\/wp\/v2\/product"}],"about":[{"href":"https:\/\/www.otiumhome.fi\/index.php\/wp-json\/wp\/v2\/types\/product"}],"replies":[{"embeddable":true,"href":"https:\/\/www.otiumhome.fi\/index.php\/wp-json\/wp\/v2\/comments?post=197949"}],"wp:featuredmedia":[{"embeddable":true,"href":"https:\/\/www.otiumhome.fi\/index.php\/wp-json\/"}],"wp:attachment":[{"href":"https:\/\/www.otiumhome.fi\/index.php\/wp-json\/wp\/v2\/media?parent=197949"}],"wp:term":[{"taxonomy":"product_brand","embeddable":true,"href":"https:\/\/www.otiumhome.fi\/index.php\/wp-json\/wp\/v2\/product_brand?post=197949"},{"taxonomy":"product_cat","embeddable":true,"href":"https:\/\/www.otiumhome.fi\/index.php\/wp-json\/wp\/v2\/product_cat?post=197949"},{"taxonomy":"product_tag","embeddable":true,"href":"https:\/\/www.otiumhome.fi\/index.php\/wp-json\/wp\/v2\/product_tag?post=197949"}],"curies":[{"name":"wp","href":"https:\/\/api.w.org\/{rel}","templated":true}]}}