{"id":197948,"date":"2025-12-09T04:07:44","date_gmt":"2025-12-09T04:07:44","guid":{"rendered":"https:\/\/www.otiumhome.fi\/?p=197948"},"modified":"2025-12-14T04:40:39","modified_gmt":"2025-12-14T04:40:39","slug":"konsolipoyta-hyllylla-vanha-puu-72-5-x-25-x-75-cm-tekninen-puu","status":"publish","type":"product","link":"https:\/\/www.otiumhome.fi\/index.php\/tuote\/konsolipoyta-hyllylla-vanha-puu-72-5-x-25-x-75-cm-tekninen-puu\/","title":{"rendered":"Konsolip\u00f6yt\u00e4 hyllyll\u00e4 Vanha puu 72.5 x 25 x 75 cm Tekninen puu"},"content":{"rendered":"<p>T\u00e4m\u00e4 teollinen konsolip\u00f6yt\u00e4 on hieno yhdistelm\u00e4 tyyli\u00e4 ja k\u00e4yt\u00e4nn\u00f6llisyytt\u00e4, ja se on t\u00e4ydellinen olohuoneeseen. Sen suorakaiteen muotoinen rakenne mahdollistaa sen istuvan kauniisti sein\u00e4\u00e4 vasten, tarjoten n\u00e4ytt\u00f6- ja s\u00e4ilytysmahdollisuuksia. Ihanteellinen teollista tyyli\u00e4 ja raakaa materiaalia arvostaville, t\u00e4m\u00e4 p\u00f6yt\u00e4 tuo teknisen puun ja ter\u00e4ksen yhteen kest\u00e4v\u00e4ksi ja j\u00e4m\u00e4k\u00e4ksi kokonaisuudeksi. Se sopii erinomaisesti urbaaniin el\u00e4m\u00e4\u00e4n tai loft-tyyliin ja tuo modernia vieh\u00e4tyst\u00e4, tehden siit\u00e4 monipuolisen huonekalun erilaisiin sisustustyyleihin.<\/p>\n<ul>\n<li><b>Materiaalit:<\/b> Konsolip\u00f6yt\u00e4 on valmistettu teknisest\u00e4 puusta ja ter\u00e4ksest\u00e4, mik\u00e4 tekee siit\u00e4 vahvan ja n\u00e4ytt\u00e4v\u00e4n. Tekninen puu tuo sile\u00e4n pinnan, kun taas ter\u00e4ksinen rakenne lis\u00e4\u00e4 kest\u00e4vyytt\u00e4 ja luotettavuutta, sopien moderniin sisustukseen.<\/li>\n<li><b>Oletuskomponentit:<\/b> Isot levyhyllyt teknisest\u00e4 puusta tarjoavat lis\u00e4tilaa. Mukana on my\u00f6s laatikot tarvikkeillesi. Ter\u00e4ksiset jalat parantavat sen teollista muotoilua ja tarjoavat tukevan perustan.<\/li>\n<li><b>Ominaisuudet \/toiminto \/muotoilu:<\/b> P\u00f6yt\u00e4 yhdist\u00e4\u00e4 esittelyn ja s\u00e4ilytyksen toiminnallisuuden ansiosta. Mustat s\u00e4\u00e4dett\u00e4v\u00e4t jalat pit\u00e4v\u00e4t sen vakaana my\u00f6s ep\u00e4tasaisilla pinnoilla. Teollinen muotoilu yhdess\u00e4 k\u00e4yt\u00e4nn\u00f6llisten ominaisuuksien kanssa parantaa sen toimivuutta eri tiloissa.<\/li>\n<li><b>Suositellut k\u00e4yt\u00f6t:<\/b> Monipuolinen luonne tekee t\u00e4st\u00e4 p\u00f6yd\u00e4st\u00e4 t\u00e4ydellisen olohuoneisiin, k\u00e4yt\u00e4ville tai eteisiin. Kapea muoto on loistava pienille alueille, tarjoten sek\u00e4 tyyli\u00e4 ett\u00e4 k\u00e4yt\u00e4nn\u00f6llisyytt\u00e4. K\u00e4yt\u00e4 sit\u00e4 n\u00e4ytt\u00e4v\u00e4n\u00e4 lis\u00e4n\u00e4 tai k\u00e4yt\u00e4nn\u00f6llisen\u00e4 pintana esineille.<\/li>\n<li><b>Huolto ja yll\u00e4pito:<\/b> Kokoamisessa kannattaa noudattaa ohjeita ja k\u00e4ytt\u00e4\u00e4 ruuvimeisseli\u00e4. Huolto on helppoa; kostea liina riitt\u00e4\u00e4 siivoamiseen, s\u00e4ilytt\u00e4en sen vieh\u00e4tyksen pitk\u00e4\u00e4n. V\u00e4lt\u00e4 voimakkaita kemikaaleja suojataksesi pinnan eheyden ja ulkon\u00e4\u00f6n.<\/li>\n<\/ul>\n<ul>\n<li>V\u00e4ri: Vanha puu<\/li>\n<li>Materiaali: Tekninen puu<\/li>\n<li>Yleiset mitat: 72,5 x 25 x 75 cm (P x L x K)<\/li>\n<li>Paino: 14,4 kg<\/li>\n<li>Kest\u00e4v\u00e4<\/li>\n<li>S\u00e4ilytystila<\/li>\n<li>2 laatikoilla<\/li>\n<li>Mukana levyhyllyt<\/li>\n<li>Kehysmateriaali: Ter\u00e4s<\/li>\n<li>Vain sis\u00e4k\u00e4ytt\u00f6\u00f6n<\/li>\n<li>Toimitus-:<\/li>\n<li>1 x konsolip\u00f6yt\u00e4<\/li>\n<li>Kokoonpano vaaditaan: Kyll\u00e4<\/li>\n<\/ul>\n","protected":false},"excerpt":{"rendered":"<ul>\n<li>V\u00e4ri: Vanha puu<\/li>\n<li>Materiaali: Tekninen puu<\/li>\n<li>Yleiset mitat: 72,5 x 25 x 75 cm (P x L x K)<\/li>\n<li>Paino: 14,4 kg<\/li>\n<li>Kest\u00e4v\u00e4<\/li>\n<li>S\u00e4ilytystila<\/li>\n<li>2 laatikoilla<\/li>\n<li>Mukana levyhyllyt<\/li>\n<li>Kehysmateriaali: Ter\u00e4s<\/li>\n<li>Vain sis\u00e4k\u00e4ytt\u00f6\u00f6n<\/li>\n<li>Toimitus-:<\/li>\n<li>1 x konsolip\u00f6yt\u00e4<\/li>\n<li>Kokoonpano vaaditaan: Kyll\u00e4<\/li>\n<\/ul>\n","protected":false},"featured_media":100000197948,"comment_status":"closed","ping_status":"closed","template":"","meta":[],"product_brand":[],"product_cat":[8534,84,8533],"product_tag":[],"class_list":{"0":"post-197948","1":"product","2":"type-product","3":"status-publish","4":"has-post-thumbnail","6":"product_cat-apupoydat","7":"product_cat-huonekalut","8":"product_cat-sivupoydat","10":"first","11":"instock","12":"taxable","13":"shipping-taxable","14":"purchasable","15":"product-type-simple"},"_links":{"self":[{"href":"https:\/\/www.otiumhome.fi\/index.php\/wp-json\/wp\/v2\/product\/197948","targetHints":{"allow":["GET"]}}],"collection":[{"href":"https:\/\/www.otiumhome.fi\/index.php\/wp-json\/wp\/v2\/product"}],"about":[{"href":"https:\/\/www.otiumhome.fi\/index.php\/wp-json\/wp\/v2\/types\/product"}],"replies":[{"embeddable":true,"href":"https:\/\/www.otiumhome.fi\/index.php\/wp-json\/wp\/v2\/comments?post=197948"}],"wp:featuredmedia":[{"embeddable":true,"href":"https:\/\/www.otiumhome.fi\/index.php\/wp-json\/"}],"wp:attachment":[{"href":"https:\/\/www.otiumhome.fi\/index.php\/wp-json\/wp\/v2\/media?parent=197948"}],"wp:term":[{"taxonomy":"product_brand","embeddable":true,"href":"https:\/\/www.otiumhome.fi\/index.php\/wp-json\/wp\/v2\/product_brand?post=197948"},{"taxonomy":"product_cat","embeddable":true,"href":"https:\/\/www.otiumhome.fi\/index.php\/wp-json\/wp\/v2\/product_cat?post=197948"},{"taxonomy":"product_tag","embeddable":true,"href":"https:\/\/www.otiumhome.fi\/index.php\/wp-json\/wp\/v2\/product_tag?post=197948"}],"curies":[{"name":"wp","href":"https:\/\/api.w.org\/{rel}","templated":true}]}}