{"id":197947,"date":"2025-12-09T04:05:46","date_gmt":"2025-12-09T04:05:46","guid":{"rendered":"https:\/\/www.otiumhome.fi\/?p=197947"},"modified":"2025-12-10T00:04:50","modified_gmt":"2025-12-10T00:04:50","slug":"sivupoyta-35x35x55-cm-kierratetty-tayspuu","status":"publish","type":"product","link":"https:\/\/www.otiumhome.fi\/index.php\/tuote\/sivupoyta-35x35x55-cm-kierratetty-tayspuu\/","title":{"rendered":"Sivup\u00f6yt\u00e4 35x35x55 cm kierr\u00e4tetty t\u00e4yspuu"},"content":{"rendered":"<p>T\u00e4ydest\u00e4 kierr\u00e4tetyst\u00e4 puusta valmistettu sivup\u00f6yt\u00e4 huokuu maalaistunnelmaa. Siit\u00e4 tulee erottuva lis\u00e4 kotisi sisustukseen.<\/p>\n<\/p>\n<ul>\n<li><strong>Ymp\u00e4rist\u00f6yst\u00e4v\u00e4llinen t\u00e4yspuu:<\/strong> P\u00e4\u00e4typ\u00f6yt\u00e4 on k\u00e4sin valmistettu t\u00e4ydest\u00e4 kierr\u00e4tyspuusta. Kierr\u00e4tetty t\u00e4yspuu sis\u00e4lt\u00e4\u00e4 sekoituksen eri puulajeja, kuten tiikki\u00e4, mangopuuta, m\u00e4nty\u00e4 ja py\u00f6kki\u00e4. N\u00e4m\u00e4 materiaalit on ker\u00e4tty vanhoista rakennuksista, tehtaista, vajoista ja veneist\u00e4. T\u00e4m\u00e4 tapa on erinomainen ymp\u00e4rist\u00f6yst\u00e4v\u00e4llinen vaihtoehto huonekalujen valmistamiseen.<\/li>\n<li><strong>Ainutlaatuiset v\u00e4rit: <\/strong> Koska jokainen kappale on k\u00e4sintehty, niin ainutlaatuiset v\u00e4rit vaihtelevat tuotteesta toiseen. Voit n\u00e4hd\u00e4 hieman sinist\u00e4, vihre\u00e4\u00e4 ja joskus oranssia punaista tai pinkki\u00e4. T\u00e4m\u00e4 tarkoittaa jokaisen tuotteen olevan ainutlaatuinen!<\/li>\n<li><strong>Katseet kiinnitt\u00e4v\u00e4 muotoilu: <\/strong> T\u00e4ytt\u00e4 puuta olevassa p\u00f6yd\u00e4ss\u00e4 on tukeva kierremuotoilu, jonka on tarkoitus olla huoneesi keskipiste.<\/li>\n<li><strong>Monipuolinen k\u00e4ytt\u00f6:<\/strong> Olohuoneen p\u00f6yt\u00e4\u00e4 voidaan k\u00e4ytt\u00e4\u00e4 jakkarana, puhelinp\u00f6yt\u00e4n\u00e4 ja y\u00f6p\u00f6yt\u00e4n\u00e4 jne.<\/li>\n<\/ul>\n<p><strong>Huomioi:<\/strong><\/p>\n<ul>\n<li>V\u00e4rit voivat vaihdella kappaleittain, mik\u00e4 tekee jokaisesta p\u00f6yd\u00e4st\u00e4 ainutlaatuisen; toimitus on satunnainen.<\/li>\n<\/ul>\n<ul>\n<li>Materiaali: t\u00e4ysi kierr\u00e4tetty puu eri v\u00e4rej\u00e4 sis\u00e4lt\u00e4v\u00e4ll\u00e4 viimeistelyll\u00e4<\/li>\n<li>Mitat: 35 x 35 x 55 cm (P x L x K)<\/li>\n<li>Kierremuotoilulla<\/li>\n<li>Kokoonpano vaaditaan: Ei<\/li>\n<\/ul>\n","protected":false},"excerpt":{"rendered":"<ul>\n<li>Materiaali: t\u00e4ysi kierr\u00e4tetty puu eri v\u00e4rej\u00e4 sis\u00e4lt\u00e4v\u00e4ll\u00e4 viimeistelyll\u00e4<\/li>\n<li>Mitat: 35 x 35 x 55 cm (P x L x K)<\/li>\n<li>Kierremuotoilulla<\/li>\n<li>Kokoonpano vaaditaan: Ei<\/li>\n<\/ul>\n","protected":false},"featured_media":100000197947,"comment_status":"closed","ping_status":"closed","template":"","meta":[],"product_brand":[],"product_cat":[8534,84,8533],"product_tag":[],"class_list":{"0":"post-197947","1":"product","2":"type-product","3":"status-publish","4":"has-post-thumbnail","6":"product_cat-apupoydat","7":"product_cat-huonekalut","8":"product_cat-sivupoydat","10":"first","11":"instock","12":"taxable","13":"shipping-taxable","14":"purchasable","15":"product-type-simple"},"_links":{"self":[{"href":"https:\/\/www.otiumhome.fi\/index.php\/wp-json\/wp\/v2\/product\/197947","targetHints":{"allow":["GET"]}}],"collection":[{"href":"https:\/\/www.otiumhome.fi\/index.php\/wp-json\/wp\/v2\/product"}],"about":[{"href":"https:\/\/www.otiumhome.fi\/index.php\/wp-json\/wp\/v2\/types\/product"}],"replies":[{"embeddable":true,"href":"https:\/\/www.otiumhome.fi\/index.php\/wp-json\/wp\/v2\/comments?post=197947"}],"wp:featuredmedia":[{"embeddable":true,"href":"https:\/\/www.otiumhome.fi\/index.php\/wp-json\/"}],"wp:attachment":[{"href":"https:\/\/www.otiumhome.fi\/index.php\/wp-json\/wp\/v2\/media?parent=197947"}],"wp:term":[{"taxonomy":"product_brand","embeddable":true,"href":"https:\/\/www.otiumhome.fi\/index.php\/wp-json\/wp\/v2\/product_brand?post=197947"},{"taxonomy":"product_cat","embeddable":true,"href":"https:\/\/www.otiumhome.fi\/index.php\/wp-json\/wp\/v2\/product_cat?post=197947"},{"taxonomy":"product_tag","embeddable":true,"href":"https:\/\/www.otiumhome.fi\/index.php\/wp-json\/wp\/v2\/product_tag?post=197947"}],"curies":[{"name":"wp","href":"https:\/\/api.w.org\/{rel}","templated":true}]}}