{"id":197944,"date":"2025-12-04T21:41:23","date_gmt":"2025-12-04T21:41:23","guid":{"rendered":"https:\/\/www.otiumhome.fi\/?p=197944"},"modified":"2025-12-14T18:00:39","modified_gmt":"2025-12-14T18:00:39","slug":"tv-teline-luonnollinen-110-x-35-x-40-cm-tiikkipuu","status":"publish","type":"product","link":"https:\/\/www.otiumhome.fi\/index.php\/tuote\/tv-teline-luonnollinen-110-x-35-x-40-cm-tiikkipuu\/","title":{"rendered":"TV-teline Luonnollinen 110 x 35 x 40 cm Tiikkipuu"},"content":{"rendered":"<p>T\u00e4m\u00e4 TV-teline t\u00e4ysist\u00e4 tiikkilankuista on enemm\u00e4n kuin pelkk\u00e4 huonekalu; se on tyylin ja k\u00e4yt\u00e4nn\u00f6llisyyden yhdistelm\u00e4, suunniteltu moderneihin olohuoneisiin. Sen suorakulmainen muoto antaa sille j\u00e4m\u00e4k\u00e4n ilmeen, jota korostaa kauniisti luonnollinen tiikkilankku, joka yhdist\u00e4\u00e4 vintage-inspiroituneen yksinkertaisuuden ja eleganssin. T\u00e4m\u00e4 on t\u00e4ydellinen tapa hy\u00f6dynt\u00e4\u00e4 lattiapinta-alaa tehokkaasti, ja sen kompakti muotoilu mahdollistaa k\u00e4tev\u00e4n s\u00e4ilytyksen ilman, ett\u00e4 se varjostaa huoneen ilmett\u00e4.<\/p>\n<ul>\n<li><b>T\u00e4ysi tiikkipuu:<\/b> Kest\u00e4vyys ja ajaton vieh\u00e4tys yhdistyv\u00e4t, kun t\u00e4m\u00e4 TV-teline on valmistettu korkealaatuisista tiikkilankuista. Tiikki tunnetaan kest\u00e4vyydest\u00e4\u00e4n ja kauniista pinnastaan, joten voit olla varma pitk\u00e4ik\u00e4isest\u00e4 huonekalusta, joka parantaa olohuoneen ilmett\u00e4.<\/li>\n<li><b>Runsas s\u00e4ilytystila:<\/b> Suunniteltu tarjoamaan toimivia s\u00e4ilytysratkaisuja, t\u00e4m\u00e4 teline on varustettu tilavilla laatikoilla, joihin meediaesineet mahtuvat vaivattomasti. Perinteinen vetojarruj\u00e4rjestelm\u00e4 tekee p\u00e4\u00e4syst\u00e4 helppoa, jolloin se on sek\u00e4 k\u00e4yt\u00e4nn\u00f6llinen ett\u00e4 tyylik\u00e4s lis\u00e4 mihin tahansa huoneeseen.<\/li>\n<li><b>Vintage-estetiikka:<\/b> Ainutlaatuisten kynnen muotoisten jalkojen sek\u00e4 sileiden pintojen ansiosta se huokuu vintage-vieh\u00e4tysvoimaa. T\u00e4m\u00e4 teline tuo esiin tiikkipuun luonnollisen kauneuden, mik\u00e4 tuo eleganttia ilmett\u00e4 mihin tahansa tilaan.<\/li>\n<li><b>Kompakti muotoilu:<\/b> Tilans\u00e4\u00e4st\u00f6 on olennaista, kun optimoidaan huoneen layoutia. Sen tehokas, tilaa s\u00e4\u00e4st\u00e4v\u00e4 muotoilu soveltuu erilaisiin huonekokoihin, mutta silti tarjoaa runsaasti tilaa sisustukselle tai viihdelaitteille.<\/li>\n<li><b>Helppohoito:<\/b> S\u00e4ilytt\u00e4\u00e4ksesi sen alkuper\u00e4isess\u00e4 kunnossa, huoltaminen on helppoa; v\u00e4lt\u00e4 vain hankaavia puhdistusaineita. T\u00e4m\u00e4 takaa, ett\u00e4 teline pysyy yht\u00e4 kauniina kuin alun perin, tarjoten luotettavan ja tyylikk\u00e4\u00e4n osan olohuoneeseesi.<\/li>\n<\/ul>\n<ul>\n<li>V\u00e4ri: Luonnollinen<\/li>\n<li>Materiaali: Tiikkipuu<\/li>\n<li>Yleiset mitat: 110 x 35 x 40 cm (P x L x K)<\/li>\n<li>2 laatikoilla<\/li>\n<li>Enimm\u00e4ispaino: 7 kg per laatikko<\/li>\n<li>Kokoonpano vaaditaan: Kyll\u00e4<\/li>\n<li>Toimitus-:<\/li>\n<li>1 x TV-teline<\/li>\n<\/ul>\n","protected":false},"excerpt":{"rendered":"<ul>\n<li>V\u00e4ri: Luonnollinen<\/li>\n<li>Materiaali: Tiikkipuu<\/li>\n<li>Yleiset mitat: 110 x 35 x 40 cm (P x L x K)<\/li>\n<li>2 laatikoilla<\/li>\n<li>Enimm\u00e4ispaino: 7 kg per laatikko<\/li>\n<li>Kokoonpano vaaditaan: Kyll\u00e4<\/li>\n<li>Toimitus-:<\/li>\n<li>1 x TV-teline<\/li>\n<\/ul>\n","protected":false},"featured_media":100000197944,"comment_status":"closed","ping_status":"closed","template":"","meta":[],"product_brand":[],"product_cat":[84],"product_tag":[],"class_list":{"0":"post-197944","1":"product","2":"type-product","3":"status-publish","4":"has-post-thumbnail","6":"product_cat-huonekalut","8":"first","9":"instock","10":"taxable","11":"shipping-taxable","12":"purchasable","13":"product-type-simple"},"_links":{"self":[{"href":"https:\/\/www.otiumhome.fi\/index.php\/wp-json\/wp\/v2\/product\/197944","targetHints":{"allow":["GET"]}}],"collection":[{"href":"https:\/\/www.otiumhome.fi\/index.php\/wp-json\/wp\/v2\/product"}],"about":[{"href":"https:\/\/www.otiumhome.fi\/index.php\/wp-json\/wp\/v2\/types\/product"}],"replies":[{"embeddable":true,"href":"https:\/\/www.otiumhome.fi\/index.php\/wp-json\/wp\/v2\/comments?post=197944"}],"wp:featuredmedia":[{"embeddable":true,"href":"https:\/\/www.otiumhome.fi\/index.php\/wp-json\/"}],"wp:attachment":[{"href":"https:\/\/www.otiumhome.fi\/index.php\/wp-json\/wp\/v2\/media?parent=197944"}],"wp:term":[{"taxonomy":"product_brand","embeddable":true,"href":"https:\/\/www.otiumhome.fi\/index.php\/wp-json\/wp\/v2\/product_brand?post=197944"},{"taxonomy":"product_cat","embeddable":true,"href":"https:\/\/www.otiumhome.fi\/index.php\/wp-json\/wp\/v2\/product_cat?post=197944"},{"taxonomy":"product_tag","embeddable":true,"href":"https:\/\/www.otiumhome.fi\/index.php\/wp-json\/wp\/v2\/product_tag?post=197944"}],"curies":[{"name":"wp","href":"https:\/\/api.w.org\/{rel}","templated":true}]}}