{"id":197943,"date":"2025-12-04T21:41:23","date_gmt":"2025-12-04T21:41:23","guid":{"rendered":"https:\/\/www.otiumhome.fi\/?p=197943"},"modified":"2025-12-14T18:00:38","modified_gmt":"2025-12-14T18:00:38","slug":"tv-teline-luonnollinen-110-x-30-x-40-cm-tiikkipuu","status":"publish","type":"product","link":"https:\/\/www.otiumhome.fi\/index.php\/tuote\/tv-teline-luonnollinen-110-x-30-x-40-cm-tiikkipuu\/","title":{"rendered":"TV-teline Luonnollinen 110 x 30 x 40 cm Tiikkipuu"},"content":{"rendered":"<p>T\u00e4m\u00e4 TV-taso on k\u00e4sintehty tukevasta tiikist\u00e4, ja se on enemm\u00e4n kuin huonekalu\u2014se on ajattoman tyylin ja k\u00e4yt\u00e4nn\u00f6llisyyden ydin. Suorakaiteen muotoinen muotoilu yhdistyy vaivattomasti eri sisustustyyleihin, tarjoten sek\u00e4 esteettist\u00e4 miellytt\u00e4vyytt\u00e4 ett\u00e4 hy\u00f6dyllisyytt\u00e4. Kuvittele, ett\u00e4 t\u00e4m\u00e4 tason keskipiste nostaa olohuoneesi tunnelmaa ja tarjoaa samalla runsaasti tilaa elektroniikoillesi, mediaesineillesi tai koriste-esineillesi.<\/p>\n<ul>\n<li><b>Materiaalit:<\/b> TV-taso on valmistettu kest\u00e4v\u00e4st\u00e4 tiikist\u00e4, joka tunnetaan kauniista syykuvioistaan. T\u00e4m\u00e4 laadukas puu ei ainoastaan kaunista tasoa, vaan takaa my\u00f6s sen pitk\u00e4ik\u00e4isyyden, lis\u00e4\u00e4m\u00e4ll\u00e4 eleganttia tunnelmaa kotiisi. Vesipohjainen tiikkiv\u00e4ri tuo puun kauneuden esiin, tehdens siit\u00e4 ainutlaatuinen.<\/li>\n<li><b>Osat:<\/b> Hylly ja laatikot on valmistettu tiikist\u00e4 ja niiss\u00e4 k\u00e4ytet\u00e4\u00e4n kest\u00e4vi\u00e4 ruuveja. Perinteisen kahvan ja kuppivedin suunnittelu on tehokas ja kaunis.<\/li>\n<li><b>Ominaisuudet:<\/b> Tasossa on runsaasti s\u00e4ilytystilaa ja kompakti koko, hy\u00f6dynt\u00e4en tilaa tehokkaasti. K\u00e4sity\u00f6n laatu tekee siit\u00e4 ainutlaatuisen, ja vintage-tyyli tuo nostalgista vieh\u00e4tyst\u00e4 moderneihin koteihin ymp\u00e4ri maailman.<\/li>\n<li><b>K\u00e4ytt\u00f6tavat:<\/b> T\u00e4m\u00e4 TV-taso on t\u00e4ydellinen olohuoneeseen, sill\u00e4 se pit\u00e4\u00e4 televisionsa ja median tarpeet k\u00e4den ulottuvilla. Se tukee perhe-elokuvailtoja tai rauhallisia viihdehetki\u00e4, t\u00e4ytt\u00e4en kaikki tarpeet ja tarjoten harmonisen katselukokemuksen.<\/li>\n<li><b>Huolto ja yll\u00e4pito:<\/b> Pid\u00e4 kiilt\u00e4v\u00e4 pinta puhtaana v\u00e4ltt\u00e4m\u00e4ll\u00e4 hankaavia puhdistusaineita. K\u00e4yt\u00e4 sen sijaan pehme\u00e4\u00e4, kuivaa liinaa. T\u00e4m\u00e4 takaa sen, ett\u00e4 se pysyy kauniina ja kest\u00e4v\u00e4 vuosien varrella.<\/li>\n<\/ul>\n<ul>\n<li>V\u00e4ri: Luonnollinen<\/li>\n<li>Materiaali: Tiikkipuu<\/li>\n<li>Yleiset mitat: 110 x 30 x 40 cm (P x L x K)<\/li>\n<li>6 laatikoilla<\/li>\n<li>1 hyllyll\u00e4<\/li>\n<li>Enimm\u00e4ispaino: 7 kg per laatikko<\/li>\n<li>Kokoonpano vaaditaan: Kyll\u00e4<\/li>\n<li>Toimitus-:<\/li>\n<li>1 x TV-teline<\/li>\n<\/ul>\n","protected":false},"excerpt":{"rendered":"<ul>\n<li>V\u00e4ri: Luonnollinen<\/li>\n<li>Materiaali: Tiikkipuu<\/li>\n<li>Yleiset mitat: 110 x 30 x 40 cm (P x L x K)<\/li>\n<li>6 laatikoilla<\/li>\n<li>1 hyllyll\u00e4<\/li>\n<li>Enimm\u00e4ispaino: 7 kg per laatikko<\/li>\n<li>Kokoonpano vaaditaan: Kyll\u00e4<\/li>\n<li>Toimitus-:<\/li>\n<li>1 x TV-teline<\/li>\n<\/ul>\n","protected":false},"featured_media":100000197943,"comment_status":"closed","ping_status":"closed","template":"","meta":[],"product_brand":[],"product_cat":[84],"product_tag":[],"class_list":{"0":"post-197943","1":"product","2":"type-product","3":"status-publish","4":"has-post-thumbnail","6":"product_cat-huonekalut","8":"first","9":"instock","10":"taxable","11":"shipping-taxable","12":"purchasable","13":"product-type-simple"},"_links":{"self":[{"href":"https:\/\/www.otiumhome.fi\/index.php\/wp-json\/wp\/v2\/product\/197943","targetHints":{"allow":["GET"]}}],"collection":[{"href":"https:\/\/www.otiumhome.fi\/index.php\/wp-json\/wp\/v2\/product"}],"about":[{"href":"https:\/\/www.otiumhome.fi\/index.php\/wp-json\/wp\/v2\/types\/product"}],"replies":[{"embeddable":true,"href":"https:\/\/www.otiumhome.fi\/index.php\/wp-json\/wp\/v2\/comments?post=197943"}],"wp:featuredmedia":[{"embeddable":true,"href":"https:\/\/www.otiumhome.fi\/index.php\/wp-json\/"}],"wp:attachment":[{"href":"https:\/\/www.otiumhome.fi\/index.php\/wp-json\/wp\/v2\/media?parent=197943"}],"wp:term":[{"taxonomy":"product_brand","embeddable":true,"href":"https:\/\/www.otiumhome.fi\/index.php\/wp-json\/wp\/v2\/product_brand?post=197943"},{"taxonomy":"product_cat","embeddable":true,"href":"https:\/\/www.otiumhome.fi\/index.php\/wp-json\/wp\/v2\/product_cat?post=197943"},{"taxonomy":"product_tag","embeddable":true,"href":"https:\/\/www.otiumhome.fi\/index.php\/wp-json\/wp\/v2\/product_tag?post=197943"}],"curies":[{"name":"wp","href":"https:\/\/api.w.org\/{rel}","templated":true}]}}