{"id":197937,"date":"2025-12-04T20:42:23","date_gmt":"2025-12-04T20:42:23","guid":{"rendered":"https:\/\/www.otiumhome.fi\/?p=197937"},"modified":"2025-12-05T04:34:08","modified_gmt":"2025-12-05T04:34:08","slug":"tv-taso-120x30x40-cm-valkoinen-taysi-mahonki","status":"publish","type":"product","link":"https:\/\/www.otiumhome.fi\/index.php\/tuote\/tv-taso-120x30x40-cm-valkoinen-taysi-mahonki\/","title":{"rendered":"TV-taso 120x30x40 cm valkoinen t\u00e4ysi mahonki"},"content":{"rendered":"<p>Lis\u00e4\u00e4 maalaismaista tunnelmaa kotisi sisustukseen puisella televisiokaapilla!<\/p>\n<\/p>\n<p>T\u00e4ydest\u00e4 mahongista valmistettu massiivipuinen TV-taso on eritt\u00e4in kest\u00e4v\u00e4 ja tukeva. Mahonki on trooppinen lehtipuu, joka tunnetaan kauneudestaan, kest\u00e4vyydest\u00e4\u00e4n ja v\u00e4rist\u00e4\u00e4n. T\u00e4m\u00e4n tuotteen vintage, l\u00e4mpim\u00e4n ja aidon tyylin saavuttamiseksi on k\u00e4ytetty erityist\u00e4 k\u00e4sity\u00f6taitoa.<\/p>\n<\/p>\n<p>K\u00e4sity\u00f6taito ja esteettisesti houkuttelevat puun kuviot tekev\u00e4t jokaisesta TV-tasostamme hieman erilaisen kuin muut. Isolla vetolaatikolla ja avoimella lokerolla varustettu persoonallinen stereoteline auttaa sinua pit\u00e4m\u00e4\u00e4n tavarasi j\u00e4rjestyksess\u00e4. Tuote on jo koottu, joten kokoamista ei tarvita.<\/p>\n<\/p>\n<p>T\u00e4rke\u00e4 huomio: V\u00e4rit vaihtelevat kappaleesta toiseen, mik\u00e4 tekee jokaisesta stereokaapista ainutlaatuisen. Toimitus on satunnainen, joten tuotteesi on t\u00e4ysin ainutlaatuinen.<\/p>\n<ul>\n<li>V\u00e4ri: valkoinen ja luonnollinen puun v\u00e4ri<\/li>\n<li>Materiaali: t\u00e4ysmahonki<\/li>\n<li>Mitat: 120 x 30 x 40 cm (L x S x K)<\/li>\n<li>1 vetolaatikko ja 1 avoin osio<\/li>\n<li>Valmiiksi koottu<\/li>\n<\/ul>\n","protected":false},"excerpt":{"rendered":"<ul>\n<li>V\u00e4ri: valkoinen ja luonnollinen puun v\u00e4ri<\/li>\n<li>Materiaali: t\u00e4ysmahonki<\/li>\n<li>Mitat: 120 x 30 x 40 cm (L x S x K)<\/li>\n<li>1 vetolaatikko ja 1 avoin osio<\/li>\n<li>Valmiiksi koottu<\/li>\n<\/ul>\n","protected":false},"featured_media":100000197937,"comment_status":"closed","ping_status":"closed","template":"","meta":[],"product_brand":[],"product_cat":[84],"product_tag":[],"class_list":{"0":"post-197937","1":"product","2":"type-product","3":"status-publish","4":"has-post-thumbnail","6":"product_cat-huonekalut","8":"first","9":"instock","10":"taxable","11":"shipping-taxable","12":"purchasable","13":"product-type-simple"},"_links":{"self":[{"href":"https:\/\/www.otiumhome.fi\/index.php\/wp-json\/wp\/v2\/product\/197937","targetHints":{"allow":["GET"]}}],"collection":[{"href":"https:\/\/www.otiumhome.fi\/index.php\/wp-json\/wp\/v2\/product"}],"about":[{"href":"https:\/\/www.otiumhome.fi\/index.php\/wp-json\/wp\/v2\/types\/product"}],"replies":[{"embeddable":true,"href":"https:\/\/www.otiumhome.fi\/index.php\/wp-json\/wp\/v2\/comments?post=197937"}],"wp:featuredmedia":[{"embeddable":true,"href":"https:\/\/www.otiumhome.fi\/index.php\/wp-json\/"}],"wp:attachment":[{"href":"https:\/\/www.otiumhome.fi\/index.php\/wp-json\/wp\/v2\/media?parent=197937"}],"wp:term":[{"taxonomy":"product_brand","embeddable":true,"href":"https:\/\/www.otiumhome.fi\/index.php\/wp-json\/wp\/v2\/product_brand?post=197937"},{"taxonomy":"product_cat","embeddable":true,"href":"https:\/\/www.otiumhome.fi\/index.php\/wp-json\/wp\/v2\/product_cat?post=197937"},{"taxonomy":"product_tag","embeddable":true,"href":"https:\/\/www.otiumhome.fi\/index.php\/wp-json\/wp\/v2\/product_tag?post=197937"}],"curies":[{"name":"wp","href":"https:\/\/api.w.org\/{rel}","templated":true}]}}